{"id":7179,"date":"2025-05-18T22:52:51","date_gmt":"2025-05-18T20:52:51","guid":{"rendered":"https:\/\/agrarpetrovic.rs\/proizvod\/flux-fludioksonil-225-g-l-1-l\/"},"modified":"2025-10-23T11:55:11","modified_gmt":"2025-10-23T09:55:11","slug":"flux-fludioksonil-225-g-l-1-l","status":"publish","type":"product","link":"https:\/\/agrarpetrovic.rs\/en\/proizvod\/flux-fludioksonil-225-g-l-1-l\/","title":{"rendered":"FLUX 1l &#8211; Fungicid"},"content":{"rendered":"<p><strong>Klasa<\/strong>: Fungicidi<\/p>\n<p><strong>Aktivne materije:<\/strong> koncentrovana suspenzija &#8211; SC<\/p>\n<p><strong>Proizvo\u0111a\u010d<\/strong>: GALENIKA-FITOFARMACIJA a.d.<\/p>\n<p><strong>Formulacija<\/strong>: koncentrovana suspenzija &#8211; SC<\/p>\n<p><strong>Delovanje<\/strong>: Fludioksonil je sinteti\u010dko jedinjenje iz grupe fenilpirola sa jakim fungicidnim efektom. To je nesistemi\u010dni fungicid \u0161irokog spektra delovanja sa dugom rezidualnom aktivno\u0161\u0107u. Na\u010din delovanja je inhibicija fosforelacije povezane sa transportom kao i spre\u010davanje sinteze glicerola. Nakon aplikacije \u010dvrsto se vezuje za vo\u0161tani sloj biljnog tkiva. Najbolji rezultati se posti\u017eu preventivnim kori\u0161\u0107enjem ili u ranim fazama infekcije. ima odli\u010dan toksikolo\u0161ki profil pa je klasifikovan kao &#8222;fungicid sa smanjenim toksikolo\u0161kim rizikom&#8220;. Pru\u017ea potpunu za\u0161titu plodova vo\u0107a protiv najva\u017enijih skladi\u0161nih oboljenja.<\/p>\n<p><strong>Karenca<\/strong>:<\/p>\n<ul>\n<li>3 dana &#8211; kru\u0161ka, vi\u0161nja, \u0161ljiva, dinja<\/li>\n<li>7 dana &#8211; jabuka, breskva, malina, jagoda, kupina, borovnica, kajsija<\/li>\n<li>21 dan &#8211; vinova loza<\/li>\n<\/ul>\n<p><strong>Koncentracija<\/strong>: 0,8-2 l\/ha<\/p>\n<p><strong>Primena<\/strong>: jabuka, kru\u0161ka, breskva, vi\u0161nja, \u0161ljiva, malina, dinja, jagoda, kupina, borovnica, kajsija, vinova loza<\/p>","protected":false},"excerpt":{"rendered":"<p>Nesistemi\u010dni i kontaktni folijarni fungicid za suzbijanje prouzrokova\u010da bolesti u vo\u0107arstvu i povrtarstvu.<\/p>","protected":false},"featured_media":7686,"template":"","meta":[],"product_brand":[414],"product_cat":[415],"product_tag":[430],"class_list":{"0":"post-7179","1":"product","2":"type-product","3":"status-publish","4":"has-post-thumbnail","6":"product_brand-galenika","7":"product_cat-fungicidi-2","8":"product_tag-fludioksonil","10":"first","11":"outofstock","12":"purchasable","13":"product-type-simple"},"_links":{"self":[{"href":"https:\/\/agrarpetrovic.rs\/en\/wp-json\/wp\/v2\/product\/7179","targetHints":{"allow":["GET"]}}],"collection":[{"href":"https:\/\/agrarpetrovic.rs\/en\/wp-json\/wp\/v2\/product"}],"about":[{"href":"https:\/\/agrarpetrovic.rs\/en\/wp-json\/wp\/v2\/types\/product"}],"wp:featuredmedia":[{"embeddable":true,"href":"https:\/\/agrarpetrovic.rs\/en\/wp-json\/wp\/v2\/media\/7686"}],"wp:attachment":[{"href":"https:\/\/agrarpetrovic.rs\/en\/wp-json\/wp\/v2\/media?parent=7179"}],"wp:term":[{"taxonomy":"product_brand","embeddable":true,"href":"https:\/\/agrarpetrovic.rs\/en\/wp-json\/wp\/v2\/product_brand?post=7179"},{"taxonomy":"product_cat","embeddable":true,"href":"https:\/\/agrarpetrovic.rs\/en\/wp-json\/wp\/v2\/product_cat?post=7179"},{"taxonomy":"product_tag","embeddable":true,"href":"https:\/\/agrarpetrovic.rs\/en\/wp-json\/wp\/v2\/product_tag?post=7179"}],"curies":[{"name":"wp","href":"https:\/\/api.w.org\/{rel}","templated":true}]}}