{"id":7181,"date":"2025-05-18T22:52:51","date_gmt":"2025-05-18T20:52:51","guid":{"rendered":"https:\/\/agrarpetrovic.rs\/proizvod\/fuzija-plus-propamokarb-hidrohlorid-fluazinam-470-100-g-l-1-l\/"},"modified":"2025-10-23T11:55:11","modified_gmt":"2025-10-23T09:55:11","slug":"fuzija-plus-propamokarb-hidrohlorid-fluazinam-470-100-g-l-1-l","status":"publish","type":"product","link":"https:\/\/agrarpetrovic.rs\/en\/proizvod\/fuzija-plus-propamokarb-hidrohlorid-fluazinam-470-100-g-l-1-l\/","title":{"rendered":"FUZIJA PLUS 1l &#8211; Fungicid"},"content":{"rendered":"<p><strong>Klasa<\/strong>: Fungicidi<\/p>\n<p><strong>Aktivne materije:<\/strong> Propamokarb hidrohlorid + fluazinam<\/p>\n<p><strong>Proizvo\u0111a\u010d<\/strong>:GALENIKA-FITOFARMACIJA a.d.<\/p>\n<p><strong>Formulacija<\/strong>: koncentrovana suspenzija &#8211; SC<\/p>\n<p><strong>Delovanje<\/strong>: Fuzija plus je fungicid u \u010dijem sastavu se nalaze dve aktivne supstance koje se me\u0111usobno dopunjuju. Propamokarb-hidrohlorid, sistemi\u010dni fungicid iz grupe karbamata i fluazinam, protektivni fungicid iz grupe prekida\u010da mitohondrijalne oksidativne fosforilacije. Propamokarb-hidrohlorid se usvaja korenom, stablom i listom, putem ksilema se transportuje u sve biljne delove, uklju\u010duju\u0107i i novi porast. Fluazinam, preventivni fungicid sa protektivnim delovanjem, inhibira nekoliko faza razvoja gljive, uklju\u010duju\u0107i i klijanje. Dvostrukim mehanizmom delovanja, Fuzija plus je visoko efikasan fungicid za suzbijanje prouzrokova\u010da bolesti u krompiru, poseduje &#8222;multi-site&#8220; na\u010din delovanja koji doprinosi spre\u010davanju pojave rezistentnosti patogena.<\/p>\n<p><strong>Karenca<\/strong>: 7 dana &#8211; krompir, paradajz<\/p>\n<p><strong>Koncentracija<\/strong>: 2 l\/ha<\/p>\n<p><strong>Primena<\/strong>: krompir, paradajz<\/p>","protected":false},"excerpt":{"rendered":"<p>Fungicid sa preventivnim i sistemi\u010dnim delovanjem, namenjen za suzbijanje crne pegavosti i plamenja\u010de krompira i plamenja\u010de paradajza.<\/p>","protected":false},"featured_media":7428,"template":"","meta":[],"product_brand":[414],"product_cat":[415],"product_tag":[431],"class_list":{"0":"post-7181","1":"product","2":"type-product","3":"status-publish","4":"has-post-thumbnail","6":"product_brand-galenika","7":"product_cat-fungicidi-2","8":"product_tag-propamokarb-hidrohlorid-fluazinam","10":"first","11":"outofstock","12":"product-type-simple"},"_links":{"self":[{"href":"https:\/\/agrarpetrovic.rs\/en\/wp-json\/wp\/v2\/product\/7181","targetHints":{"allow":["GET"]}}],"collection":[{"href":"https:\/\/agrarpetrovic.rs\/en\/wp-json\/wp\/v2\/product"}],"about":[{"href":"https:\/\/agrarpetrovic.rs\/en\/wp-json\/wp\/v2\/types\/product"}],"wp:featuredmedia":[{"embeddable":true,"href":"https:\/\/agrarpetrovic.rs\/en\/wp-json\/wp\/v2\/media\/7428"}],"wp:attachment":[{"href":"https:\/\/agrarpetrovic.rs\/en\/wp-json\/wp\/v2\/media?parent=7181"}],"wp:term":[{"taxonomy":"product_brand","embeddable":true,"href":"https:\/\/agrarpetrovic.rs\/en\/wp-json\/wp\/v2\/product_brand?post=7181"},{"taxonomy":"product_cat","embeddable":true,"href":"https:\/\/agrarpetrovic.rs\/en\/wp-json\/wp\/v2\/product_cat?post=7181"},{"taxonomy":"product_tag","embeddable":true,"href":"https:\/\/agrarpetrovic.rs\/en\/wp-json\/wp\/v2\/product_tag?post=7181"}],"curies":[{"name":"wp","href":"https:\/\/api.w.org\/{rel}","templated":true}]}}