{"id":7184,"date":"2025-05-18T22:52:51","date_gmt":"2025-05-18T20:52:51","guid":{"rendered":"https:\/\/agrarpetrovic.rs\/proizvod\/galileo-ditianon-700-g-kg-5-kg\/"},"modified":"2025-10-23T11:55:11","modified_gmt":"2025-10-23T09:55:11","slug":"galileo-ditianon-700-g-kg-5-kg","status":"publish","type":"product","link":"https:\/\/agrarpetrovic.rs\/en\/proizvod\/galileo-ditianon-700-g-kg-5-kg\/","title":{"rendered":"GALILEO 5 kg &#8211; Fungicid"},"content":{"rendered":"<p><strong>Klasa<\/strong>: Fungicidi<\/p>\n<p><strong>Aktivne materije:<\/strong> Ditianon<\/p>\n<p><strong>Proizvo\u0111a\u010d<\/strong>: GALENIKA-FITOFARMACIJA a.d.<\/p>\n<p><strong>Formulacija<\/strong>: vododisperzibilne granule &#8211; WG<\/p>\n<p><strong>Delovanje<\/strong>: Ditianon je kontaktni i preventivni fungicid iz grupe kvinina. Fungicid namenjen za suzbijanje mnogobrojnih gljivi\u010dnih prouzrokova\u010da biljnih bolesti u vo\u0107arskim zasadima. Odli\u010dno prijanja i vezuje se za povr\u0161inu biljnog tkiva, pa je spiranje minimalno. Sa svakom novom ki\u0161om se ponovo aktivira i delimi\u010dno redistribuira na novi prirast. Na\u010din delovanja ditianona je u vi\u0161estrukoj inhibiciji formiranja proteina. Ova inhibicija proteina kod gljiva spre\u010dava klijanje i formiranje klicine cevi. U zasadima jabuka u periodu primarnih infekcija \u010da\u0111ave pegavosti lista koristi se u intervalima od 7 dana ili pre padavina.<\/p>\n<p><strong>Karenca<\/strong>:<\/p>\n<ul>\n<li>35 dana &#8211; jabuka, vi\u0161nja, kajsija<\/li>\n<li>42 dana &#8211; kru\u0161ka<\/li>\n<li>obezbe\u0111ena vremenom primene &#8211; breskva<\/li>\n<\/ul>\n<p><strong>Koncentracija<\/strong>: 0,075%<br \/>\n0.5-0.75 kg\/ha<\/p>\n<p><strong>Primena<\/strong>: jabuka, breskva, kru\u0161ka, vi\u0161nja, kajsija<\/p>","protected":false},"excerpt":{"rendered":"<p>Folijarni fungicid sa protektivnim i delimi\u010dno kurativnim delovanjem za suzbijanje prouzrokova\u010da bolesti u vo\u0107arstvu.<\/p>","protected":false},"featured_media":7438,"template":"","meta":[],"product_brand":[414],"product_cat":[415],"product_tag":[432],"class_list":{"0":"post-7184","1":"product","2":"type-product","3":"status-publish","4":"has-post-thumbnail","6":"product_brand-galenika","7":"product_cat-fungicidi-2","8":"product_tag-ditianon","10":"first","11":"outofstock","12":"product-type-simple"},"_links":{"self":[{"href":"https:\/\/agrarpetrovic.rs\/en\/wp-json\/wp\/v2\/product\/7184","targetHints":{"allow":["GET"]}}],"collection":[{"href":"https:\/\/agrarpetrovic.rs\/en\/wp-json\/wp\/v2\/product"}],"about":[{"href":"https:\/\/agrarpetrovic.rs\/en\/wp-json\/wp\/v2\/types\/product"}],"wp:featuredmedia":[{"embeddable":true,"href":"https:\/\/agrarpetrovic.rs\/en\/wp-json\/wp\/v2\/media\/7438"}],"wp:attachment":[{"href":"https:\/\/agrarpetrovic.rs\/en\/wp-json\/wp\/v2\/media?parent=7184"}],"wp:term":[{"taxonomy":"product_brand","embeddable":true,"href":"https:\/\/agrarpetrovic.rs\/en\/wp-json\/wp\/v2\/product_brand?post=7184"},{"taxonomy":"product_cat","embeddable":true,"href":"https:\/\/agrarpetrovic.rs\/en\/wp-json\/wp\/v2\/product_cat?post=7184"},{"taxonomy":"product_tag","embeddable":true,"href":"https:\/\/agrarpetrovic.rs\/en\/wp-json\/wp\/v2\/product_tag?post=7184"}],"curies":[{"name":"wp","href":"https:\/\/api.w.org\/{rel}","templated":true}]}}