{"id":7185,"date":"2025-05-18T22:52:51","date_gmt":"2025-05-18T20:52:51","guid":{"rendered":"https:\/\/agrarpetrovic.rs\/proizvod\/galoksid-1-1\/"},"modified":"2025-10-23T11:55:11","modified_gmt":"2025-10-23T09:55:11","slug":"galoksid-1-1","status":"publish","type":"product","link":"https:\/\/agrarpetrovic.rs\/en\/proizvod\/galoksid-1-1\/","title":{"rendered":"Galoksid 1\/1 &#8211; Fungicid"},"content":{"rendered":"<p><strong>Klasa<\/strong>: Fungicidi<\/p>\n<p><strong>Aktivne materije:<\/strong> Bakar iz bakar-hidroksida<\/p>\n<p><strong>Proizvo\u0111a\u010d<\/strong>: GALENIKA-FITOFARMACIJA a.d.<\/p>\n<p><strong>Formulacija<\/strong>: kva\u0161ljivi pra\u0161ak &#8211; WP<\/p>\n<p><strong>Delovanje<\/strong>: Galoksid je fungicid koji najve\u0107u efikasnost posti\u017ee preventivnim delovanjem, spre\u010davaju\u0107i klijanje spora, pa samim tim i infekciju. Aktivni oblik bakra u preparatu Galoksid jeste bakarni jon Cu2+ (kupri oblik), \u0161to je i najefikasniji oblik bakra. Nakon tretmana, pod uticajem ugljen dioksida i drugih materija koje biljka produkuje, ovaj jon se osloba\u0111a i ispoljava izuzetno visoko fungicidno delovanje. Gljive usvajaju bakarni jon koji remeti njihov razvoj, tako \u0161to inhibira enzimske procese.<\/p>\n<p><strong>Karenca<\/strong>:<\/p>\n<ul>\n<li>21 dan &#8211; \u0161e\u0107erna repa, paprika<\/li>\n<li>obezbe\u0111ena vremenom primene &#8211; malina, kupina<\/li>\n<\/ul>\n<p><strong>Koncentracija<\/strong>: 1,4-2 kg\/ha<br \/>\n0.3-0.35%<\/p>\n<p><strong>Primena<\/strong>: \u0161e\u0107erna repa, paprika, malina, kupina<\/p>","protected":false},"excerpt":{"rendered":"<p>Nesistemi\u010dni preventivni fungicid i baktericid, namenjen za suzbijanje prouzrokova\u010da pegavosti lista \u0161e\u0107erne repe i paprike, i prouzrokova\u010da kestenjaste pegavosti izdanaka maline i kupine.<\/p>","protected":false},"featured_media":7685,"template":"","meta":[],"product_brand":[414],"product_cat":[415],"product_tag":[433],"class_list":{"0":"post-7185","1":"product","2":"type-product","3":"status-publish","4":"has-post-thumbnail","6":"product_brand-galenika","7":"product_cat-fungicidi-2","8":"product_tag-bakar-iz-bakar-hidroksida","10":"first","11":"outofstock","12":"purchasable","13":"product-type-simple"},"_links":{"self":[{"href":"https:\/\/agrarpetrovic.rs\/en\/wp-json\/wp\/v2\/product\/7185","targetHints":{"allow":["GET"]}}],"collection":[{"href":"https:\/\/agrarpetrovic.rs\/en\/wp-json\/wp\/v2\/product"}],"about":[{"href":"https:\/\/agrarpetrovic.rs\/en\/wp-json\/wp\/v2\/types\/product"}],"wp:featuredmedia":[{"embeddable":true,"href":"https:\/\/agrarpetrovic.rs\/en\/wp-json\/wp\/v2\/media\/7685"}],"wp:attachment":[{"href":"https:\/\/agrarpetrovic.rs\/en\/wp-json\/wp\/v2\/media?parent=7185"}],"wp:term":[{"taxonomy":"product_brand","embeddable":true,"href":"https:\/\/agrarpetrovic.rs\/en\/wp-json\/wp\/v2\/product_brand?post=7185"},{"taxonomy":"product_cat","embeddable":true,"href":"https:\/\/agrarpetrovic.rs\/en\/wp-json\/wp\/v2\/product_cat?post=7185"},{"taxonomy":"product_tag","embeddable":true,"href":"https:\/\/agrarpetrovic.rs\/en\/wp-json\/wp\/v2\/product_tag?post=7185"}],"curies":[{"name":"wp","href":"https:\/\/api.w.org\/{rel}","templated":true}]}}