{"id":7189,"date":"2025-05-18T22:52:51","date_gmt":"2025-05-18T20:52:51","guid":{"rendered":"https:\/\/agrarpetrovic.rs\/proizvod\/kardinal-fluazinam-500-g-l-200-ml\/"},"modified":"2025-10-23T11:55:11","modified_gmt":"2025-10-23T09:55:11","slug":"kardinal-fluazinam-500-g-l-200-ml","status":"publish","type":"product","link":"https:\/\/agrarpetrovic.rs\/en\/proizvod\/kardinal-fluazinam-500-g-l-200-ml\/","title":{"rendered":"KARDINAL 200l &#8211; Fungicid"},"content":{"rendered":"<p><strong>Klasa<\/strong>: Fungicidi<\/p>\n<p><strong>Aktivne materije:<\/strong> Fluazinam<\/p>\n<p><strong>Proizvo\u0111a\u010d<\/strong>: GALENIKA-FITOFARMACIJA a.d.<\/p>\n<p><strong>Formulacija<\/strong>: koncentrovana suspenzija &#8211; SC<\/p>\n<p><strong>Delovanje<\/strong>: Kardinal je fungicid \u0161irokog spektra delovanja, koji suzbija fitopatogene gljive na dva na\u010dina. Inhibira \u0107elijsko disanje i smanjuje joj energetski nivo \u0161to ima za rezultat spre\u010davanje klijanja spora. Ovakav &#8222;multi site&#8220; na\u010din delovanja izuzetno smanjuje mogu\u0107nost nastanka rezistentnosti. Posebnu pogodnost predstavlja njegova duga perzistentnost na tretiranim povr\u0161inama.<\/p>\n<p><strong>Karenca<\/strong>:<\/p>\n<ul>\n<li>7 dana &#8211; krompir<\/li>\n<li>21 dan &#8211; vinova loza<\/li>\n<li>28 dana-jabuka<\/li>\n<\/ul>\n<p><strong>Koncentracija<\/strong>: 0.3-1.5 l\/ha<\/p>\n<p><strong>Primena<\/strong>: krompir, vinova loza, jabuka<\/p>","protected":false},"excerpt":{"rendered":"<p>Preventivni fungicid sa protektivnim delovanjem za suzbijanje prouzrokova\u010da bolesti u vo\u0107arstvu, vinogradarstvu i ratarstvu<\/p>","protected":false},"featured_media":7436,"template":"","meta":[],"product_brand":[414],"product_cat":[415],"product_tag":[435],"class_list":{"0":"post-7189","1":"product","2":"type-product","3":"status-publish","4":"has-post-thumbnail","6":"product_brand-galenika","7":"product_cat-fungicidi-2","8":"product_tag-fluazinam","10":"first","11":"outofstock","12":"product-type-simple"},"_links":{"self":[{"href":"https:\/\/agrarpetrovic.rs\/en\/wp-json\/wp\/v2\/product\/7189","targetHints":{"allow":["GET"]}}],"collection":[{"href":"https:\/\/agrarpetrovic.rs\/en\/wp-json\/wp\/v2\/product"}],"about":[{"href":"https:\/\/agrarpetrovic.rs\/en\/wp-json\/wp\/v2\/types\/product"}],"wp:featuredmedia":[{"embeddable":true,"href":"https:\/\/agrarpetrovic.rs\/en\/wp-json\/wp\/v2\/media\/7436"}],"wp:attachment":[{"href":"https:\/\/agrarpetrovic.rs\/en\/wp-json\/wp\/v2\/media?parent=7189"}],"wp:term":[{"taxonomy":"product_brand","embeddable":true,"href":"https:\/\/agrarpetrovic.rs\/en\/wp-json\/wp\/v2\/product_brand?post=7189"},{"taxonomy":"product_cat","embeddable":true,"href":"https:\/\/agrarpetrovic.rs\/en\/wp-json\/wp\/v2\/product_cat?post=7189"},{"taxonomy":"product_tag","embeddable":true,"href":"https:\/\/agrarpetrovic.rs\/en\/wp-json\/wp\/v2\/product_tag?post=7189"}],"curies":[{"name":"wp","href":"https:\/\/api.w.org\/{rel}","templated":true}]}}