{"id":7191,"date":"2025-05-18T22:52:51","date_gmt":"2025-05-18T20:52:51","guid":{"rendered":"https:\/\/agrarpetrovic.rs\/proizvod\/legat-sp-fosetil-aluminijum-800-g-kg-30-g\/"},"modified":"2025-10-23T11:55:11","modified_gmt":"2025-10-23T09:55:11","slug":"legat-sp-fosetil-aluminijum-800-g-kg-30-g","status":"publish","type":"product","link":"https:\/\/agrarpetrovic.rs\/en\/proizvod\/legat-sp-fosetil-aluminijum-800-g-kg-30-g\/","title":{"rendered":"LEGAT SP 30 g &#8211; Fungicid"},"content":{"rendered":"<p><strong>Klasa<\/strong>: Fungicidi<\/p>\n<p><strong>Aktivne materije:<\/strong> Fosetil-aluminijum<\/p>\n<p><strong>Proizvo\u0111a\u010d<\/strong>: GALENIKA-FITOFARMACIJA a.d.<\/p>\n<p><strong>Formulacija<\/strong>: vodorastvorljivo pra\u0161ivo &#8211; WP<\/p>\n<p><strong>Delovanje<\/strong>: Legat SP je sistemi\u010dni fungicid sa protektivnim i kurativnim delovanjem. Inhibira klijanje spora, blokira razvoj micelije i sporulaciju. Pravi sistemi\u010dni fungicid sa translokacionom aktivno\u0161\u0107u putem ksilema i floema. Aktivna supstanca se brzo usvaja, a zatim prenosi po celoj biljci. Ispoljava dvojako delovanje &#8211; neposredno na fitopatogene gljive i istovremeno podsti\u010de i prirodni odbrambeni mehanizam biljaka. Najbolje efekte ispoljava pri uzastopnim primenama na 7-10 dana.<\/p>\n<p><strong>Karenca<\/strong>:<\/p>\n<ul>\n<li>4 dana &#8211; krastavac, bundeva, tikvica, dinja, lubenica<\/li>\n<li>14 dana &#8211; jagoda<\/li>\n<li>21 dan &#8211; stone sorte vinove loze<\/li>\n<li>30 dana &#8211; jabuka<\/li>\n<li>42 dana &#8211; vinske sorte gro\u017e\u0111a<\/li>\n<\/ul>\n<p><strong>Koncentracija<\/strong>: 0.25-0.37%<br \/>\n2-4.5 kg\/ha<\/p>\n<p><strong>Primena<\/strong>: krastavac, jabuka, bundeva, tikva, tikvica, dinja, lubenica, jagoda, vinova loza<\/p>","protected":false},"excerpt":{"rendered":"<p>Sistemi\u010dni protektivni i kurativni fungicid za suzbijanje prouzrokova\u010da bolesti u povrtarstvu, vo\u0107arstvu i vinogradarstvu<\/p>","protected":false},"featured_media":7500,"template":"","meta":[],"product_brand":[414],"product_cat":[415],"product_tag":[436],"class_list":{"0":"post-7191","1":"product","2":"type-product","3":"status-publish","4":"has-post-thumbnail","6":"product_brand-galenika","7":"product_cat-fungicidi-2","8":"product_tag-fosetil-aluminijum","10":"first","11":"outofstock","12":"purchasable","13":"product-type-simple"},"_links":{"self":[{"href":"https:\/\/agrarpetrovic.rs\/en\/wp-json\/wp\/v2\/product\/7191","targetHints":{"allow":["GET"]}}],"collection":[{"href":"https:\/\/agrarpetrovic.rs\/en\/wp-json\/wp\/v2\/product"}],"about":[{"href":"https:\/\/agrarpetrovic.rs\/en\/wp-json\/wp\/v2\/types\/product"}],"wp:featuredmedia":[{"embeddable":true,"href":"https:\/\/agrarpetrovic.rs\/en\/wp-json\/wp\/v2\/media\/7500"}],"wp:attachment":[{"href":"https:\/\/agrarpetrovic.rs\/en\/wp-json\/wp\/v2\/media?parent=7191"}],"wp:term":[{"taxonomy":"product_brand","embeddable":true,"href":"https:\/\/agrarpetrovic.rs\/en\/wp-json\/wp\/v2\/product_brand?post=7191"},{"taxonomy":"product_cat","embeddable":true,"href":"https:\/\/agrarpetrovic.rs\/en\/wp-json\/wp\/v2\/product_cat?post=7191"},{"taxonomy":"product_tag","embeddable":true,"href":"https:\/\/agrarpetrovic.rs\/en\/wp-json\/wp\/v2\/product_tag?post=7191"}],"curies":[{"name":"wp","href":"https:\/\/api.w.org\/{rel}","templated":true}]}}