{"id":7193,"date":"2025-05-18T22:52:53","date_gmt":"2025-05-18T20:52:53","guid":{"rendered":"https:\/\/agrarpetrovic.rs\/proizvod\/libreto-100-ml\/"},"modified":"2025-10-23T11:55:12","modified_gmt":"2025-10-23T09:55:12","slug":"libreto-100-ml","status":"publish","type":"product","link":"https:\/\/agrarpetrovic.rs\/en\/proizvod\/libreto-100-ml\/","title":{"rendered":"LIBRETO 100 ml &#8211; Fungicid"},"content":{"rendered":"<p><strong>Klasa<\/strong>: Fungicidi<\/p>\n<p><strong>Aktivne materije:<\/strong> Fenheksamid<\/p>\n<p><strong>Proizvo\u0111a\u010d<\/strong>: GALENIKA-FITOFARMACIJA a.d.<\/p>\n<p><strong>Formulacija<\/strong>: koncentrovana suspenzija &#8211; SC<\/p>\n<p><strong>Delovanje<\/strong>: Fekheksamid pripada grupi hidroksianilida (G3<br \/>\nFRAC) Inhibira 3-keto-reduktazu u procesu C4-demetilacije biosinteze sterola. Odlikuje ga protektivni na\u010din delovanja, odnosno ne translocira se u biljnom tkivu. Kod gljiva inhibira rast klicine cevi i micelije. Pripada grupi specifi\u010dnih botriticida, pa se mo\u017ee uspe\u0161no koristiti za suzbijanje gljiva iz familije Sclerotiniaceae.<\/p>\n<p><strong>Karenca<\/strong>:<\/p>\n<ul>\n<li>3 dana &#8211; malina, jagoda, kupina, borovnica<\/li>\n<li>7 dana &#8211; stone sorte vinove loze<\/li>\n<li>21 dan &#8211; vinske sorte vinove loze<\/li>\n<\/ul>\n<p><strong>Koncentracija<\/strong>: 1-1,5 l\/ha<\/p>\n<p><strong>Primena<\/strong>: malina, vinova loza, jagoda, kupina, borovnica<\/p>","protected":false},"excerpt":{"rendered":"<p>Nesistemi\u010dni fungicid sa protektivnim delovanjem, namenjen za suzbijanje prouzrokova\u010da sive trule\u017ei u vo\u0107arstvu i vinogradarstvu.<\/p>","protected":false},"featured_media":7465,"template":"","meta":[],"product_brand":[414],"product_cat":[415],"product_tag":[437],"class_list":{"0":"post-7193","1":"product","2":"type-product","3":"status-publish","4":"has-post-thumbnail","6":"product_brand-galenika","7":"product_cat-fungicidi-2","8":"product_tag-fenheksamid","10":"first","11":"outofstock","12":"purchasable","13":"product-type-simple"},"_links":{"self":[{"href":"https:\/\/agrarpetrovic.rs\/en\/wp-json\/wp\/v2\/product\/7193","targetHints":{"allow":["GET"]}}],"collection":[{"href":"https:\/\/agrarpetrovic.rs\/en\/wp-json\/wp\/v2\/product"}],"about":[{"href":"https:\/\/agrarpetrovic.rs\/en\/wp-json\/wp\/v2\/types\/product"}],"wp:featuredmedia":[{"embeddable":true,"href":"https:\/\/agrarpetrovic.rs\/en\/wp-json\/wp\/v2\/media\/7465"}],"wp:attachment":[{"href":"https:\/\/agrarpetrovic.rs\/en\/wp-json\/wp\/v2\/media?parent=7193"}],"wp:term":[{"taxonomy":"product_brand","embeddable":true,"href":"https:\/\/agrarpetrovic.rs\/en\/wp-json\/wp\/v2\/product_brand?post=7193"},{"taxonomy":"product_cat","embeddable":true,"href":"https:\/\/agrarpetrovic.rs\/en\/wp-json\/wp\/v2\/product_cat?post=7193"},{"taxonomy":"product_tag","embeddable":true,"href":"https:\/\/agrarpetrovic.rs\/en\/wp-json\/wp\/v2\/product_tag?post=7193"}],"curies":[{"name":"wp","href":"https:\/\/api.w.org\/{rel}","templated":true}]}}