{"id":7196,"date":"2025-05-18T22:52:53","date_gmt":"2025-05-18T20:52:53","guid":{"rendered":"https:\/\/agrarpetrovic.rs\/proizvod\/magnetic-propamokarb-hidrohloridflopikolid-62562-5-1-l\/"},"modified":"2025-10-23T11:55:12","modified_gmt":"2025-10-23T09:55:12","slug":"magnetic-propamokarb-hidrohloridflopikolid-62562-5-1-l","status":"publish","type":"product","link":"https:\/\/agrarpetrovic.rs\/en\/proizvod\/magnetic-propamokarb-hidrohloridflopikolid-62562-5-1-l\/","title":{"rendered":"MAGNETIC 1l &#8211; Fungicid"},"content":{"rendered":"<p><strong>Klasa<\/strong>: Fungicidi<\/p>\n<p><strong>Aktivne materije:<\/strong> Propamokarb hidrohlorid + fluopikolid<\/p>\n<p><strong>Proizvo\u0111a\u010d<\/strong>: GALENIKA-FITOFARMACIJA a.d.<\/p>\n<p><strong>Formulacija<\/strong>: koncentrovana suspenzija &#8211; SC<\/p>\n<p><strong>Delovanje<\/strong>: Propamokarb \u2013 hidrohlorid spada u grupu karbamata (FRAC: 28). Sistemi\u010dni fungicid sa preventivnim delovanjem. Veoma je efikasan u suzbijanju pseudogljiva iz klase Oomycetes. Izuzetno dobro suzbija prouzrokva\u010de plamenja\u010da. Apsorbuje se preko korena i li\u0161\u0107a. Uti\u010de na biosintezu fosfolipida i masnih kiselina u \u0107elijskim membranama, tako \u0161to blokira osnovne funkcije \u0107elijske membrane. Fluopikolid spada u grupu benzamida (FRAC: 43). Sistemi\u010dni fungicid sa protektivnim delovanjem i u izvesnoj meri i kurativnim delovanjem. Specifi\u010dan je peronosporicid koji pokazuje visoku biolo\u0161ku efikasnost u suzbijanju prouzrokova\u010da bolesti tipa plamenja\u010da. Mehanizam delovanja se ogleda u tome da deluje u deobi \u0107elija kod pseudogljiva iz klase Oomycetes. \u010cvrsto se vezuje za lisnu povr\u0161inu i ispoljava dobru otpornost na spiranje ki\u0161om. Deluje na sve stadijume razvi\u0107a pseudogljiva: inhibira sporulaciju, formiranje zoospora i cista, pokretljivost i otpu\u0161tanje zoospore, klijanje sporangija i rast i razvoj micelije.<\/p>\n<p><strong>Karenca<\/strong>:<\/p>\n<ul>\n<li>3 dana &#8211; krastavac, tikva, tikvica, bundeva, lubenica, dinja<\/li>\n<li>7 dana &#8211; paradajz, krompir, crni luk, plavi patlid\u017ean, praziluk, vla\u0161ac<\/li>\n<\/ul>\n<p><strong>Koncentracija<\/strong>: 1,2-1,6 l\/ha<\/p>\n<p><strong>Primena<\/strong>: krastavac, paradajz, krompir, crni luk, plavi patlid\u017ean, tikva, tikvica, bundeva, lubenica, dinja, praziluk, vla\u0161ac<\/p>","protected":false},"excerpt":{"rendered":"<p>Sistemi\u010dni fungicid sa protektivnim i kurativnim delovanjem, namenjen za suzbijanje prourokova\u010da plamenja\u010de u povrtarstvu.<\/p>","protected":false},"featured_media":7671,"template":"","meta":[],"product_brand":[414],"product_cat":[415],"product_tag":[439],"class_list":{"0":"post-7196","1":"product","2":"type-product","3":"status-publish","4":"has-post-thumbnail","6":"product_brand-galenika","7":"product_cat-fungicidi-2","8":"product_tag-propamokarb-hidrohlorid-fluopikolid","10":"first","11":"outofstock","12":"purchasable","13":"product-type-simple"},"_links":{"self":[{"href":"https:\/\/agrarpetrovic.rs\/en\/wp-json\/wp\/v2\/product\/7196","targetHints":{"allow":["GET"]}}],"collection":[{"href":"https:\/\/agrarpetrovic.rs\/en\/wp-json\/wp\/v2\/product"}],"about":[{"href":"https:\/\/agrarpetrovic.rs\/en\/wp-json\/wp\/v2\/types\/product"}],"wp:featuredmedia":[{"embeddable":true,"href":"https:\/\/agrarpetrovic.rs\/en\/wp-json\/wp\/v2\/media\/7671"}],"wp:attachment":[{"href":"https:\/\/agrarpetrovic.rs\/en\/wp-json\/wp\/v2\/media?parent=7196"}],"wp:term":[{"taxonomy":"product_brand","embeddable":true,"href":"https:\/\/agrarpetrovic.rs\/en\/wp-json\/wp\/v2\/product_brand?post=7196"},{"taxonomy":"product_cat","embeddable":true,"href":"https:\/\/agrarpetrovic.rs\/en\/wp-json\/wp\/v2\/product_cat?post=7196"},{"taxonomy":"product_tag","embeddable":true,"href":"https:\/\/agrarpetrovic.rs\/en\/wp-json\/wp\/v2\/product_tag?post=7196"}],"curies":[{"name":"wp","href":"https:\/\/api.w.org\/{rel}","templated":true}]}}