{"id":7198,"date":"2025-05-18T22:52:53","date_gmt":"2025-05-18T20:52:53","guid":{"rendered":"https:\/\/agrarpetrovic.rs\/proizvod\/metod-480-sc-kaptan-480-g-l-300-ml\/"},"modified":"2025-10-23T11:55:12","modified_gmt":"2025-10-23T09:55:12","slug":"metod-480-sc-kaptan-480-g-l-300-ml","status":"publish","type":"product","link":"https:\/\/agrarpetrovic.rs\/en\/proizvod\/metod-480-sc-kaptan-480-g-l-300-ml\/","title":{"rendered":"METOD 480 SC 300 ml &#8211; Fungicid"},"content":{"rendered":"<p><strong>Klasa<\/strong>: Fungicidi<\/p>\n<p><strong>Aktivne materije:<\/strong> Kaptan<\/p>\n<p><strong>Proizvo\u0111a\u010d<\/strong>: GALENIKA-FITOFARMACIJA a.d.<\/p>\n<p><strong>Formulacija<\/strong>: koncentrovana suspenzija &#8211; SC<\/p>\n<p><strong>Delovanje<\/strong>: Kaptan je fungicid \u0161irokog spektra delovanja i koristi se za suzbijanje prouzrokova\u010da gljivi\u010dnih bolesti na mnogim gajenim kulturama. Ova visoko reaktivna aktivna supstanca stupa u procese sa slobodnim amino i hidroksil grupama enzima \u0161to za posledicu ima inhibiciju disanja i drugih metaboli\u010dkih procesa. Ovim procesom se spre\u010dava klijanje spora i disanje. Svoje delovanje ispoljava na vi\u0161e mesta u \u0107eliji gljive i one ne mogu da razviju rezistentnost na ovaj preparat.<\/p>\n<p><strong>Karenca<\/strong>:<\/p>\n<ul>\n<li>7 dana &#8211; malina, kupina<\/li>\n<li>21 dan &#8211; jabu\u010dasto i ko\u0161ti\u010davo vo\u0107e, jagoda<\/li>\n<li>35 dana &#8211; vinova loza<\/li>\n<\/ul>\n<p><strong>Koncentracija<\/strong>: 2-3 l\/ha<\/p>\n<p><strong>Primena<\/strong>: malina, kupina, jabuka, kru\u0161ka, breskva, kajsija, \u0161ljiva, vi\u0161nja, tre\u0161nja, vinova loza, jagoda<\/p>","protected":false},"excerpt":{"rendered":"<p>Nesistemi\u010dni fungicid sa protektivnim delovanjem za suzbijanje prouzrokova\u010da bolesti u vo\u0107arstvu i vinogradarstvu.<\/p>","protected":false},"featured_media":7451,"template":"","meta":[],"product_brand":[414],"product_cat":[415],"product_tag":[440],"class_list":{"0":"post-7198","1":"product","2":"type-product","3":"status-publish","4":"has-post-thumbnail","6":"product_brand-galenika","7":"product_cat-fungicidi-2","8":"product_tag-kaptan","10":"first","11":"outofstock","12":"purchasable","13":"product-type-simple"},"_links":{"self":[{"href":"https:\/\/agrarpetrovic.rs\/en\/wp-json\/wp\/v2\/product\/7198","targetHints":{"allow":["GET"]}}],"collection":[{"href":"https:\/\/agrarpetrovic.rs\/en\/wp-json\/wp\/v2\/product"}],"about":[{"href":"https:\/\/agrarpetrovic.rs\/en\/wp-json\/wp\/v2\/types\/product"}],"wp:featuredmedia":[{"embeddable":true,"href":"https:\/\/agrarpetrovic.rs\/en\/wp-json\/wp\/v2\/media\/7451"}],"wp:attachment":[{"href":"https:\/\/agrarpetrovic.rs\/en\/wp-json\/wp\/v2\/media?parent=7198"}],"wp:term":[{"taxonomy":"product_brand","embeddable":true,"href":"https:\/\/agrarpetrovic.rs\/en\/wp-json\/wp\/v2\/product_brand?post=7198"},{"taxonomy":"product_cat","embeddable":true,"href":"https:\/\/agrarpetrovic.rs\/en\/wp-json\/wp\/v2\/product_cat?post=7198"},{"taxonomy":"product_tag","embeddable":true,"href":"https:\/\/agrarpetrovic.rs\/en\/wp-json\/wp\/v2\/product_tag?post=7198"}],"curies":[{"name":"wp","href":"https:\/\/api.w.org\/{rel}","templated":true}]}}