{"id":7199,"date":"2025-05-18T22:52:53","date_gmt":"2025-05-18T20:52:53","guid":{"rendered":"https:\/\/agrarpetrovic.rs\/proizvod\/neon-ciprodinil-300-g-l-50-ml\/"},"modified":"2025-10-23T11:55:15","modified_gmt":"2025-10-23T09:55:15","slug":"neon-ciprodinil-300-g-l-50-ml","status":"publish","type":"product","link":"https:\/\/agrarpetrovic.rs\/en\/proizvod\/neon-ciprodinil-300-g-l-50-ml\/","title":{"rendered":"NEON 50 ml &#8211; Fungicid"},"content":{"rendered":"<p><strong>Klasa<\/strong>: Fungicidi<\/p>\n<p><strong>Aktivne materije:<\/strong> Ciprodinil<\/p>\n<p><strong>Proizvo\u0111a\u010d<\/strong>: GALENIKA-FITOFARMACIJA a.d.<\/p>\n<p><strong>Formulacija<\/strong>: koncentrat za emulziju &#8211; EC<\/p>\n<p><strong>Delovanje<\/strong>: Neon je sistemi\u010dni fungicid iz grupe anilinopirimidina. Svoju sistemi\u010dnost ispoljava nakon usvajanja u biljna tkiva, kretanjem akropetalno sprovodnim sudovima ksilema. Na\u010din delovanja fungicida je inhibicija biosinteze aminokiseline metionin i lu\u010denje hidroliti\u010dkih enzima gljive. Na taj na\u010din se zaustavlja rast apresorije koja klija iz spore i njeno prodiranje u biljno tkivo i spre\u010dava nastanak infekcije u njenim po\u010detnim fazama.<\/p>\n<p><strong>Karenca<\/strong>:<\/p>\n<ul>\n<li>14 dana &#8211; vi\u0161nja, \u0161ljiva, breskva, kajsija<\/li>\n<li>28 dana &#8211; jabuka<\/li>\n<\/ul>\n<p><strong>Koncentracija<\/strong>: 0,5-0,7 l\/ha<\/p>\n<p><strong>Primena<\/strong>: jabuka, vi\u0161nja, \u0161ljiva, breskva, kajsija<\/p>","protected":false},"excerpt":{"rendered":"<p>Sistemi\u010dni fungicid sa protektivnim i kurativnim delovanjem za suzbijanje prouzrokova\u010da bolesti u vo\u0107arstvu<\/p>","protected":false},"featured_media":7447,"template":"","meta":[],"product_brand":[414],"product_cat":[415],"product_tag":[441],"class_list":{"0":"post-7199","1":"product","2":"type-product","3":"status-publish","4":"has-post-thumbnail","6":"product_brand-galenika","7":"product_cat-fungicidi-2","8":"product_tag-ciprodinil","10":"first","11":"outofstock","12":"purchasable","13":"product-type-simple"},"_links":{"self":[{"href":"https:\/\/agrarpetrovic.rs\/en\/wp-json\/wp\/v2\/product\/7199","targetHints":{"allow":["GET"]}}],"collection":[{"href":"https:\/\/agrarpetrovic.rs\/en\/wp-json\/wp\/v2\/product"}],"about":[{"href":"https:\/\/agrarpetrovic.rs\/en\/wp-json\/wp\/v2\/types\/product"}],"wp:featuredmedia":[{"embeddable":true,"href":"https:\/\/agrarpetrovic.rs\/en\/wp-json\/wp\/v2\/media\/7447"}],"wp:attachment":[{"href":"https:\/\/agrarpetrovic.rs\/en\/wp-json\/wp\/v2\/media?parent=7199"}],"wp:term":[{"taxonomy":"product_brand","embeddable":true,"href":"https:\/\/agrarpetrovic.rs\/en\/wp-json\/wp\/v2\/product_brand?post=7199"},{"taxonomy":"product_cat","embeddable":true,"href":"https:\/\/agrarpetrovic.rs\/en\/wp-json\/wp\/v2\/product_cat?post=7199"},{"taxonomy":"product_tag","embeddable":true,"href":"https:\/\/agrarpetrovic.rs\/en\/wp-json\/wp\/v2\/product_tag?post=7199"}],"curies":[{"name":"wp","href":"https:\/\/api.w.org\/{rel}","templated":true}]}}