{"id":7201,"date":"2025-05-18T22:52:53","date_gmt":"2025-05-18T20:52:53","guid":{"rendered":"https:\/\/agrarpetrovic.rs\/proizvod\/neon-ciprodinil-300-g-l-300-ml\/"},"modified":"2025-10-23T11:55:15","modified_gmt":"2025-10-23T09:55:15","slug":"neon-ciprodinil-300-g-l-300-ml","status":"publish","type":"product","link":"https:\/\/agrarpetrovic.rs\/en\/proizvod\/neon-ciprodinil-300-g-l-300-ml\/","title":{"rendered":"NEON 300 ml &#8211; Fungicid"},"content":{"rendered":"<p><strong>Klasa<\/strong>: Insekticidi<\/p>\n<p><strong>Aktivne materije:<\/strong> Ciprodinil<\/p>\n<p><strong>Proizvo\u0111a\u010d<\/strong>: GALENIKA-FITOFARMACIJA a.d.<\/p>\n<p><strong>Formulacija<\/strong>: koncentrat za emulziju &#8211; EC<\/p>\n<p><strong>Delovanje<\/strong>: Deltametrin je sinteti\u010dki insekticid iz grupe piretroida kojeg odlikuje veoma brz efekat delovanja na ciljane \u0161teto\u010dine. Nakon primene dolazi do paralize nervnog sistema insekata, kroz promene napona natrijumovih kanala nervih vlakana. Do uginu\u0107a insekata dolazi zbog nepovratnog o\u0161te\u0107enja nervog sistema. Polux deluje kontaktno i digestivno na sve pokretne stadijume insekata.<\/p>\n<p><strong>Karenca<\/strong>:<\/p>\n<ul>\n<li>3 dana &#8211; plavi patlid\u017ean, tikva, bundeva, tikvica, lubenica, jagoda, kajsija, paprika<\/li>\n<li>7 dana &#8211; jabuka, kru\u0161ka, krompir, paradajz, krastavac, praziluk, vla\u0161ac, mrkva, per\u0161un, celer, pa\u0161trnak, boranija, pasulj, bob, so\u010divo, gra\u0161ak, sto\u010dni gra\u0161ak, zelena salata, zelje, rukola, matovilac, kelj, karfiol, brokoli, rotkva, rotkvica<\/li>\n<li>14 dana &#8211; breskva, tre\u0161nja, vi\u0161nja, \u0161ljiva, kukuruz, hmelj<\/li>\n<li>21 dan &#8211; vinova loza<\/li>\n<li>28 dana &#8211; maslina, duvan<\/li>\n<li>30 dana &#8211; leska, cvekla<\/li>\n<li>35 dana &#8211; strna \u017eita<\/li>\n<li>42 dana &#8211; uljana repica<\/li>\n<li>\/ &#8211; \u0161umske sastojine<\/li>\n<\/ul>\n<p><strong>Koncentracija<\/strong>: 0,2-0,5 l\/ha<br \/>\n0.02-0.07%<\/p>\n<p><strong>Primena<\/strong>: jabuka, kru\u0161ka, breskva, kajsija, tre\u0161nja, vi\u0161nja, \u0161ljiva, jagoda, vinova loza, leska, krompir, paradajz, krastavac, plavi patlid\u017ean, paprika, tikva, bundeva, tikvica, lubenica, praziluk, vla\u0161ac, mrkva, per\u0161un, celer, pa\u0161trnak, boranija, pasulj, bob, so\u010divo, gra\u0161ak, sto\u010dni gra\u0161ak, zelena salata, zelje, rukola, matovilac, kelj, karfiol, brokoli, rotkva, rotkvica, cvekla, maslina, strna \u017eita, kukuruz, hmelj, duvan, uljana repica, \u0161umske sastojine<\/p>","protected":false},"excerpt":{"rendered":"<p>Sistemi\u010dni fungicid sa protektivnim i kurativnim delovanjem za suzbijanje prouzrokova\u010da bolesti u vo\u0107arstvu<\/p>","protected":false},"featured_media":7448,"template":"","meta":[],"product_brand":[414],"product_cat":[415],"product_tag":[441],"class_list":{"0":"post-7201","1":"product","2":"type-product","3":"status-publish","4":"has-post-thumbnail","6":"product_brand-galenika","7":"product_cat-fungicidi-2","8":"product_tag-ciprodinil","10":"first","11":"outofstock","12":"purchasable","13":"product-type-simple"},"_links":{"self":[{"href":"https:\/\/agrarpetrovic.rs\/en\/wp-json\/wp\/v2\/product\/7201","targetHints":{"allow":["GET"]}}],"collection":[{"href":"https:\/\/agrarpetrovic.rs\/en\/wp-json\/wp\/v2\/product"}],"about":[{"href":"https:\/\/agrarpetrovic.rs\/en\/wp-json\/wp\/v2\/types\/product"}],"wp:featuredmedia":[{"embeddable":true,"href":"https:\/\/agrarpetrovic.rs\/en\/wp-json\/wp\/v2\/media\/7448"}],"wp:attachment":[{"href":"https:\/\/agrarpetrovic.rs\/en\/wp-json\/wp\/v2\/media?parent=7201"}],"wp:term":[{"taxonomy":"product_brand","embeddable":true,"href":"https:\/\/agrarpetrovic.rs\/en\/wp-json\/wp\/v2\/product_brand?post=7201"},{"taxonomy":"product_cat","embeddable":true,"href":"https:\/\/agrarpetrovic.rs\/en\/wp-json\/wp\/v2\/product_cat?post=7201"},{"taxonomy":"product_tag","embeddable":true,"href":"https:\/\/agrarpetrovic.rs\/en\/wp-json\/wp\/v2\/product_tag?post=7201"}],"curies":[{"name":"wp","href":"https:\/\/api.w.org\/{rel}","templated":true}]}}