{"id":7202,"date":"2025-05-18T22:52:53","date_gmt":"2025-05-18T20:52:53","guid":{"rendered":"https:\/\/agrarpetrovic.rs\/proizvod\/pehar-pirimetanil-400-g-l-1-l\/"},"modified":"2025-10-23T11:55:15","modified_gmt":"2025-10-23T09:55:15","slug":"pehar-pirimetanil-400-g-l-1-l","status":"publish","type":"product","link":"https:\/\/agrarpetrovic.rs\/en\/proizvod\/pehar-pirimetanil-400-g-l-1-l\/","title":{"rendered":"PEHAR 1l &#8211; Fungicid"},"content":{"rendered":"<p><strong>Klasa<\/strong>: Fungicidi<\/p>\n<p><strong>Aktivne materije:<\/strong> Pirimetanil<\/p>\n<p><strong>Proizvo\u0111a\u010d<\/strong>: GALENIKA-FITOFARMACIJA a.d.<\/p>\n<p><strong>Formulacija<\/strong>: koncentrovana suspenzija &#8211; SC<\/p>\n<p><strong>Delovanje<\/strong>: Pirimetanil spada u grupu anilinopirimidina i odlikuje se sistemi\u010dnim delovanjem. Mehanizam delovanja je u inhibiciji sekrecije enzima patogena neophodnih za ostvarenje infekcije. Procesi koji se ometaju kod gljiva su sama penetracija apresorije u doma\u0107ina (inhibiranje sekrecije pektoliti\u010dkih enzima) i porast micelije na povr\u0161ini lista. Slabo isparava i slabo se spira sa li\u0161\u0107a nakon su\u0161enja depozita te ima dugu perzistentnost na biljnom tkivu.<\/p>\n<p><strong>Karenca<\/strong>:<\/p>\n<ul>\n<li>14 dana &#8211; malina, jagoda, paprika, paradajz, kupina, borovnica, plavi patlid\u017ean<\/li>\n<li>21 dan &#8211; breskva, kajsija, tre\u0161nja<\/li>\n<li>28 dana &#8211; jabuka, kru\u0161ka<\/li>\n<li>35 dana &#8211; vinova loza<\/li>\n<\/ul>\n<p><strong>Koncentracija<\/strong>: 1-2 l\/ha\u00a0 0.2%<\/p>\n<p><strong>Primena<\/strong>: jabuka, kru\u0161ka, vinova loza, malina, jagoda, breskva, tre\u0161nja, paprika, paradajz, kupina, borovnica, kajsija, plavi patlid\u017ean<\/p>","protected":false},"excerpt":{"rendered":"<p>Sistemi\u010dni fungicid sa protektivnim delovanjem za suzbijanje prouzrokova\u010da bolesti u vinogradarstvu, vo\u0107arstvu i povrtarstvu<\/p>","protected":false},"featured_media":7668,"template":"","meta":[],"product_brand":[414],"product_cat":[415],"product_tag":[442],"class_list":{"0":"post-7202","1":"product","2":"type-product","3":"status-publish","4":"has-post-thumbnail","6":"product_brand-galenika","7":"product_cat-fungicidi-2","8":"product_tag-pirimetanil","10":"first","11":"outofstock","12":"purchasable","13":"product-type-simple"},"_links":{"self":[{"href":"https:\/\/agrarpetrovic.rs\/en\/wp-json\/wp\/v2\/product\/7202","targetHints":{"allow":["GET"]}}],"collection":[{"href":"https:\/\/agrarpetrovic.rs\/en\/wp-json\/wp\/v2\/product"}],"about":[{"href":"https:\/\/agrarpetrovic.rs\/en\/wp-json\/wp\/v2\/types\/product"}],"wp:featuredmedia":[{"embeddable":true,"href":"https:\/\/agrarpetrovic.rs\/en\/wp-json\/wp\/v2\/media\/7668"}],"wp:attachment":[{"href":"https:\/\/agrarpetrovic.rs\/en\/wp-json\/wp\/v2\/media?parent=7202"}],"wp:term":[{"taxonomy":"product_brand","embeddable":true,"href":"https:\/\/agrarpetrovic.rs\/en\/wp-json\/wp\/v2\/product_brand?post=7202"},{"taxonomy":"product_cat","embeddable":true,"href":"https:\/\/agrarpetrovic.rs\/en\/wp-json\/wp\/v2\/product_cat?post=7202"},{"taxonomy":"product_tag","embeddable":true,"href":"https:\/\/agrarpetrovic.rs\/en\/wp-json\/wp\/v2\/product_tag?post=7202"}],"curies":[{"name":"wp","href":"https:\/\/api.w.org\/{rel}","templated":true}]}}