{"id":7206,"date":"2025-05-18T22:52:53","date_gmt":"2025-05-18T20:52:53","guid":{"rendered":"https:\/\/agrarpetrovic.rs\/proizvod\/plavo-ulje-mineralno-ulje-bakar-oksihlorid-700-100-g-l-200-ml\/"},"modified":"2025-10-23T11:55:15","modified_gmt":"2025-10-23T09:55:15","slug":"plavo-ulje-mineralno-ulje-bakar-oksihlorid-700-100-g-l-200-ml","status":"publish","type":"product","link":"https:\/\/agrarpetrovic.rs\/en\/proizvod\/plavo-ulje-mineralno-ulje-bakar-oksihlorid-700-100-g-l-200-ml\/","title":{"rendered":"PLAVO ULJE 200ml &#8211; Fungicid"},"content":{"rendered":"<p><strong>Klasa<\/strong>: Fungicidi<\/p>\n<p><strong>Aktivne materije:<\/strong> Bakar-oksihlorid + mineralno ulje<\/p>\n<p><strong>Proizvo\u0111a\u010d<\/strong>: GALENIKA-FITOFARMACIJA a.d.<\/p>\n<p><strong>Formulacija<\/strong>: uljna disperzija &#8211; OD<\/p>\n<p><strong>Delovanje<\/strong>: Plavo ulje je proizvod koji u svom sastavu sadr\u017ei dve aktivne supstance. Bakar-oksihlorid je preventivni fungicid i baktericid. Inhibira klijanje spora patogena. Gljive ne stvaraju rezistentnost na ovu materiju zbog njenog vi\u0161estrukog mehanizma delovanja. Mineralno ulje primenjeno u vreme kretanja vegetacije fizi\u010dki onemogu\u0107ava respiraciju svih stadijuma insekata i grinja. Tako\u0111e, obezbe\u0111uje bolju pokrovnost i prijanjanje i na taj na\u010din pobolj\u0161ava performanse tretiranja.<\/p>\n<p><strong>Karenca<\/strong>: Obezbe\u0111ena vremenom primene &#8211; jabuka, breskva, malina, kupina, \u0161ljiva<\/p>\n<p><strong>Koncentracija<\/strong>: 2-3%<\/p>\n<p><strong>Primena<\/strong>: jabuka, breskva, malina, kupina, \u0161ljiva<\/p>","protected":false},"excerpt":{"rendered":"<p>Kontaktni insekto-akaro-fungicid za suzbijanje insekata, grinja i prouzrokova\u010da bolesti u vo\u0107arstvu<\/p>","protected":false},"featured_media":7460,"template":"","meta":[],"product_brand":[414],"product_cat":[415],"product_tag":[443],"class_list":{"0":"post-7206","1":"product","2":"type-product","3":"status-publish","4":"has-post-thumbnail","6":"product_brand-galenika","7":"product_cat-fungicidi-2","8":"product_tag-bakar-oksihlorid-mineralno-ulje","10":"first","11":"outofstock","12":"purchasable","13":"product-type-simple"},"_links":{"self":[{"href":"https:\/\/agrarpetrovic.rs\/en\/wp-json\/wp\/v2\/product\/7206","targetHints":{"allow":["GET"]}}],"collection":[{"href":"https:\/\/agrarpetrovic.rs\/en\/wp-json\/wp\/v2\/product"}],"about":[{"href":"https:\/\/agrarpetrovic.rs\/en\/wp-json\/wp\/v2\/types\/product"}],"wp:featuredmedia":[{"embeddable":true,"href":"https:\/\/agrarpetrovic.rs\/en\/wp-json\/wp\/v2\/media\/7460"}],"wp:attachment":[{"href":"https:\/\/agrarpetrovic.rs\/en\/wp-json\/wp\/v2\/media?parent=7206"}],"wp:term":[{"taxonomy":"product_brand","embeddable":true,"href":"https:\/\/agrarpetrovic.rs\/en\/wp-json\/wp\/v2\/product_brand?post=7206"},{"taxonomy":"product_cat","embeddable":true,"href":"https:\/\/agrarpetrovic.rs\/en\/wp-json\/wp\/v2\/product_cat?post=7206"},{"taxonomy":"product_tag","embeddable":true,"href":"https:\/\/agrarpetrovic.rs\/en\/wp-json\/wp\/v2\/product_tag?post=7206"}],"curies":[{"name":"wp","href":"https:\/\/api.w.org\/{rel}","templated":true}]}}