{"id":7207,"date":"2025-05-18T22:52:53","date_gmt":"2025-05-18T20:52:53","guid":{"rendered":"https:\/\/agrarpetrovic.rs\/proizvod\/promesa-azoksistrobin-250-g-l-1-l\/"},"modified":"2025-10-23T11:55:16","modified_gmt":"2025-10-23T09:55:16","slug":"promesa-azoksistrobin-250-g-l-1-l","status":"publish","type":"product","link":"https:\/\/agrarpetrovic.rs\/en\/proizvod\/promesa-azoksistrobin-250-g-l-1-l\/","title":{"rendered":"PROMESA 1l &#8211; Fungicid"},"content":{"rendered":"<p><strong>Klasa<\/strong>: Fungicidi<\/p>\n<p><strong>Aktivne materije:<\/strong> Azoksistrobin<\/p>\n<p><strong>Proizvo\u0111a\u010d<\/strong>: GALENIKA-FITOFARMACIJA a.d.<\/p>\n<p><strong>Formulacija<\/strong>: koncentrovana suspenzija &#8211; SC<\/p>\n<p><strong>Delovanje<\/strong>: Azoksistrobin je fungicid \u0161irokog spektra delovanja iz grupe strobilurina. Ima protektivno i kurativno delovanje, koje se ispoljava u spre\u010davanju klijanja spora, rastu micelije i sporulaciji, \u0161to se posti\u017ee inhibicijom transporta elektrona u respiratornom lancu. Nakon primene obezbe\u0111uje kontaktno i sistemi\u010dno delovanje transportovanjem sprovodnim sistemom ksilemom i dugotrajno delovanje na prouzrokova\u010de bolesti.<\/p>\n<p><strong>Karenca<\/strong>:<\/p>\n<ul>\n<li>3 dana &#8211; paradajz, plavi patlid\u017ean, paprika<\/li>\n<li>4 dana &#8211; krastavac, bundeva, tikva, tikvica, dinja, lubenica<\/li>\n<li>7 dana &#8211; zelena salata, mrkva<\/li>\n<li>10 dana &#8211; malina, jagoda, kupina, borovnica, ribizla<\/li>\n<li>14 dana &#8211; krompir, gra\u0161ak<\/li>\n<li>21 dan &#8211; vinova loza<\/li>\n<li>35 dana &#8211; p\u0161enica<\/li>\n<\/ul>\n<p><strong>Koncentracija<\/strong>: 0,075%\u00a0 0.75-1 l\/ha<\/p>\n<p><strong>Primena<\/strong>: paradajz, plavi patlid\u017ean, paprika, krastavac, bundeva, tikva, tikvica, dinja, lubenica, zelena salata, mrkva, malina, jagoda, kupina, borovnica, ribizla, krompir, gra\u0161ak, vinova loza, p\u0161enica<\/p>","protected":false},"excerpt":{"rendered":"<p>Sistemi\u010dni fungicid sa protektivnim i kurativnim delovanjem za suzbijanje prouzrokova\u010da bolesti u vo\u0107arstvu, vinogradarstvu, povrtarstvu i ratarstvu<\/p>","protected":false},"featured_media":7670,"template":"","meta":[],"product_brand":[414],"product_cat":[415],"product_tag":[444],"class_list":{"0":"post-7207","1":"product","2":"type-product","3":"status-publish","4":"has-post-thumbnail","6":"product_brand-galenika","7":"product_cat-fungicidi-2","8":"product_tag-azoksistrobin","10":"first","11":"outofstock","12":"purchasable","13":"product-type-simple"},"_links":{"self":[{"href":"https:\/\/agrarpetrovic.rs\/en\/wp-json\/wp\/v2\/product\/7207","targetHints":{"allow":["GET"]}}],"collection":[{"href":"https:\/\/agrarpetrovic.rs\/en\/wp-json\/wp\/v2\/product"}],"about":[{"href":"https:\/\/agrarpetrovic.rs\/en\/wp-json\/wp\/v2\/types\/product"}],"wp:featuredmedia":[{"embeddable":true,"href":"https:\/\/agrarpetrovic.rs\/en\/wp-json\/wp\/v2\/media\/7670"}],"wp:attachment":[{"href":"https:\/\/agrarpetrovic.rs\/en\/wp-json\/wp\/v2\/media?parent=7207"}],"wp:term":[{"taxonomy":"product_brand","embeddable":true,"href":"https:\/\/agrarpetrovic.rs\/en\/wp-json\/wp\/v2\/product_brand?post=7207"},{"taxonomy":"product_cat","embeddable":true,"href":"https:\/\/agrarpetrovic.rs\/en\/wp-json\/wp\/v2\/product_cat?post=7207"},{"taxonomy":"product_tag","embeddable":true,"href":"https:\/\/agrarpetrovic.rs\/en\/wp-json\/wp\/v2\/product_tag?post=7207"}],"curies":[{"name":"wp","href":"https:\/\/api.w.org\/{rel}","templated":true}]}}