{"id":7210,"date":"2025-05-18T22:52:53","date_gmt":"2025-05-18T20:52:53","guid":{"rendered":"https:\/\/agrarpetrovic.rs\/proizvod\/pylon-1-1\/"},"modified":"2025-10-23T11:55:16","modified_gmt":"2025-10-23T09:55:16","slug":"pylon-1-1","status":"publish","type":"product","link":"https:\/\/agrarpetrovic.rs\/en\/proizvod\/pylon-1-1\/","title":{"rendered":"PYLON 1\/1 &#8211; Fungicid"},"content":{"rendered":"<p><strong>Klasa<\/strong>: Fungicidi<\/p>\n<p><strong>Aktivne materije:<\/strong> Protiokonazol<\/p>\n<p><strong>Proizvo\u0111a\u010d<\/strong>: GALENIKA-FITOFARMACIJA a.d.<\/p>\n<p><strong>Formulacija<\/strong>: koncentrat za emulziju &#8211; EC<\/p>\n<p><strong>Delovanje<\/strong>: Protiokonazol je aktivna supstanca iz grupe triazolintiona, a prema FRAC kodu pripada grupi inhibitora sinteze erosterola u biljnim \u0107elijama (G1), gde usled spre\u010davanja demetilacije u C-14 dolazi do kolapsa \u0107elijskog zida i letalnosti patogena. Aktivna sepstanca se odlikuje sistemi\u010dno\u0161\u0107u i ispoljava protektivno, kurativno i eradikativno delovanje. Tretirane biljke usvajaju Pylon li\u0161\u0107em i korenom, a u biljkama se kre\u0107e akropetalno. Ne postoji rizik od spiranaj ki\u0161om, jer se preparat brzo apsorbuje vegetativnim delovima biljke.<\/p>\n<p><strong>Karenca<\/strong>: 35 dana &#8211; p\u0161enica, je\u010dem, \u0161e\u0107erna repa<\/p>\n<p><strong>Koncentracija<\/strong>: 0,4-0,8 l\/ha<\/p>\n<p><strong>Primena<\/strong>: p\u0161enica, je\u010dam, \u0161e\u0107erna repa<\/p>","protected":false},"excerpt":{"rendered":"<p>Sistemi\u010dni fungicid sa protektivnim, kurativnim i eradikativnim delovanjem, namenjen za suzbijanje patogena u usevima p\u0161enice, je\u010dma i \u0161e\u0107erne repe<\/p>","protected":false},"featured_media":7459,"template":"","meta":[],"product_brand":[414],"product_cat":[415],"product_tag":[445],"class_list":{"0":"post-7210","1":"product","2":"type-product","3":"status-publish","4":"has-post-thumbnail","6":"product_brand-galenika","7":"product_cat-fungicidi-2","8":"product_tag-protiokonazol","10":"first","11":"outofstock","12":"purchasable","13":"product-type-simple"},"_links":{"self":[{"href":"https:\/\/agrarpetrovic.rs\/en\/wp-json\/wp\/v2\/product\/7210","targetHints":{"allow":["GET"]}}],"collection":[{"href":"https:\/\/agrarpetrovic.rs\/en\/wp-json\/wp\/v2\/product"}],"about":[{"href":"https:\/\/agrarpetrovic.rs\/en\/wp-json\/wp\/v2\/types\/product"}],"wp:featuredmedia":[{"embeddable":true,"href":"https:\/\/agrarpetrovic.rs\/en\/wp-json\/wp\/v2\/media\/7459"}],"wp:attachment":[{"href":"https:\/\/agrarpetrovic.rs\/en\/wp-json\/wp\/v2\/media?parent=7210"}],"wp:term":[{"taxonomy":"product_brand","embeddable":true,"href":"https:\/\/agrarpetrovic.rs\/en\/wp-json\/wp\/v2\/product_brand?post=7210"},{"taxonomy":"product_cat","embeddable":true,"href":"https:\/\/agrarpetrovic.rs\/en\/wp-json\/wp\/v2\/product_cat?post=7210"},{"taxonomy":"product_tag","embeddable":true,"href":"https:\/\/agrarpetrovic.rs\/en\/wp-json\/wp\/v2\/product_tag?post=7210"}],"curies":[{"name":"wp","href":"https:\/\/api.w.org\/{rel}","templated":true}]}}