{"id":7211,"date":"2025-05-18T22:52:53","date_gmt":"2025-05-18T20:52:53","guid":{"rendered":"https:\/\/agrarpetrovic.rs\/proizvod\/pylon-plus-protikonazolazoksistrobintrifloksistrobin-14311-9111-2-g-l-1-l\/"},"modified":"2025-10-23T11:55:16","modified_gmt":"2025-10-23T09:55:16","slug":"pylon-plus-protikonazolazoksistrobintrifloksistrobin-14311-9111-2-g-l-1-l","status":"publish","type":"product","link":"https:\/\/agrarpetrovic.rs\/en\/proizvod\/pylon-plus-protikonazolazoksistrobintrifloksistrobin-14311-9111-2-g-l-1-l\/","title":{"rendered":"PYLON PLUS 1l &#8211; Fungicid"},"content":{"rendered":"<p><strong>Klasa<\/strong>: Fungicidi<\/p>\n<p><strong>Aktivne materije:<\/strong> Protiokonazol + azoksistrobin + trifloksistrobin<\/p>\n<p><strong>Proizvo\u0111a\u010d<\/strong>: GALENIKA-FITOFARMACIJA a.d.<\/p>\n<p><strong>Formulacija<\/strong>: koncentrovana suspenzija &#8211; SC<\/p>\n<p><strong>Delovanje<\/strong>: Protiokonazol je aktivna supstanca iz hemijske grupe triazolintiona, a prema FRAC kodu svrstana je u grupu inhibitora sinteze ergosterola u biljnim \u0107elijama (G1), gde usled spre\u010davanja demetilacije u C-14 dolazi do kolapsa \u0107eijskog zida i letalnosti patogena. Aktivna supstanca se odlikuje sistemi\u010dno\u0161\u0107u, ispoljava protektivno, kurativno i eradikativno delovanje. Biljke ga usvajaju li\u0161\u0107em i korenom, a u biljkama se kre\u0107e akropetalno. Ne postoji rizik od spiranja ki\u0161om jer se preparat brzo apsorbuje vegetativnim delovima biljke. Azoksistrobin je aktivna supstanca \u0161irokog spectra delovanja iz grupe strobilurina, podgrupe metoksi-akrilata (FRAC: C3). Ima protektivno i kurativno delovanje, koje se ispoljava u spre\u010davanju klijanja spora, rastu micelije i sporulaciji, \u0161to se posti\u017ee inhibicijom transporta elektrona u respiratornom lancu. Nakon primene obezbe\u0111uje kontaktno i sistemi\u010dno delovanje transportovanjem sprovodnim sistemom ksilemom i dugotrajno delovanje na prouzrokova\u010de bolesti. Trifloskistrobin je aktivna supstanca koja ima \u0161irok spektar delovanja i pripada grupi stobilurina, podgrupi oksimino-acetata (FRAC: C3). Translaminarni je sistemik, koji deluje protektivno i eradikativno. Inhibira klijanje spora i porast micelije, a ispoljava i antisporulativno delovanje. Redistribuira se na pov\u0161ini biljnih organa u gasnoj fazi. Izuzetno je otporan na spiranje ki\u0161om.<\/p>\n<p><strong>Karenca<\/strong>: 35 dana &#8211; p\u0161enica<\/p>\n<p><strong>Koncentracija<\/strong>: 0,5-0,7 l\/ha<\/p>\n<p><strong>Primena<\/strong>: p\u0161enica<\/p>","protected":false},"excerpt":{"rendered":"<p>Sistemi\u010dni fungicid sa protektivnim i kurativnim delovanjem namenjen za suzbijanje patogena u ratarstvu<\/p>","protected":false},"featured_media":7676,"template":"","meta":[],"product_brand":[414],"product_cat":[415],"product_tag":[446],"class_list":{"0":"post-7211","1":"product","2":"type-product","3":"status-publish","4":"has-post-thumbnail","6":"product_brand-galenika","7":"product_cat-fungicidi-2","8":"product_tag-protiokonazol-azoksistrobin-trifloksistrobin","10":"first","11":"outofstock","12":"purchasable","13":"product-type-simple"},"_links":{"self":[{"href":"https:\/\/agrarpetrovic.rs\/en\/wp-json\/wp\/v2\/product\/7211","targetHints":{"allow":["GET"]}}],"collection":[{"href":"https:\/\/agrarpetrovic.rs\/en\/wp-json\/wp\/v2\/product"}],"about":[{"href":"https:\/\/agrarpetrovic.rs\/en\/wp-json\/wp\/v2\/types\/product"}],"wp:featuredmedia":[{"embeddable":true,"href":"https:\/\/agrarpetrovic.rs\/en\/wp-json\/wp\/v2\/media\/7676"}],"wp:attachment":[{"href":"https:\/\/agrarpetrovic.rs\/en\/wp-json\/wp\/v2\/media?parent=7211"}],"wp:term":[{"taxonomy":"product_brand","embeddable":true,"href":"https:\/\/agrarpetrovic.rs\/en\/wp-json\/wp\/v2\/product_brand?post=7211"},{"taxonomy":"product_cat","embeddable":true,"href":"https:\/\/agrarpetrovic.rs\/en\/wp-json\/wp\/v2\/product_cat?post=7211"},{"taxonomy":"product_tag","embeddable":true,"href":"https:\/\/agrarpetrovic.rs\/en\/wp-json\/wp\/v2\/product_tag?post=7211"}],"curies":[{"name":"wp","href":"https:\/\/api.w.org\/{rel}","templated":true}]}}