{"id":7212,"date":"2025-05-18T22:52:53","date_gmt":"2025-05-18T20:52:53","guid":{"rendered":"https:\/\/agrarpetrovic.rs\/proizvod\/sekvenca-difenokonazol-250-g-l-1-l\/"},"modified":"2025-10-23T11:55:16","modified_gmt":"2025-10-23T09:55:16","slug":"sekvenca-difenokonazol-250-g-l-1-l","status":"publish","type":"product","link":"https:\/\/agrarpetrovic.rs\/en\/proizvod\/sekvenca-difenokonazol-250-g-l-1-l\/","title":{"rendered":"SEKVENCA 1l &#8211; Fungicid"},"content":{"rendered":"<p><strong>Klasa<\/strong>: Fungicidi<\/p>\n<p><strong>Aktivne materije:<\/strong> Difenokonazol<\/p>\n<p><strong>Proizvo\u0111a\u010d<\/strong>: GALENIKA-FITOFARMACIJA a.d.<\/p>\n<p><strong>Formulacija<\/strong>: koncentrat za emulziju &#8211; EC<\/p>\n<p><strong>Delovanje<\/strong>: Mehanizam delovanja Sekvence je u inhibiciji enzima koji imaju ulogu u sintezi ergosterola, \u0161to dovodi do nekontrolisanog rasta gljiva i njihovog uginu\u0107a. Primenjuje se preventivno i u ranim postinfekcionim tretmanima, nakon klijanja gljive na biljnoj povr\u0161ini kada zaustavlja infekciju. Preporu\u010duje se preventivna primena ili na samom po\u010detku infekcionog procesa.<\/p>\n<p><strong>Karenca<\/strong>: 7 dana &#8211; paradajz, plavi patlid\u017ean, paprika<br \/>\n14 dana &#8211; krompir, \u0161e\u0107erna repa, per\u0161un, mrkva, celer, pa\u0161trnak, dunja, malina, kupina<br \/>\n21 dan &#8211; vinova loza<br \/>\n28 dana &#8211; jabuka, kru\u0161ka, cvekla<br \/>\nobezbe\u0111ena vremenom primene &#8211; vi\u0161nja, \u0161ljiva, kajsija, borovnica<\/p>\n<p><strong>Koncentracija<\/strong>: 0,012-0,03 % 0,13-0,6 l\/ha<\/p>\n<p><strong>Primena<\/strong>: jabuka, kru\u0161ka, dunja, vi\u0161nja, \u0161ljiva, kajsija, borovnica, malina, kupina, vinova loza, krompir, paradajz, plavi patlid\u017ean, paprika \u0161e\u0107erna repa, cvekla, mrkva, per\u0161un (list), celer, pa\u0161trnak<\/p>","protected":false},"excerpt":{"rendered":"<p>Sistemi\u010dni fungicid sa protektivnim, kurativnim i eradikativnim delovanjem za suzbijanje prouzrokova\u010da bolesti u vo\u0107arstvu, vinogradarstvu, povrtarstvu i ratarstvu<\/p>","protected":false},"featured_media":7672,"template":"","meta":[],"product_brand":[414],"product_cat":[415],"product_tag":[447],"class_list":{"0":"post-7212","1":"product","2":"type-product","3":"status-publish","4":"has-post-thumbnail","6":"product_brand-galenika","7":"product_cat-fungicidi-2","8":"product_tag-difenokonazol","10":"first","11":"outofstock","12":"purchasable","13":"product-type-simple"},"_links":{"self":[{"href":"https:\/\/agrarpetrovic.rs\/en\/wp-json\/wp\/v2\/product\/7212","targetHints":{"allow":["GET"]}}],"collection":[{"href":"https:\/\/agrarpetrovic.rs\/en\/wp-json\/wp\/v2\/product"}],"about":[{"href":"https:\/\/agrarpetrovic.rs\/en\/wp-json\/wp\/v2\/types\/product"}],"wp:featuredmedia":[{"embeddable":true,"href":"https:\/\/agrarpetrovic.rs\/en\/wp-json\/wp\/v2\/media\/7672"}],"wp:attachment":[{"href":"https:\/\/agrarpetrovic.rs\/en\/wp-json\/wp\/v2\/media?parent=7212"}],"wp:term":[{"taxonomy":"product_brand","embeddable":true,"href":"https:\/\/agrarpetrovic.rs\/en\/wp-json\/wp\/v2\/product_brand?post=7212"},{"taxonomy":"product_cat","embeddable":true,"href":"https:\/\/agrarpetrovic.rs\/en\/wp-json\/wp\/v2\/product_cat?post=7212"},{"taxonomy":"product_tag","embeddable":true,"href":"https:\/\/agrarpetrovic.rs\/en\/wp-json\/wp\/v2\/product_tag?post=7212"}],"curies":[{"name":"wp","href":"https:\/\/api.w.org\/{rel}","templated":true}]}}