{"id":7215,"date":"2025-05-18T22:52:56","date_gmt":"2025-05-18T20:52:56","guid":{"rendered":"https:\/\/agrarpetrovic.rs\/proizvod\/vokal-c-cimoksanil-120g-l-100-ml\/"},"modified":"2025-10-23T11:55:16","modified_gmt":"2025-10-23T09:55:16","slug":"vokal-c-cimoksanil-120g-l-100-ml","status":"publish","type":"product","link":"https:\/\/agrarpetrovic.rs\/en\/proizvod\/vokal-c-cimoksanil-120g-l-100-ml\/","title":{"rendered":"VOKAL C 100 ml &#8211; Fungicid"},"content":{"rendered":"<p><strong>Klasa<\/strong>: Fungicidi<\/p>\n<p><strong>Aktivne materije:<\/strong> Cimoksanil<\/p>\n<p><strong>Proizvo\u0111a\u010d<\/strong>: GALENIKA-FITOFARMACIJA a.d.<\/p>\n<p><strong>Formulacija<\/strong>: koncentrovana suspenzija &#8211; SC<\/p>\n<p><strong>Delovanje<\/strong>: Cimoksanil je sistemi\u010dni fungicid (ograni\u010deni sistemik). Deluje protektivno i kurativno. Inhibira sporulaciju gljiva, zaustavlja porast micelije. Brzo ulazi u biljno tkivo i deluje na miceliju gljive i nakon ostvarene infekcije. Radi pro\u0161irenja spektra delovanja, preporu\u010duje se kombinacija sa kontaktnim fungicidima (bakar-oksihlorid, fluazinam) \u010dime se dobija efikasnija za\u0161tita.<\/p>\n<p><strong>Karenca<\/strong>:<\/p>\n<ul>\n<li>7 dana &#8211; krompir, paradajz<\/li>\n<li>21 dan &#8211; vinova loza<\/li>\n<\/ul>\n<p><strong>Koncentracija<\/strong>: 0,8-1,2 l\/ha<\/p>\n<p><strong>Primena<\/strong>: krompir, paradajz, vinova loza<\/p>","protected":false},"excerpt":{"rendered":"<p>Sistemi\u010dni fungicid sa protektivnim, kurativnim i eradikativnim delovanjem za suzbijanje prouzrokova\u010da bolesti u vo\u0107arstvu, vinogradarstvu, povrtarstvu i ratarstvu<\/p>","protected":false},"featured_media":7495,"template":"","meta":[],"product_brand":[414],"product_cat":[415],"product_tag":[448],"class_list":{"0":"post-7215","1":"product","2":"type-product","3":"status-publish","4":"has-post-thumbnail","6":"product_brand-galenika","7":"product_cat-fungicidi-2","8":"product_tag-cimoksanil","10":"first","11":"outofstock","12":"purchasable","13":"product-type-simple"},"_links":{"self":[{"href":"https:\/\/agrarpetrovic.rs\/en\/wp-json\/wp\/v2\/product\/7215","targetHints":{"allow":["GET"]}}],"collection":[{"href":"https:\/\/agrarpetrovic.rs\/en\/wp-json\/wp\/v2\/product"}],"about":[{"href":"https:\/\/agrarpetrovic.rs\/en\/wp-json\/wp\/v2\/types\/product"}],"wp:featuredmedia":[{"embeddable":true,"href":"https:\/\/agrarpetrovic.rs\/en\/wp-json\/wp\/v2\/media\/7495"}],"wp:attachment":[{"href":"https:\/\/agrarpetrovic.rs\/en\/wp-json\/wp\/v2\/media?parent=7215"}],"wp:term":[{"taxonomy":"product_brand","embeddable":true,"href":"https:\/\/agrarpetrovic.rs\/en\/wp-json\/wp\/v2\/product_brand?post=7215"},{"taxonomy":"product_cat","embeddable":true,"href":"https:\/\/agrarpetrovic.rs\/en\/wp-json\/wp\/v2\/product_cat?post=7215"},{"taxonomy":"product_tag","embeddable":true,"href":"https:\/\/agrarpetrovic.rs\/en\/wp-json\/wp\/v2\/product_tag?post=7215"}],"curies":[{"name":"wp","href":"https:\/\/api.w.org\/{rel}","templated":true}]}}