{"id":7216,"date":"2025-05-18T22:52:56","date_gmt":"2025-05-18T20:52:56","guid":{"rendered":"https:\/\/agrarpetrovic.rs\/proizvod\/astrid-1-1\/"},"modified":"2025-10-23T11:55:16","modified_gmt":"2025-10-23T09:55:16","slug":"astrid-1-1","status":"publish","type":"product","link":"https:\/\/agrarpetrovic.rs\/en\/proizvod\/astrid-1-1\/","title":{"rendered":"Astrid 1\/1 &#8211; Herbicid"},"content":{"rendered":"<p><strong>Klasa<\/strong>: Herbicidi<\/p>\n<p><strong>Aktivne materije:<\/strong> Izoksaflutol + tienkarbazon-metil + protektant ciprosulfamid<\/p>\n<p><strong>Proizvo\u0111a\u010d<\/strong>: GALENIKA-FITOFARMACIJA a.d.<\/p>\n<p><strong>Formulacija<\/strong>: koncentrovana suspenzija &#8211; SC<\/p>\n<p><strong>Delovanje<\/strong>: Astrid je herbicid koji u svom sastavu sadr\u017ei dve aktivne supstance razli\u010ditog mehanizma delovanja. Usvajanje se vr\u0161i putem korena i lista, a zahvaljuju\u0107i delovanju protektanta ciprosulfamida, preparat Astrid odlikuje izuzetna selektivnost. Izoksaflutol ispoljava delovanje tako \u0161to spre\u010dava sintezu karotenoida \u0161to se manifestuje karakteristi\u010dnim simptomom promene boje lista iz zelene u belu (izbeljivanje), uz postepeno uvenu\u0107e. Tienkarbazon-metil pripada grupi ALS inhibitora. Nakon usvajanja, tienkarbazon-metil se sprovodnim sudovima transportuje do ta\u010daka porasta gde se spre\u010dava stvaranje enzima acetolaktat sintetaze (ALS), \u010dija je klju\u010dna uloga u deobi \u0107elija meristemskog tkiva. Na ovaj na\u010din, rast korovskih biljaka prestaje nakon \u010dega se su\u0161e i odumiru. Ciprosulfamid, kao protektant, ima ulogu u podsticaju metabolizma kukuruza i deluje tako \u0161to ubrzava razgradnju aktivnih supstanci u gajenoj biljci spre\u010davaju\u0107i eventualno \u0161tetno delovanje.<\/p>\n<p><strong>Karenca<\/strong>: obezbe\u0111ena vremenom primene za kukuruz<\/p>\n<p><strong>Koncentracija<\/strong>: 0,4 l\/ha<\/p>\n<p><strong>Primena<\/strong>: kukuruz<\/p>\n<p>&nbsp;<\/p>","protected":false},"excerpt":{"rendered":"<p>Selektivni herbicid namenjen za subijanje jednogodi\u0161njih \u0161irokolisnih i uskolisnih korova u usevu kukuruza<\/p>","protected":false},"featured_media":7666,"template":"","meta":[],"product_brand":[414],"product_cat":[449],"product_tag":[450],"class_list":{"0":"post-7216","1":"product","2":"type-product","3":"status-publish","4":"has-post-thumbnail","6":"product_brand-galenika","7":"product_cat-herbicidi-2","8":"product_tag-izoksaflutol-tienkarbazon-metil-protektant-ciprosulfamid","10":"first","11":"outofstock","12":"purchasable","13":"product-type-simple"},"_links":{"self":[{"href":"https:\/\/agrarpetrovic.rs\/en\/wp-json\/wp\/v2\/product\/7216","targetHints":{"allow":["GET"]}}],"collection":[{"href":"https:\/\/agrarpetrovic.rs\/en\/wp-json\/wp\/v2\/product"}],"about":[{"href":"https:\/\/agrarpetrovic.rs\/en\/wp-json\/wp\/v2\/types\/product"}],"wp:featuredmedia":[{"embeddable":true,"href":"https:\/\/agrarpetrovic.rs\/en\/wp-json\/wp\/v2\/media\/7666"}],"wp:attachment":[{"href":"https:\/\/agrarpetrovic.rs\/en\/wp-json\/wp\/v2\/media?parent=7216"}],"wp:term":[{"taxonomy":"product_brand","embeddable":true,"href":"https:\/\/agrarpetrovic.rs\/en\/wp-json\/wp\/v2\/product_brand?post=7216"},{"taxonomy":"product_cat","embeddable":true,"href":"https:\/\/agrarpetrovic.rs\/en\/wp-json\/wp\/v2\/product_cat?post=7216"},{"taxonomy":"product_tag","embeddable":true,"href":"https:\/\/agrarpetrovic.rs\/en\/wp-json\/wp\/v2\/product_tag?post=7216"}],"curies":[{"name":"wp","href":"https:\/\/api.w.org\/{rel}","templated":true}]}}