{"id":7218,"date":"2025-05-18T22:52:56","date_gmt":"2025-05-18T20:52:56","guid":{"rendered":"https:\/\/agrarpetrovic.rs\/proizvod\/basar-s-metolahlor-960-g-l-1-l\/"},"modified":"2025-10-23T11:55:16","modified_gmt":"2025-10-23T09:55:16","slug":"basar-s-metolahlor-960-g-l-1-l","status":"publish","type":"product","link":"https:\/\/agrarpetrovic.rs\/en\/proizvod\/basar-s-metolahlor-960-g-l-1-l\/","title":{"rendered":"BASAR 1l &#8211; Herbicid"},"content":{"rendered":"<p><strong>Klasa<\/strong>: Herbicidi<\/p>\n<p><strong>Aktivne materije:<\/strong> S-metolahlor<\/p>\n<p><strong>Proizvo\u0111a\u010d<\/strong>: GALENIKA-FITOFARMACIJA a.d.<\/p>\n<p><strong>Formulacija<\/strong>: koncentrat za emulziju &#8211; EC<\/p>\n<p><strong>Delovanje<\/strong>: Basar je selektivni herbicid na bazi S-metolahlora iz grupe hloracetamida. Po svojim osobinama ubraja se me\u0111u aktivne supstance sa najdu\u017eim rezidualnim delovanjem u zemlji\u0161tu. Nakon aplikacije korovi ga usvajaju tokom klijanja i po\u010detkom nicanja. Svojim mehanizmom inhibira proces \u0107elijske deobe i sintezu masnih kiselina, \u010dime se zaustavlja razvoj korova u ranoj fazi.<\/p>\n<p><strong>Karenca<\/strong>:<\/p>\n<ul>\n<li>70 dana &#8211; sila\u017eni kukuruz<\/li>\n<li>Obezbe\u0111ena vremenom primene &#8211; kukuruz za zrno, soja, \u0161e\u0107erna repa, suncokret<\/li>\n<\/ul>\n<p><strong>Koncentracija<\/strong>: 1-1,5 l\/ha<\/p>\n<p><strong>Primena<\/strong>: kukuruz, soja, \u0161e\u0107erna repa, suncokret<\/p>","protected":false},"excerpt":{"rendered":"<p>Selektivni herbicid za suzbijanje jednogodi\u0161njih travnih i \u0161irokolisnih korova u usevu kukuruza, soje, \u0161e\u0107erne repe, suncokreta<\/p>","protected":false},"featured_media":7470,"template":"","meta":[],"product_brand":[414],"product_cat":[449],"product_tag":[451],"class_list":{"0":"post-7218","1":"product","2":"type-product","3":"status-publish","4":"has-post-thumbnail","6":"product_brand-galenika","7":"product_cat-herbicidi-2","8":"product_tag-s-metolahlor","10":"first","11":"outofstock","12":"purchasable","13":"product-type-simple"},"_links":{"self":[{"href":"https:\/\/agrarpetrovic.rs\/en\/wp-json\/wp\/v2\/product\/7218","targetHints":{"allow":["GET"]}}],"collection":[{"href":"https:\/\/agrarpetrovic.rs\/en\/wp-json\/wp\/v2\/product"}],"about":[{"href":"https:\/\/agrarpetrovic.rs\/en\/wp-json\/wp\/v2\/types\/product"}],"wp:featuredmedia":[{"embeddable":true,"href":"https:\/\/agrarpetrovic.rs\/en\/wp-json\/wp\/v2\/media\/7470"}],"wp:attachment":[{"href":"https:\/\/agrarpetrovic.rs\/en\/wp-json\/wp\/v2\/media?parent=7218"}],"wp:term":[{"taxonomy":"product_brand","embeddable":true,"href":"https:\/\/agrarpetrovic.rs\/en\/wp-json\/wp\/v2\/product_brand?post=7218"},{"taxonomy":"product_cat","embeddable":true,"href":"https:\/\/agrarpetrovic.rs\/en\/wp-json\/wp\/v2\/product_cat?post=7218"},{"taxonomy":"product_tag","embeddable":true,"href":"https:\/\/agrarpetrovic.rs\/en\/wp-json\/wp\/v2\/product_tag?post=7218"}],"curies":[{"name":"wp","href":"https:\/\/api.w.org\/{rel}","templated":true}]}}