{"id":7220,"date":"2025-05-18T22:52:56","date_gmt":"2025-05-18T20:52:56","guid":{"rendered":"https:\/\/agrarpetrovic.rs\/proizvod\/basar-plus-s-metolahlor-terbutilazin-312-5-187-5-g-l-1-l\/"},"modified":"2025-10-23T11:55:19","modified_gmt":"2025-10-23T09:55:19","slug":"basar-plus-s-metolahlor-terbutilazin-312-5-187-5-g-l-1-l","status":"publish","type":"product","link":"https:\/\/agrarpetrovic.rs\/en\/proizvod\/basar-plus-s-metolahlor-terbutilazin-312-5-187-5-g-l-1-l\/","title":{"rendered":"BASAR PLUS 1l &#8211; Herbicid"},"content":{"rendered":"<p><strong>Klasa<\/strong>: Herbicidi<\/p>\n<p><strong>Aktivne materije:<\/strong> S-metolahlor + terbutilazin<\/p>\n<p><strong>Proizvo\u0111a\u010d<\/strong>: GALENIKA-FITOFARMACIJA a.d.<\/p>\n<p><strong>Formulacija<\/strong>: koncentrovana suspenzija &#8211; SC<\/p>\n<p><strong>Delovanje<\/strong>: S-metolahlor je aktivna supstanca iz grupe hloracetamida sa najdu\u017eim rezidualnim delovanjem u zemlji\u0161tu. Svojim mehanizmom delovanja inhibira \u0107elijsku deobu u korovima tokom klijanja i po\u010detkom nicanja. Terbutilazin je aktivna supstanca iz grupe triazina. Biljke ga usvajaju korenom i translociraju u stablo i listove. U korovskim biljkama dovodi do ihnibicije fotosinteze \u0161to dovodi do nekroze i uginu\u0107a korova.<\/p>\n<p><strong>Karenca<\/strong>: Obezbe\u0111ena vremenom primene &#8211; kukuruz, suncokret<\/p>\n<p><strong>Koncentracija<\/strong>: 3-4,5 l\/ha<\/p>\n<p><strong>Primena<\/strong>: kukuruz, suncokret<\/p>","protected":false},"excerpt":{"rendered":"<p>Sistemi\u010dni, selektivni herbicid koji se koristi za suzbijanje jednogodi\u0161njih i vi\u0161egodi\u0161njih, uskolisnih i \u0161irokolisnih korova, u usevima kukuruza i suncokreta.<\/p>","protected":false},"featured_media":7663,"template":"","meta":[],"product_brand":[414],"product_cat":[449],"product_tag":[452],"class_list":{"0":"post-7220","1":"product","2":"type-product","3":"status-publish","4":"has-post-thumbnail","6":"product_brand-galenika","7":"product_cat-herbicidi-2","8":"product_tag-s-metolahlor-terbutilazin","10":"first","11":"outofstock","12":"purchasable","13":"product-type-simple"},"_links":{"self":[{"href":"https:\/\/agrarpetrovic.rs\/en\/wp-json\/wp\/v2\/product\/7220","targetHints":{"allow":["GET"]}}],"collection":[{"href":"https:\/\/agrarpetrovic.rs\/en\/wp-json\/wp\/v2\/product"}],"about":[{"href":"https:\/\/agrarpetrovic.rs\/en\/wp-json\/wp\/v2\/types\/product"}],"wp:featuredmedia":[{"embeddable":true,"href":"https:\/\/agrarpetrovic.rs\/en\/wp-json\/wp\/v2\/media\/7663"}],"wp:attachment":[{"href":"https:\/\/agrarpetrovic.rs\/en\/wp-json\/wp\/v2\/media?parent=7220"}],"wp:term":[{"taxonomy":"product_brand","embeddable":true,"href":"https:\/\/agrarpetrovic.rs\/en\/wp-json\/wp\/v2\/product_brand?post=7220"},{"taxonomy":"product_cat","embeddable":true,"href":"https:\/\/agrarpetrovic.rs\/en\/wp-json\/wp\/v2\/product_cat?post=7220"},{"taxonomy":"product_tag","embeddable":true,"href":"https:\/\/agrarpetrovic.rs\/en\/wp-json\/wp\/v2\/product_tag?post=7220"}],"curies":[{"name":"wp","href":"https:\/\/api.w.org\/{rel}","templated":true}]}}