{"id":7222,"date":"2025-05-18T22:52:56","date_gmt":"2025-05-18T20:52:56","guid":{"rendered":"https:\/\/agrarpetrovic.rs\/proizvod\/bonaca-ec-fluroksipir-meptil-359-g-l-200-ml\/"},"modified":"2025-10-23T11:55:19","modified_gmt":"2025-10-23T09:55:19","slug":"bonaca-ec-fluroksipir-meptil-359-g-l-200-ml","status":"publish","type":"product","link":"https:\/\/agrarpetrovic.rs\/en\/proizvod\/bonaca-ec-fluroksipir-meptil-359-g-l-200-ml\/","title":{"rendered":"BONACA EC 200 ml &#8211; Herbicid"},"content":{"rendered":"<p><strong>Klasa<\/strong>: Herbicidi<\/p>\n<p><strong>Aktivne materije:<\/strong> Fluroksipir u obliku fluroksipir-meptila<\/p>\n<p><strong>Proizvo\u0111a\u010d<\/strong>: GALENIKA-FITOFARMACIJA a.d.<\/p>\n<p><strong>Formulacija<\/strong>: koncentrat za emulziju &#8211; EC<\/p>\n<p><strong>Delovanje<\/strong>: Bonaca je folijarni translokacioni herbicid karakteristi\u010dnog mehanizma delovanja. Na korove deluje kao indolsir\u0107etna kiselina (sinteti\u010dki auksin) izazivaju\u0107i prekomernu i nekontrolisanu deobu \u0107elija, \u0161to dovodi do pojave karakteristi\u010dnih simptoma deformacija i koved\u017eanja biljnog tkiva. Jedan sat nakon aplikacije korovi ga u potpunosti usvajaju i nema opasnosti od spiranja usled iznenadnih padavina.<\/p>\n<p><strong>Karenca<\/strong>: Obezbe\u0111ena vremenom primene &#8211; p\u0161enica, je\u010dam, kukuruz, vo\u0107e, vinova loza, crni luk<\/p>\n<p><strong>Koncentracija<\/strong>: 0,4-2 l\/ha<\/p>\n<p><strong>Primena<\/strong>: strna \u017eita, kukuruz, pa\u0161njaci, vo\u0107arstvo, vinova loza, crni luk<\/p>","protected":false},"excerpt":{"rendered":"<p>Translokacioni herbicid za suzbijanje \u0161irokolisnih korova u strnim \u017eitima, kukuruzu, zasadima vo\u0107a i vinove loze, na pa\u0161njacima i u luku<\/p>","protected":false},"featured_media":7384,"template":"","meta":[],"product_brand":[414],"product_cat":[449],"product_tag":[453],"class_list":{"0":"post-7222","1":"product","2":"type-product","3":"status-publish","4":"has-post-thumbnail","6":"product_brand-galenika","7":"product_cat-herbicidi-2","8":"product_tag-fluroksipir-u-obliku-fluroksipir-meptila","10":"first","11":"outofstock","12":"purchasable","13":"product-type-simple"},"_links":{"self":[{"href":"https:\/\/agrarpetrovic.rs\/en\/wp-json\/wp\/v2\/product\/7222","targetHints":{"allow":["GET"]}}],"collection":[{"href":"https:\/\/agrarpetrovic.rs\/en\/wp-json\/wp\/v2\/product"}],"about":[{"href":"https:\/\/agrarpetrovic.rs\/en\/wp-json\/wp\/v2\/types\/product"}],"wp:featuredmedia":[{"embeddable":true,"href":"https:\/\/agrarpetrovic.rs\/en\/wp-json\/wp\/v2\/media\/7384"}],"wp:attachment":[{"href":"https:\/\/agrarpetrovic.rs\/en\/wp-json\/wp\/v2\/media?parent=7222"}],"wp:term":[{"taxonomy":"product_brand","embeddable":true,"href":"https:\/\/agrarpetrovic.rs\/en\/wp-json\/wp\/v2\/product_brand?post=7222"},{"taxonomy":"product_cat","embeddable":true,"href":"https:\/\/agrarpetrovic.rs\/en\/wp-json\/wp\/v2\/product_cat?post=7222"},{"taxonomy":"product_tag","embeddable":true,"href":"https:\/\/agrarpetrovic.rs\/en\/wp-json\/wp\/v2\/product_tag?post=7222"}],"curies":[{"name":"wp","href":"https:\/\/api.w.org\/{rel}","templated":true}]}}