{"id":7223,"date":"2025-05-18T22:52:56","date_gmt":"2025-05-18T20:52:56","guid":{"rendered":"https:\/\/agrarpetrovic.rs\/proizvod\/detektor-mural-tribenuron-metil-750-g-kg-20-g\/"},"modified":"2025-10-23T11:55:19","modified_gmt":"2025-10-23T09:55:19","slug":"detektor-mural-tribenuron-metil-750-g-kg-20-g","status":"publish","type":"product","link":"https:\/\/agrarpetrovic.rs\/en\/proizvod\/detektor-mural-tribenuron-metil-750-g-kg-20-g\/","title":{"rendered":"DETEKTOR \/ MURAL 20 g &#8211; Herbicid"},"content":{"rendered":"<p><strong>Klasa<\/strong>: Herbicidi<\/p>\n<p><strong>Aktivne materije:<\/strong> Tribenuron &#8211; metil (750 g\/kg)<\/p>\n<p><strong>Proizvo\u0111a\u010d<\/strong>: GALENIKA-FITOFARMACIJA a.d.<\/p>\n<p><strong>Formulacija<\/strong>: vododisperzibilne granule &#8211; WG<\/p>\n<p><strong>Delovanje<\/strong>: Tribenuron &#8211; metil je selektivni, translokacioni herbicid iz hemijske grupe sulfonilurea. Suzbija jednogodi\u0161nje i vi\u0161egodi\u0161nje \u0161irokolisne korove. Korovske biljke ga usvajaju folijarno i preko korena i brzo translociraju ksilemom i floemom. Spre\u010davaju\u0107i proces obrazovanja acetolaktat sintetaze (ALS), ova aktivna materija prouzrokuje inhibiciju amino kiselilna valina i izoleucina, a potom zaustavlja deobu \u0107elija i rast biljaka.<\/p>\n<p><strong>Karenca<\/strong>: Obezbe\u0111ena vremenom primene &#8211; p\u0161enica<\/p>\n<p><strong>Koncentracija<\/strong>: 15-25 g\/ha<\/p>\n<p><strong>Primena<\/strong>: p\u0161enica<\/p>","protected":false},"excerpt":{"rendered":"<p>Tribenuron &#8211; metil<\/p>","protected":false},"featured_media":7667,"template":"","meta":[],"product_brand":[414],"product_cat":[449],"product_tag":[727],"class_list":{"0":"post-7223","1":"product","2":"type-product","3":"status-publish","4":"has-post-thumbnail","6":"product_brand-galenika","7":"product_cat-herbicidi-2","8":"product_tag-tribenuron-metil-750-g-kg","10":"first","11":"outofstock","12":"purchasable","13":"product-type-simple"},"_links":{"self":[{"href":"https:\/\/agrarpetrovic.rs\/en\/wp-json\/wp\/v2\/product\/7223","targetHints":{"allow":["GET"]}}],"collection":[{"href":"https:\/\/agrarpetrovic.rs\/en\/wp-json\/wp\/v2\/product"}],"about":[{"href":"https:\/\/agrarpetrovic.rs\/en\/wp-json\/wp\/v2\/types\/product"}],"wp:featuredmedia":[{"embeddable":true,"href":"https:\/\/agrarpetrovic.rs\/en\/wp-json\/wp\/v2\/media\/7667"}],"wp:attachment":[{"href":"https:\/\/agrarpetrovic.rs\/en\/wp-json\/wp\/v2\/media?parent=7223"}],"wp:term":[{"taxonomy":"product_brand","embeddable":true,"href":"https:\/\/agrarpetrovic.rs\/en\/wp-json\/wp\/v2\/product_brand?post=7223"},{"taxonomy":"product_cat","embeddable":true,"href":"https:\/\/agrarpetrovic.rs\/en\/wp-json\/wp\/v2\/product_cat?post=7223"},{"taxonomy":"product_tag","embeddable":true,"href":"https:\/\/agrarpetrovic.rs\/en\/wp-json\/wp\/v2\/product_tag?post=7223"}],"curies":[{"name":"wp","href":"https:\/\/api.w.org\/{rel}","templated":true}]}}