{"id":7226,"date":"2025-05-18T22:52:56","date_gmt":"2025-05-18T20:52:56","guid":{"rendered":"https:\/\/agrarpetrovic.rs\/proizvod\/galbenon-10l\/"},"modified":"2025-10-23T11:55:20","modified_gmt":"2025-10-23T09:55:20","slug":"galbenon-10l","status":"publish","type":"product","link":"https:\/\/agrarpetrovic.rs\/en\/proizvod\/galbenon-10l\/","title":{"rendered":"GALBENON 10l &#8211; Herbicid"},"content":{"rendered":"<p><strong>Klasa<\/strong>: Herbicidi<\/p>\n<p><strong>Opis<\/strong>: Selektivni herbicid za suzbijanje \u0161irokolisnih korova u strnim \u017eitima, kukuruzu, soji, krompiru, gra\u0161ku, pasulju, lucerki i lanu<\/p>\n<p><strong>Proizvo\u0111a\u010d<\/strong>: GALENIKA-FITOFARMACIJA a.d.<\/p>\n<p><strong>Formulacija<\/strong>: koncentrovani rastvor<\/p>\n<p><strong>Karenca<\/strong>:<\/p>\n<ul>\n<li>42 dana &#8211; gra\u0161ak, pasulj, krompir<\/li>\n<li>63 dana &#8211; strna \u017eita, kukuruz, soja, lan, lucerka<\/li>\n<\/ul>\n<p><strong>Koncentracija<\/strong>: 1.5-4 l\/ha<\/p>\n<p><strong>Primena<\/strong>: strna \u017eita, kukuruz, soja, krompir, gra\u0161ak, lucerka, lan, pasulj<\/p>","protected":false},"excerpt":{"rendered":"<p>Selektivni herbicid za suzbijanje \u0161irokolisnih korova u ratarstvu i povrtarstvu<\/p>","protected":false},"featured_media":7472,"template":"","meta":[],"product_brand":[414],"product_cat":[449],"product_tag":[456],"class_list":{"0":"post-7226","1":"product","2":"type-product","3":"status-publish","4":"has-post-thumbnail","6":"product_brand-galenika","7":"product_cat-herbicidi-2","8":"product_tag-galbenon-bentazon-u-obliku-na-soli","10":"first","11":"outofstock","12":"purchasable","13":"product-type-simple"},"_links":{"self":[{"href":"https:\/\/agrarpetrovic.rs\/en\/wp-json\/wp\/v2\/product\/7226","targetHints":{"allow":["GET"]}}],"collection":[{"href":"https:\/\/agrarpetrovic.rs\/en\/wp-json\/wp\/v2\/product"}],"about":[{"href":"https:\/\/agrarpetrovic.rs\/en\/wp-json\/wp\/v2\/types\/product"}],"wp:featuredmedia":[{"embeddable":true,"href":"https:\/\/agrarpetrovic.rs\/en\/wp-json\/wp\/v2\/media\/7472"}],"wp:attachment":[{"href":"https:\/\/agrarpetrovic.rs\/en\/wp-json\/wp\/v2\/media?parent=7226"}],"wp:term":[{"taxonomy":"product_brand","embeddable":true,"href":"https:\/\/agrarpetrovic.rs\/en\/wp-json\/wp\/v2\/product_brand?post=7226"},{"taxonomy":"product_cat","embeddable":true,"href":"https:\/\/agrarpetrovic.rs\/en\/wp-json\/wp\/v2\/product_cat?post=7226"},{"taxonomy":"product_tag","embeddable":true,"href":"https:\/\/agrarpetrovic.rs\/en\/wp-json\/wp\/v2\/product_tag?post=7226"}],"curies":[{"name":"wp","href":"https:\/\/api.w.org\/{rel}","templated":true}]}}