{"id":7229,"date":"2025-05-18T22:52:56","date_gmt":"2025-05-18T20:52:56","guid":{"rendered":"https:\/\/agrarpetrovic.rs\/proizvod\/glifol-100-ml\/"},"modified":"2025-10-23T11:55:20","modified_gmt":"2025-10-23T09:55:20","slug":"glifol-100-ml","status":"publish","type":"product","link":"https:\/\/agrarpetrovic.rs\/en\/proizvod\/glifol-100-ml\/","title":{"rendered":"GLIFOL 100 ml &#8211; Herbicid"},"content":{"rendered":"<p><strong>Klasa<\/strong>: Herbicidi<\/p>\n<p><strong>Aktivne materije:<\/strong> Glifosat-IPA so<\/p>\n<p><strong>Proizvo\u0111a\u010d<\/strong>: GALENIKA-FITOFARMACIJA a.d.<\/p>\n<p><strong>Formulacija<\/strong>: koncentrovani rastvor &#8211; SL<\/p>\n<p><strong>Delovanje<\/strong>: Glifosat je neselektivni, sistemi\u010dni herbicid. Primenjuje se folijarno i usvaja se uglavnom kroz kutikulu. Mehanizam delovanja je inhibicija biosinteze aromati\u010dnih aminokiselina neophodnih za sintezu proteina. Primarno se translocira simplastom i akumulira se u podzemnim delovima, mladim listovima i meristemskom tkivu. Simptomi delovanja su hloroza i nekroza listova.<\/p>\n<p><strong>Karenca<\/strong>:<\/p>\n<ul>\n<li>35 dana &#8211; vo\u0107njaci, vinova loza<\/li>\n<li>obezbe\u0111ena vremenom primene &#8211; za ostale namene<\/li>\n<\/ul>\n<p><strong>Koncentracija<\/strong>: 2-12 l\/ha<\/p>\n<p><strong>Primena<\/strong>: jabuka, kru\u0161ka, vi\u0161nja, \u0161ljiva, kajsija, vinova loza, strni\u0161ta, kulture i sastojine crnog i belog bora, kulture i sastojine smr\u010de, \u0161umski rasadnici, livade, pa\u0161njaci, suvi kanali ili povremeno plavljeni kanali i mo\u010dvare, nepoljoprivredne povr\u0161ine<\/p>","protected":false},"excerpt":{"rendered":"<p>Totalni herbicid za suzbijanje vi\u0161egodi\u0161njih rizomskih korova, kao i jednogodi\u0161njih i vi\u0161egodi\u0161njih uskolisnih i \u0161irokolisnih korova na poljoprivrednim i nepoljoprivrednim povr\u0161inama<\/p>","protected":false},"featured_media":7467,"template":"","meta":[],"product_brand":[414],"product_cat":[449],"product_tag":[457],"class_list":{"0":"post-7229","1":"product","2":"type-product","3":"status-publish","4":"has-post-thumbnail","6":"product_brand-galenika","7":"product_cat-herbicidi-2","8":"product_tag-glifosat-ipa-so","10":"first","11":"outofstock","12":"product-type-simple"},"_links":{"self":[{"href":"https:\/\/agrarpetrovic.rs\/en\/wp-json\/wp\/v2\/product\/7229","targetHints":{"allow":["GET"]}}],"collection":[{"href":"https:\/\/agrarpetrovic.rs\/en\/wp-json\/wp\/v2\/product"}],"about":[{"href":"https:\/\/agrarpetrovic.rs\/en\/wp-json\/wp\/v2\/types\/product"}],"wp:featuredmedia":[{"embeddable":true,"href":"https:\/\/agrarpetrovic.rs\/en\/wp-json\/wp\/v2\/media\/7467"}],"wp:attachment":[{"href":"https:\/\/agrarpetrovic.rs\/en\/wp-json\/wp\/v2\/media?parent=7229"}],"wp:term":[{"taxonomy":"product_brand","embeddable":true,"href":"https:\/\/agrarpetrovic.rs\/en\/wp-json\/wp\/v2\/product_brand?post=7229"},{"taxonomy":"product_cat","embeddable":true,"href":"https:\/\/agrarpetrovic.rs\/en\/wp-json\/wp\/v2\/product_cat?post=7229"},{"taxonomy":"product_tag","embeddable":true,"href":"https:\/\/agrarpetrovic.rs\/en\/wp-json\/wp\/v2\/product_tag?post=7229"}],"curies":[{"name":"wp","href":"https:\/\/api.w.org\/{rel}","templated":true}]}}