{"id":7233,"date":"2025-05-18T22:52:58","date_gmt":"2025-05-18T20:52:58","guid":{"rendered":"https:\/\/agrarpetrovic.rs\/proizvod\/globus-ec-kvizalofop-p-etil-50-g-l-1-l\/"},"modified":"2025-10-23T11:55:20","modified_gmt":"2025-10-23T09:55:20","slug":"globus-ec-kvizalofop-p-etil-50-g-l-1-l","status":"publish","type":"product","link":"https:\/\/agrarpetrovic.rs\/en\/proizvod\/globus-ec-kvizalofop-p-etil-50-g-l-1-l\/","title":{"rendered":"GLOBUS EC 1l &#8211; Herbicid"},"content":{"rendered":"<p><strong>Klasa<\/strong>: Herbicidi<\/p>\n<p><strong>Aktivne materije:<\/strong> Kvizalofop-P-etil<\/p>\n<p><strong>Proizvo\u0111a\u010d<\/strong>: GALENIKA-FITOFARMACIJA a.d.<\/p>\n<p><strong>Formulacija<\/strong>: koncentrat za emulziju &#8211; EC<\/p>\n<p><strong>Delovanje<\/strong>: Globus EC svoje herbicidno delovanje ostvaruje preko aktivne supstance kvizalofop-P-etil iz grupe ariloksifenoksi propionata. Nakon aplikacije uskolisni korovi ga usvajaju li\u0161\u0107em i translocira se do ta\u010daka porasta korena, stabla i lista, gde inhibira acetil-CoA karboksilazu i spre\u010dava sintezu masnih kiselina. Tretirani korovi dobijaju crvenu boju, a nakon toga nekrotiraju i su\u0161e se.<\/p>\n<p><strong>Karenca<\/strong>:<\/p>\n<ul>\n<li>77 dana &#8211; soja, \u0161e\u0107erna repa<\/li>\n<li>obezbe\u0111ena vremenom primene &#8211; suncokret, krompir, uljana repica<\/li>\n<\/ul>\n<p><strong>Koncentracija<\/strong>: 0,5-4 l\/ha<\/p>\n<p><strong>Primena<\/strong>: soja, suncokret, \u0161e\u0107erna repa, uljana repica, krompir<\/p>","protected":false},"excerpt":{"rendered":"<p>Selektivni herbicid za suzbijanje jednogodi\u0161njih i vi\u0161egodi\u0161njih uskolisnih korova u soji, suncokretu, \u0161e\u0107ernoj repi, uljanoj repici i krompiru<\/p>","protected":false},"featured_media":7488,"template":"","meta":[],"product_brand":[414],"product_cat":[449],"product_tag":[647],"class_list":{"0":"post-7233","1":"product","2":"type-product","3":"status-publish","4":"has-post-thumbnail","6":"product_brand-galenika","7":"product_cat-herbicidi-2","8":"product_tag-kvizalofop-p-etil","10":"first","11":"outofstock","12":"purchasable","13":"product-type-simple"},"_links":{"self":[{"href":"https:\/\/agrarpetrovic.rs\/en\/wp-json\/wp\/v2\/product\/7233","targetHints":{"allow":["GET"]}}],"collection":[{"href":"https:\/\/agrarpetrovic.rs\/en\/wp-json\/wp\/v2\/product"}],"about":[{"href":"https:\/\/agrarpetrovic.rs\/en\/wp-json\/wp\/v2\/types\/product"}],"wp:featuredmedia":[{"embeddable":true,"href":"https:\/\/agrarpetrovic.rs\/en\/wp-json\/wp\/v2\/media\/7488"}],"wp:attachment":[{"href":"https:\/\/agrarpetrovic.rs\/en\/wp-json\/wp\/v2\/media?parent=7233"}],"wp:term":[{"taxonomy":"product_brand","embeddable":true,"href":"https:\/\/agrarpetrovic.rs\/en\/wp-json\/wp\/v2\/product_brand?post=7233"},{"taxonomy":"product_cat","embeddable":true,"href":"https:\/\/agrarpetrovic.rs\/en\/wp-json\/wp\/v2\/product_cat?post=7233"},{"taxonomy":"product_tag","embeddable":true,"href":"https:\/\/agrarpetrovic.rs\/en\/wp-json\/wp\/v2\/product_tag?post=7233"}],"curies":[{"name":"wp","href":"https:\/\/api.w.org\/{rel}","templated":true}]}}