{"id":7235,"date":"2025-05-18T22:52:58","date_gmt":"2025-05-18T20:52:58","guid":{"rendered":"https:\/\/agrarpetrovic.rs\/proizvod\/kabuki-2-5-ec-piraflufen-etil-265-g-l-100-ml\/"},"modified":"2025-10-23T11:55:20","modified_gmt":"2025-10-23T09:55:20","slug":"kabuki-2-5-ec-piraflufen-etil-265-g-l-100-ml","status":"publish","type":"product","link":"https:\/\/agrarpetrovic.rs\/en\/proizvod\/kabuki-2-5-ec-piraflufen-etil-265-g-l-100-ml\/","title":{"rendered":"KABUKI 2.5 EC 100 ml &#8211; Herbicid"},"content":{"rendered":"<p><strong>Klasa<\/strong>: Herbicidi<\/p>\n<p><strong>Aktivne materije:<\/strong> Piraflufen-etil<\/p>\n<p><strong>Proizvo\u0111a\u010d<\/strong>: Nichino Europe<\/p>\n<p><strong>Formulacija<\/strong>: koncentrat za emulziju &#8211; EC<\/p>\n<p><strong>Delovanje<\/strong>: Piraflufen-etil je nova aktivna supstanca, kontaktnog delovanja, koji spada u hemijsku grupu difeniletra. Kabuki 2.5-EC je jedinstveni preparat na tr\u017ei\u0161tu koji sadr\u017ei ovu aktivnu supstancu. Prilikom folijarne primene brzo se apsorbuje u biljna tkiva i uti\u010de na razgradnju \u0107elijskih membrana izazivaju\u0107i nekrozu i desikaciju izbojaka i li\u0161\u0107a.<\/p>\n<p><strong>Karenca<\/strong>: Obezbe\u0111ena vremenom primene &#8211; krompir, vinova loza, jabuka, \u0161ljiva, malina i leska<\/p>\n<p><strong>Koncentracija<\/strong>: 0,4-0,8 l\/ha<\/p>\n<p><strong>Primena<\/strong>: krompir, vinova loza, jabuka, \u0161ljiva, malina, leska<\/p>","protected":false},"excerpt":{"rendered":"<p>Kontaktni herbicid za su\u0161enje nadzemne mase (cime) u usevu krompira i za su\u0161enje izbojaka korena i stabla i korova u zasadu vinove loze, maline, jabuke, \u0161ljive i leske, kao i za suzbijanje \u0161irokolisnih korova u zasadu jabuke i \u0161ljive<\/p>","protected":false},"featured_media":7485,"template":"","meta":[],"product_brand":[414],"product_cat":[449],"product_tag":[458],"class_list":{"0":"post-7235","1":"product","2":"type-product","3":"status-publish","4":"has-post-thumbnail","6":"product_brand-galenika","7":"product_cat-herbicidi-2","8":"product_tag-piraflufen-etil","10":"first","11":"outofstock","12":"purchasable","13":"product-type-simple"},"_links":{"self":[{"href":"https:\/\/agrarpetrovic.rs\/en\/wp-json\/wp\/v2\/product\/7235","targetHints":{"allow":["GET"]}}],"collection":[{"href":"https:\/\/agrarpetrovic.rs\/en\/wp-json\/wp\/v2\/product"}],"about":[{"href":"https:\/\/agrarpetrovic.rs\/en\/wp-json\/wp\/v2\/types\/product"}],"wp:featuredmedia":[{"embeddable":true,"href":"https:\/\/agrarpetrovic.rs\/en\/wp-json\/wp\/v2\/media\/7485"}],"wp:attachment":[{"href":"https:\/\/agrarpetrovic.rs\/en\/wp-json\/wp\/v2\/media?parent=7235"}],"wp:term":[{"taxonomy":"product_brand","embeddable":true,"href":"https:\/\/agrarpetrovic.rs\/en\/wp-json\/wp\/v2\/product_brand?post=7235"},{"taxonomy":"product_cat","embeddable":true,"href":"https:\/\/agrarpetrovic.rs\/en\/wp-json\/wp\/v2\/product_cat?post=7235"},{"taxonomy":"product_tag","embeddable":true,"href":"https:\/\/agrarpetrovic.rs\/en\/wp-json\/wp\/v2\/product_tag?post=7235"}],"curies":[{"name":"wp","href":"https:\/\/api.w.org\/{rel}","templated":true}]}}