{"id":7236,"date":"2025-05-18T22:52:58","date_gmt":"2025-05-18T20:52:58","guid":{"rendered":"https:\/\/agrarpetrovic.rs\/proizvod\/kvazar-imazamoks-40-g-l-1-l\/"},"modified":"2025-10-23T11:55:20","modified_gmt":"2025-10-23T09:55:20","slug":"kvazar-imazamoks-40-g-l-1-l","status":"publish","type":"product","link":"https:\/\/agrarpetrovic.rs\/en\/proizvod\/kvazar-imazamoks-40-g-l-1-l\/","title":{"rendered":"KVAZAR 1l &#8211; Herbicid"},"content":{"rendered":"<p><strong>Klasa<\/strong>: Herbicidi<\/p>\n<p><strong>Aktivne materije: <\/strong>Imazamoks<\/p>\n<p><strong>Proizvo\u0111a\u010d<\/strong>: GALENIKA-FITOFARMACIJA a.d.<\/p>\n<p><strong>Formulacija<\/strong>: koncentrovani rastvor &#8211; SL<\/p>\n<p><strong>Delovanje<\/strong>: Kvazar je selektivni translokacioni herbicid koji sadr\u017ei aktivnu materiju imazamoks. Nakon aplikacije usvaja se folijarno ali i preko korena i translocira se do nadzemnih delova korova. Dovodi do inhibicije enzima acetolaktat sintetaze \u0161to za krajnju posledicu ima zaustavljanje sinteze aminokiselina i do uginjavanja biljke.<\/p>\n<p><strong>Karenca<\/strong>:<\/p>\n<ul>\n<li>35 dana &#8211; soja, gra\u0161ak, pasulj, lucerka<\/li>\n<li>obezbe\u0111ena vremenom primene &#8211; suncokret<\/li>\n<\/ul>\n<p><strong>Koncentracija<\/strong>: 1-1,2 l\/ha<\/p>\n<p><strong>Primena<\/strong>: soja, suncokret (otporan na imidazolinone), lucerka, pasulj, gra\u0161ak<\/p>","protected":false},"excerpt":{"rendered":"<p>Selektivni herbicid za suzbijanje jednogodi\u0161njih uskolisnih i \u0161irokolisnih korova u usevu soje i suncokreta otpornog na imidazolinone, lucerke u zasnivanju, pasulja i gra\u0161ka<\/p>","protected":false},"featured_media":7660,"template":"","meta":[],"product_brand":[414],"product_cat":[449],"product_tag":[459],"class_list":{"0":"post-7236","1":"product","2":"type-product","3":"status-publish","4":"has-post-thumbnail","6":"product_brand-galenika","7":"product_cat-herbicidi-2","8":"product_tag-imazamoks","10":"first","11":"outofstock","12":"purchasable","13":"product-type-simple"},"_links":{"self":[{"href":"https:\/\/agrarpetrovic.rs\/en\/wp-json\/wp\/v2\/product\/7236","targetHints":{"allow":["GET"]}}],"collection":[{"href":"https:\/\/agrarpetrovic.rs\/en\/wp-json\/wp\/v2\/product"}],"about":[{"href":"https:\/\/agrarpetrovic.rs\/en\/wp-json\/wp\/v2\/types\/product"}],"wp:featuredmedia":[{"embeddable":true,"href":"https:\/\/agrarpetrovic.rs\/en\/wp-json\/wp\/v2\/media\/7660"}],"wp:attachment":[{"href":"https:\/\/agrarpetrovic.rs\/en\/wp-json\/wp\/v2\/media?parent=7236"}],"wp:term":[{"taxonomy":"product_brand","embeddable":true,"href":"https:\/\/agrarpetrovic.rs\/en\/wp-json\/wp\/v2\/product_brand?post=7236"},{"taxonomy":"product_cat","embeddable":true,"href":"https:\/\/agrarpetrovic.rs\/en\/wp-json\/wp\/v2\/product_cat?post=7236"},{"taxonomy":"product_tag","embeddable":true,"href":"https:\/\/agrarpetrovic.rs\/en\/wp-json\/wp\/v2\/product_tag?post=7236"}],"curies":[{"name":"wp","href":"https:\/\/api.w.org\/{rel}","templated":true}]}}