{"id":7237,"date":"2025-05-18T22:52:58","date_gmt":"2025-05-18T20:52:58","guid":{"rendered":"https:\/\/agrarpetrovic.rs\/proizvod\/logan-1-l\/"},"modified":"2025-10-23T11:55:20","modified_gmt":"2025-10-23T09:55:20","slug":"logan-1-l","status":"publish","type":"product","link":"https:\/\/agrarpetrovic.rs\/en\/proizvod\/logan-1-l\/","title":{"rendered":"LOGAN 1l &#8211; Herbicid"},"content":{"rendered":"<p><strong>Klasa<\/strong>: Herbicidi<\/p>\n<p><strong>Aktivne materije:<\/strong> Izoksaflutol + protektant ciprosulfamid<\/p>\n<p><strong>Proizvo\u0111a\u010d<\/strong>: GALENIKA-FITOFARMACIJA a.d.<\/p>\n<p><strong>Formulacija<\/strong>: koncentrovana suspenzija &#8211; SC<\/p>\n<p><strong>Delovanje<\/strong>: Izoksaflutol pripada grupi inhibitora hidroksipiruvat dioksigenaze (HRAC: 27 (F2)). Mehanizam delovanja se zasniva na inhibiciji sinteze karotenoida \u0161to se ispoljava kroz karatkeristi\u010dni simptom promene boje lista iz zelene u belu (izbeljivanje), nakon \u010dega izbeljivanje prelazi u nekrozu \u0161to dovodi do kona\u010dnog uvenu\u0107a korovske biljke. Preparat sadr\u017ei i protektant ciprosulfamid koji ima ulogu u podsticanju metabolizma kukuruza i ubrzavanje neutralisanja herbicida \u0161to pokazuje izuzetnu selektivnost herbicida prema gajenim biljkama.<\/p>\n<p><strong>Karenca<\/strong>: Obezbe\u0111ena vremenom primene &#8211; kukuruz<\/p>\n<p><strong>Koncentracija<\/strong>: 0,4 l\/ha<\/p>\n<p><strong>Primena<\/strong>: kukuruz<\/p>","protected":false},"excerpt":{"rendered":"<p>Sistemi\u010dni herbicid \u0161irokog spektra delovanja namenjen za suzbijanje uskolisnih i \u0161irokolisnih jednogodi\u0161njih korova u usevu kukuruza.<\/p>","protected":false},"featured_media":7658,"template":"","meta":[],"product_brand":[414],"product_cat":[449],"product_tag":[460],"class_list":{"0":"post-7237","1":"product","2":"type-product","3":"status-publish","4":"has-post-thumbnail","6":"product_brand-galenika","7":"product_cat-herbicidi-2","8":"product_tag-izoksaflutol-protektant-ciprosulfamid","10":"first","11":"outofstock","12":"purchasable","13":"product-type-simple"},"_links":{"self":[{"href":"https:\/\/agrarpetrovic.rs\/en\/wp-json\/wp\/v2\/product\/7237","targetHints":{"allow":["GET"]}}],"collection":[{"href":"https:\/\/agrarpetrovic.rs\/en\/wp-json\/wp\/v2\/product"}],"about":[{"href":"https:\/\/agrarpetrovic.rs\/en\/wp-json\/wp\/v2\/types\/product"}],"wp:featuredmedia":[{"embeddable":true,"href":"https:\/\/agrarpetrovic.rs\/en\/wp-json\/wp\/v2\/media\/7658"}],"wp:attachment":[{"href":"https:\/\/agrarpetrovic.rs\/en\/wp-json\/wp\/v2\/media?parent=7237"}],"wp:term":[{"taxonomy":"product_brand","embeddable":true,"href":"https:\/\/agrarpetrovic.rs\/en\/wp-json\/wp\/v2\/product_brand?post=7237"},{"taxonomy":"product_cat","embeddable":true,"href":"https:\/\/agrarpetrovic.rs\/en\/wp-json\/wp\/v2\/product_cat?post=7237"},{"taxonomy":"product_tag","embeddable":true,"href":"https:\/\/agrarpetrovic.rs\/en\/wp-json\/wp\/v2\/product_tag?post=7237"}],"curies":[{"name":"wp","href":"https:\/\/api.w.org\/{rel}","templated":true}]}}