{"id":7239,"date":"2025-05-18T22:52:58","date_gmt":"2025-05-18T20:52:58","guid":{"rendered":"https:\/\/agrarpetrovic.rs\/proizvod\/lontrel-100-klopiralid-100-g-l-1-l\/"},"modified":"2025-10-23T11:55:23","modified_gmt":"2025-10-23T09:55:23","slug":"lontrel-100-klopiralid-100-g-l-1-l","status":"publish","type":"product","link":"https:\/\/agrarpetrovic.rs\/en\/proizvod\/lontrel-100-klopiralid-100-g-l-1-l\/","title":{"rendered":"LONTREL 1l &#8211; Herbicid"},"content":{"rendered":"<p><strong>Klasa<\/strong>: Herbicidi<\/p>\n<p><strong>Aktivne materije:<\/strong> Klopiralid<\/p>\n<p><strong>Proizvo\u0111a\u010d<\/strong>: Corteva Agriscience<\/p>\n<p><strong>Formulacija<\/strong>: koncentrovani rastvor &#8211; SL<\/p>\n<p><strong>Delovanje<\/strong>: Klopiralid je selektivni herbicid koji biljka usvaja korenom i li\u0161\u0107em. Kre\u0107e se navi\u0161e i nani\u017ee u biljci i nakuplja u vr\u0161nim meristemima. Izaziva reakcije tipa auksina. Uti\u010de na izdu\u017eivanje \u0107elija i respiraciju.<\/p>\n<p><strong>Karenca<\/strong>:<\/p>\n<ul>\n<li>Obezbe\u0111ena vremenom primene &#8211; p\u0161enica, je\u010dam, kukuruz, \u0161e\u0107erna repa, uljana repica<\/li>\n<li>42 dana &#8211; crni luk, praziluk<\/li>\n<\/ul>\n<p><strong>Koncentracija<\/strong>: 0,6-1,5 l\/ha<\/p>\n<p><strong>Primena<\/strong>: p\u0161enica, je\u010dam, kukuruz, \u0161e\u0107erna repa, uljana repica, crni luk, praziluk<\/p>","protected":false},"excerpt":{"rendered":"<p>Selektivni translokacioni herbicid za suzbijanje \u0161irokolisnih korova u \u0161e\u0107ernoj repi, uljanoj repici, luku, praziluku, p\u0161enici, je\u010dmu i kukuruzu<\/p>","protected":false},"featured_media":7380,"template":"","meta":[],"product_brand":[414],"product_cat":[449],"product_tag":[461],"class_list":{"0":"post-7239","1":"product","2":"type-product","3":"status-publish","4":"has-post-thumbnail","6":"product_brand-galenika","7":"product_cat-herbicidi-2","8":"product_tag-klopiralid","10":"first","11":"outofstock","12":"purchasable","13":"product-type-simple"},"_links":{"self":[{"href":"https:\/\/agrarpetrovic.rs\/en\/wp-json\/wp\/v2\/product\/7239","targetHints":{"allow":["GET"]}}],"collection":[{"href":"https:\/\/agrarpetrovic.rs\/en\/wp-json\/wp\/v2\/product"}],"about":[{"href":"https:\/\/agrarpetrovic.rs\/en\/wp-json\/wp\/v2\/types\/product"}],"wp:featuredmedia":[{"embeddable":true,"href":"https:\/\/agrarpetrovic.rs\/en\/wp-json\/wp\/v2\/media\/7380"}],"wp:attachment":[{"href":"https:\/\/agrarpetrovic.rs\/en\/wp-json\/wp\/v2\/media?parent=7239"}],"wp:term":[{"taxonomy":"product_brand","embeddable":true,"href":"https:\/\/agrarpetrovic.rs\/en\/wp-json\/wp\/v2\/product_brand?post=7239"},{"taxonomy":"product_cat","embeddable":true,"href":"https:\/\/agrarpetrovic.rs\/en\/wp-json\/wp\/v2\/product_cat?post=7239"},{"taxonomy":"product_tag","embeddable":true,"href":"https:\/\/agrarpetrovic.rs\/en\/wp-json\/wp\/v2\/product_tag?post=7239"}],"curies":[{"name":"wp","href":"https:\/\/api.w.org\/{rel}","templated":true}]}}