{"id":7242,"date":"2025-05-18T22:52:58","date_gmt":"2025-05-18T20:52:58","guid":{"rendered":"https:\/\/agrarpetrovic.rs\/proizvod\/moto-extra-1-1\/"},"modified":"2025-10-23T11:55:24","modified_gmt":"2025-10-23T09:55:24","slug":"moto-extra-1-1","status":"publish","type":"product","link":"https:\/\/agrarpetrovic.rs\/en\/proizvod\/moto-extra-1-1\/","title":{"rendered":"Moto EXTRA 1\/1 &#8211; Herbicid"},"content":{"rendered":"<p><strong>Klasa<\/strong>: Herbicidi<\/p>\n<p><strong>Aktivne materije:<\/strong> 2.4-D u obliku 2.4-D-2 etilheksilestra<\/p>\n<p><strong>Proizvo\u0111a\u010d<\/strong>: GALENIKA-FITOFARMACIJA a.d.<\/p>\n<p><strong>Formulacija<\/strong>: koncentrat za emulziju &#8211; EC<\/p>\n<p><strong>Delovanje<\/strong>: 2,4-D je translokacioni herbicid sa hormonskim delovanjem. Usvaja se preko lisne mase, a manjim delom preko korena. Transportuje se navi\u0161e i nani\u017ee u biljkama i akumulira prvenstveno u meristemskim delovima izdanka i korena. Ni\u017ee koncentracije dovode do nekontrolisane deobe \u0107elija \u0161to uti\u010de na propadanje sprovodnog tkiva, dok visoke koncentracije inhibiraju deobu \u0107elija. Moto ekstra 850 je herbicid koji efikasno suzbija i najproblemati\u010dnije \u0161irokolisne korove.<\/p>\n<p><strong>Karenca<\/strong>: Obezbe\u0111ena vremenom primene &#8211; kukuruz i p\u0161enica<\/p>\n<p><strong>Koncentracija<\/strong>: 0,8-1 l\/ha<\/p>\n<p><strong>Primena<\/strong>: p\u0161enica, kukuruz<\/p>","protected":false},"excerpt":{"rendered":"<p>Selektivni herbicid za suzbijanje jednogodi\u0161njih i vi\u0161egodi\u0161njih \u0161irokolisnih korova u kukuruzu i p\u0161enici<\/p>","protected":false},"featured_media":7375,"template":"","meta":[],"product_brand":[414],"product_cat":[449],"product_tag":[464],"class_list":{"0":"post-7242","1":"product","2":"type-product","3":"status-publish","4":"has-post-thumbnail","6":"product_brand-galenika","7":"product_cat-herbicidi-2","8":"product_tag-2-4-d-u-obliku-2-4-d-2-etilheksilestra","10":"first","11":"outofstock","12":"product-type-simple"},"_links":{"self":[{"href":"https:\/\/agrarpetrovic.rs\/en\/wp-json\/wp\/v2\/product\/7242","targetHints":{"allow":["GET"]}}],"collection":[{"href":"https:\/\/agrarpetrovic.rs\/en\/wp-json\/wp\/v2\/product"}],"about":[{"href":"https:\/\/agrarpetrovic.rs\/en\/wp-json\/wp\/v2\/types\/product"}],"wp:featuredmedia":[{"embeddable":true,"href":"https:\/\/agrarpetrovic.rs\/en\/wp-json\/wp\/v2\/media\/7375"}],"wp:attachment":[{"href":"https:\/\/agrarpetrovic.rs\/en\/wp-json\/wp\/v2\/media?parent=7242"}],"wp:term":[{"taxonomy":"product_brand","embeddable":true,"href":"https:\/\/agrarpetrovic.rs\/en\/wp-json\/wp\/v2\/product_brand?post=7242"},{"taxonomy":"product_cat","embeddable":true,"href":"https:\/\/agrarpetrovic.rs\/en\/wp-json\/wp\/v2\/product_cat?post=7242"},{"taxonomy":"product_tag","embeddable":true,"href":"https:\/\/agrarpetrovic.rs\/en\/wp-json\/wp\/v2\/product_tag?post=7242"}],"curies":[{"name":"wp","href":"https:\/\/api.w.org\/{rel}","templated":true}]}}