{"id":7245,"date":"2025-05-18T22:52:58","date_gmt":"2025-05-18T20:52:58","guid":{"rendered":"https:\/\/agrarpetrovic.rs\/proizvod\/pampas-1l\/"},"modified":"2025-10-23T11:55:24","modified_gmt":"2025-10-23T09:55:24","slug":"pampas-1l","status":"publish","type":"product","link":"https:\/\/agrarpetrovic.rs\/en\/proizvod\/pampas-1l\/","title":{"rendered":"PAMPAS 1l &#8211; Herbicid"},"content":{"rendered":"<p><strong>Klasa<\/strong>: Herbicidi<\/p>\n<p><strong>Aktivne materije:<\/strong> Pinoksaden + protektant klokvintocet-meksil<\/p>\n<p><strong>Proizvo\u0111a\u010d<\/strong>: GALENIKA-FITOFARMACIJA a.d.<\/p>\n<p><strong>Formulacija<\/strong>: koncentrat za emulziju &#8211; EC<\/p>\n<p><strong>Delovanje<\/strong>: Pinoksaden je sinteti\u010dko jedinjenje koje pripada grupi fenilpirazolina. Efikasno suzbija uskolisne korove u usevu p\u0161enice. Deluje tako \u0161to inhibira acetil koenzim A karboksilazu \u0161to je prvi korak u biosintezi masnih kiselina. Aktivna materija ima sistemi\u010dno delovanje. Nakon usvajanja, brzo se translocira u nadzemni deo i koren korovskih biljaka.<\/p>\n<p><strong>Karenca<\/strong>: Obezbe\u0111ena vremenom primene &#8211; p\u0161enica<\/p>\n<p><strong>Koncentracija<\/strong>: 0.6-1.2 l\/ha<\/p>\n<p><strong>Primena<\/strong>: p\u0161enica<\/p>","protected":false},"excerpt":{"rendered":"<p>Sistemi\u010dni herbicid namenjen za suzbijanje uskolisnih korova u usevu p\u0161enice.<\/p>","protected":false},"featured_media":7661,"template":"","meta":[],"product_brand":[414],"product_cat":[449],"product_tag":[467],"class_list":{"0":"post-7245","1":"product","2":"type-product","3":"status-publish","4":"has-post-thumbnail","6":"product_brand-galenika","7":"product_cat-herbicidi-2","8":"product_tag-pinoksaden-protektant-klokvintocet-meksil","10":"first","11":"outofstock","12":"purchasable","13":"product-type-simple"},"_links":{"self":[{"href":"https:\/\/agrarpetrovic.rs\/en\/wp-json\/wp\/v2\/product\/7245","targetHints":{"allow":["GET"]}}],"collection":[{"href":"https:\/\/agrarpetrovic.rs\/en\/wp-json\/wp\/v2\/product"}],"about":[{"href":"https:\/\/agrarpetrovic.rs\/en\/wp-json\/wp\/v2\/types\/product"}],"wp:featuredmedia":[{"embeddable":true,"href":"https:\/\/agrarpetrovic.rs\/en\/wp-json\/wp\/v2\/media\/7661"}],"wp:attachment":[{"href":"https:\/\/agrarpetrovic.rs\/en\/wp-json\/wp\/v2\/media?parent=7245"}],"wp:term":[{"taxonomy":"product_brand","embeddable":true,"href":"https:\/\/agrarpetrovic.rs\/en\/wp-json\/wp\/v2\/product_brand?post=7245"},{"taxonomy":"product_cat","embeddable":true,"href":"https:\/\/agrarpetrovic.rs\/en\/wp-json\/wp\/v2\/product_cat?post=7245"},{"taxonomy":"product_tag","embeddable":true,"href":"https:\/\/agrarpetrovic.rs\/en\/wp-json\/wp\/v2\/product_tag?post=7245"}],"curies":[{"name":"wp","href":"https:\/\/api.w.org\/{rel}","templated":true}]}}