{"id":7246,"date":"2025-05-18T22:52:58","date_gmt":"2025-05-18T20:52:58","guid":{"rendered":"https:\/\/agrarpetrovic.rs\/proizvod\/persej-rimsulfuron-250g-kg-30g\/"},"modified":"2025-10-23T11:55:24","modified_gmt":"2025-10-23T09:55:24","slug":"persej-rimsulfuron-250g-kg-30g","status":"publish","type":"product","link":"https:\/\/agrarpetrovic.rs\/en\/proizvod\/persej-rimsulfuron-250g-kg-30g\/","title":{"rendered":"PERSEJ 30 g &#8211; Herbicid"},"content":{"rendered":"<p><strong>Klasa<\/strong>: Herbicidi<\/p>\n<p><strong>Aktivne materije:<\/strong> Rimsulfuron<\/p>\n<p><strong>Proizvo\u0111a\u010d<\/strong>: GALENIKA-FITOFARMACIJA a.d.<\/p>\n<p><strong>Formulacija<\/strong>: vododisperzibilne granule &#8211; WG<\/p>\n<p><strong>Delovanje<\/strong>: Rimsulfuron je sistemi\u010dni herbicid koji pripada grupi sulfonilurea. Biljka ga usvaja preko korena i li\u0161\u0107a i translocira do meristemskih tkiva gde se obavlja inhibicija enzima acetolaktat sintetaze, blokira biosinteza aminokiselina i zaustavlja dalja deoba \u0107elija i rast korova. Nakon 5 &#8211; 10 dana od aplikacije dolazi do pojave simptoma u vidu nekroze i laganog odumiranja korova<\/p>\n<p><strong>Karenca<\/strong>:<\/p>\n<ul>\n<li>Obezbe\u0111ena vremenom primene &#8211; merkantilni kukuruz<\/li>\n<li>63 dana &#8211; sila\u017eni kukuruz<\/li>\n<\/ul>\n<p><strong>Koncentracija<\/strong>: 40-60 g\/ha<\/p>\n<p><strong>Primena<\/strong>: kukuruz<\/p>","protected":false},"excerpt":{"rendered":"<p>Selektivni, translokacioni herbicid namenjen za suzbijanje jednogodi\u0161njih i vi\u0161egodi\u0161njih uskolisnih i \u0161irokolisnih korova u usevu kukuruza.<\/p>","protected":false},"featured_media":7486,"template":"","meta":[],"product_brand":[414],"product_cat":[449],"product_tag":[468],"class_list":{"0":"post-7246","1":"product","2":"type-product","3":"status-publish","4":"has-post-thumbnail","6":"product_brand-galenika","7":"product_cat-herbicidi-2","8":"product_tag-rimsulfuron","10":"first","11":"outofstock","12":"purchasable","13":"product-type-simple"},"_links":{"self":[{"href":"https:\/\/agrarpetrovic.rs\/en\/wp-json\/wp\/v2\/product\/7246","targetHints":{"allow":["GET"]}}],"collection":[{"href":"https:\/\/agrarpetrovic.rs\/en\/wp-json\/wp\/v2\/product"}],"about":[{"href":"https:\/\/agrarpetrovic.rs\/en\/wp-json\/wp\/v2\/types\/product"}],"wp:featuredmedia":[{"embeddable":true,"href":"https:\/\/agrarpetrovic.rs\/en\/wp-json\/wp\/v2\/media\/7486"}],"wp:attachment":[{"href":"https:\/\/agrarpetrovic.rs\/en\/wp-json\/wp\/v2\/media?parent=7246"}],"wp:term":[{"taxonomy":"product_brand","embeddable":true,"href":"https:\/\/agrarpetrovic.rs\/en\/wp-json\/wp\/v2\/product_brand?post=7246"},{"taxonomy":"product_cat","embeddable":true,"href":"https:\/\/agrarpetrovic.rs\/en\/wp-json\/wp\/v2\/product_cat?post=7246"},{"taxonomy":"product_tag","embeddable":true,"href":"https:\/\/agrarpetrovic.rs\/en\/wp-json\/wp\/v2\/product_tag?post=7246"}],"curies":[{"name":"wp","href":"https:\/\/api.w.org\/{rel}","templated":true}]}}