{"id":7247,"date":"2025-05-18T22:52:58","date_gmt":"2025-05-18T20:52:58","guid":{"rendered":"https:\/\/agrarpetrovic.rs\/proizvod\/plamen-dikamba-dma-577-9-g-l-1-l\/"},"modified":"2025-10-23T11:55:24","modified_gmt":"2025-10-23T09:55:24","slug":"plamen-dikamba-dma-577-9-g-l-1-l","status":"publish","type":"product","link":"https:\/\/agrarpetrovic.rs\/en\/proizvod\/plamen-dikamba-dma-577-9-g-l-1-l\/","title":{"rendered":"PLAMEN 1l &#8211; Herbicid"},"content":{"rendered":"<p><strong>Klasa<\/strong>: Herbicidi<\/p>\n<p><strong>Aktivne materije: <\/strong>Dikamba &#8211; DMA<\/p>\n<p><strong>Proizvo\u0111a\u010d<\/strong>: GALENIKA-FITOFARMACIJA a.d.<\/p>\n<p><strong>Formulacija<\/strong>: koncentrovani rastvor &#8211; SL<\/p>\n<p><strong>Delovanje<\/strong>: Plamen je selektivni, translokacioni herbicid koji sadr\u017ei aktivnu supstancu dikamba iz grupe derivata benzoeve kiseline. Usvaja se folijarno i sprovodnim sudovima se translocira kroz celu korovsku biljku uklju\u010duju\u0107i nadzemne i podzemne delove. Inhibira procese \u0107elijske deobe i fotosinteze \u0161to dovodi do deformacija celokupne korovske biljke u vidu uvrtanja, \u017eutila i brzog propadanja.<\/p>\n<p><strong>Karenca<\/strong>: Obezbe\u0111ena vremenom primene &#8211; kukuruz<\/p>\n<p><strong>Koncentracija<\/strong>:<\/p>\n<ul>\n<li>0,5-0,7 l\/ha<\/li>\n<li>1,5 l\/ha<\/li>\n<\/ul>\n<p><strong>Primena<\/strong>: kukuruz, nepoljoprivredne povr\u0161ine<\/p>","protected":false},"excerpt":{"rendered":"<p>Selektivni herbicid za efikasno suzbijanje jednogodi\u0161njih i vi\u0161egodi\u0161njih \u0161irokolisnih korova u kukuruzu i na nepoljoprivrednim povr\u0161inama<\/p>","protected":false},"featured_media":7656,"template":"","meta":[],"product_brand":[414],"product_cat":[449],"product_tag":[469],"class_list":{"0":"post-7247","1":"product","2":"type-product","3":"status-publish","4":"has-post-thumbnail","6":"product_brand-galenika","7":"product_cat-herbicidi-2","8":"product_tag-dikamba-dma","10":"first","11":"outofstock","12":"purchasable","13":"product-type-simple"},"_links":{"self":[{"href":"https:\/\/agrarpetrovic.rs\/en\/wp-json\/wp\/v2\/product\/7247","targetHints":{"allow":["GET"]}}],"collection":[{"href":"https:\/\/agrarpetrovic.rs\/en\/wp-json\/wp\/v2\/product"}],"about":[{"href":"https:\/\/agrarpetrovic.rs\/en\/wp-json\/wp\/v2\/types\/product"}],"wp:featuredmedia":[{"embeddable":true,"href":"https:\/\/agrarpetrovic.rs\/en\/wp-json\/wp\/v2\/media\/7656"}],"wp:attachment":[{"href":"https:\/\/agrarpetrovic.rs\/en\/wp-json\/wp\/v2\/media?parent=7247"}],"wp:term":[{"taxonomy":"product_brand","embeddable":true,"href":"https:\/\/agrarpetrovic.rs\/en\/wp-json\/wp\/v2\/product_brand?post=7247"},{"taxonomy":"product_cat","embeddable":true,"href":"https:\/\/agrarpetrovic.rs\/en\/wp-json\/wp\/v2\/product_cat?post=7247"},{"taxonomy":"product_tag","embeddable":true,"href":"https:\/\/agrarpetrovic.rs\/en\/wp-json\/wp\/v2\/product_tag?post=7247"}],"curies":[{"name":"wp","href":"https:\/\/api.w.org\/{rel}","templated":true}]}}