{"id":7250,"date":"2025-05-18T22:52:58","date_gmt":"2025-05-18T20:52:58","guid":{"rendered":"https:\/\/agrarpetrovic.rs\/proizvod\/rafal-120-kletodim-120-g-l-1-l\/"},"modified":"2025-10-23T11:55:24","modified_gmt":"2025-10-23T09:55:24","slug":"rafal-120-kletodim-120-g-l-1-l","status":"publish","type":"product","link":"https:\/\/agrarpetrovic.rs\/en\/proizvod\/rafal-120-kletodim-120-g-l-1-l\/","title":{"rendered":"RAFAL 120 1l &#8211; Herbicid"},"content":{"rendered":"<p><strong>Klasa<\/strong>: Herbicidi<\/p>\n<p><strong>Aktivne materije:<\/strong> Kletodim<\/p>\n<p><strong>Proizvo\u0111a\u010d<\/strong>: GALENIKA-FITOFARMACIJA a.d.<\/p>\n<p><strong>Formulacija<\/strong>: koncentrat za emulziju &#8211; EC<\/p>\n<p><strong>Delovanje<\/strong>: Rafal 120 je selektivni, translokacioni herbicid na bazi aktivne supstance kletodim iz grupe cikloheksandiona. Jedan sat nakon tretmana herbicid se u potpunosti usvaja sa lisne povr\u0161ine, translocira se i nakuplja u meristemskom tkivu. U \u0107elijama inhibira aktivnost enzima odgovornih za sintezu lipida, koji u\u010destvuju u izgradnji \u0107elijskih membrana. Iz tog razloga dolazi do nekontrolisane popustljivosti membrana, zaustavljanja deobe \u0107elija i propadanja biljnog tkiva. Spada me\u0111u najselektivnije herbicide iz grupe &#8222;graminicida&#8220; u odnosu na gajene \u0161irokolisne useve.<\/p>\n<p><strong>Karenca<\/strong>:<\/p>\n<ul>\n<li>Obezbe\u0111ena vremenom primene &#8211; suncokret, soja, \u0161e\u0107erna repa, lucerka, krompir<\/li>\n<li>30 dana &#8211; mrkva, crni luk, beli luk, gra\u0161ak, pasulj, paprika, paradajz, dinja, lubenica, krastavac, kupus<\/li>\n<\/ul>\n<p><strong>Koncentracija<\/strong>: 0,8-2 l\/ha<\/p>\n<p><strong>Primena<\/strong>: soja, suncokret, \u0161e\u0107erna repa, krompir, mrkva, crni luk, beli luk, gra\u0161ak, paprika, paradajz, dinja, lubenica, krastavac, kupus, lucerka, pasulj<\/p>","protected":false},"excerpt":{"rendered":"<p>Selektivni translokacioni herbicid za suzbijanje jednogodi\u0161njih i vi\u0161egodi\u0161njih uskolisnih korova u velikom broju ratarskih i povrtarskih useva<\/p>","protected":false},"featured_media":7378,"template":"","meta":[],"product_brand":[414],"product_cat":[449],"product_tag":[470],"class_list":{"0":"post-7250","1":"product","2":"type-product","3":"status-publish","4":"has-post-thumbnail","6":"product_brand-galenika","7":"product_cat-herbicidi-2","8":"product_tag-kletodim","10":"first","11":"outofstock","12":"purchasable","13":"product-type-simple"},"_links":{"self":[{"href":"https:\/\/agrarpetrovic.rs\/en\/wp-json\/wp\/v2\/product\/7250","targetHints":{"allow":["GET"]}}],"collection":[{"href":"https:\/\/agrarpetrovic.rs\/en\/wp-json\/wp\/v2\/product"}],"about":[{"href":"https:\/\/agrarpetrovic.rs\/en\/wp-json\/wp\/v2\/types\/product"}],"wp:featuredmedia":[{"embeddable":true,"href":"https:\/\/agrarpetrovic.rs\/en\/wp-json\/wp\/v2\/media\/7378"}],"wp:attachment":[{"href":"https:\/\/agrarpetrovic.rs\/en\/wp-json\/wp\/v2\/media?parent=7250"}],"wp:term":[{"taxonomy":"product_brand","embeddable":true,"href":"https:\/\/agrarpetrovic.rs\/en\/wp-json\/wp\/v2\/product_brand?post=7250"},{"taxonomy":"product_cat","embeddable":true,"href":"https:\/\/agrarpetrovic.rs\/en\/wp-json\/wp\/v2\/product_cat?post=7250"},{"taxonomy":"product_tag","embeddable":true,"href":"https:\/\/agrarpetrovic.rs\/en\/wp-json\/wp\/v2\/product_tag?post=7250"}],"curies":[{"name":"wp","href":"https:\/\/api.w.org\/{rel}","templated":true}]}}