{"id":7256,"date":"2025-05-18T22:53:01","date_gmt":"2025-05-18T20:53:01","guid":{"rendered":"https:\/\/agrarpetrovic.rs\/proizvod\/skaut-sc-mezotrion-480-g-l-1-l\/"},"modified":"2025-10-23T11:55:25","modified_gmt":"2025-10-23T09:55:25","slug":"skaut-sc-mezotrion-480-g-l-1-l","status":"publish","type":"product","link":"https:\/\/agrarpetrovic.rs\/en\/proizvod\/skaut-sc-mezotrion-480-g-l-1-l\/","title":{"rendered":"SKAUT SC 1l &#8211; Herbicid"},"content":{"rendered":"<p><strong>Klasa<\/strong>: Herbicidi<\/p>\n<p><strong>Aktivne materije:<\/strong> Mezotrion<\/p>\n<p><strong>Proizvo\u0111a\u010d<\/strong>: GALENIKA-FITOFARMACIJA a.d.<\/p>\n<p><strong>Formulacija<\/strong>: koncentrovana suspenzija &#8211; SC<\/p>\n<p><strong>Delovanje<\/strong>: Skaut je visoko selektivni herbicid koji sadr\u017ei aktivnu supstancu mezotrion iz grupe triketona. Korovske biljke ga ve\u0107inom usvajaju preko lista i preko korena i translociraju ksilemom i floemom. U tkivu inhibira sintezu karotenoida, koji apsorbuju deo odre\u0111enog spektra svetlosti i \u0161tite hlorofil od fotooksidacije. Skaut svojim delovanjem indirektno izaziva razgradnju hlorofila i neposredno izbeljivanje i nekrozu tretiranih korova.<\/p>\n<p><strong>Karenca<\/strong>: Obezbe\u0111ena vremenom primene &#8211; kukuruz<\/p>\n<p><strong>Koncentracija<\/strong>: 0,15-0,25 l\/ha + 0.5% Alteox Wet 40<\/p>\n<p><strong>Primena<\/strong>: kukuruz<\/p>","protected":false},"excerpt":{"rendered":"<p>Selektivni sistemi\u010dni herbicid za suzbijanje jednogodi\u0161njih \u0161irokolisnih korova u usevu kukuruza<\/p>","protected":false},"featured_media":7407,"template":"","meta":[],"product_brand":[414],"product_cat":[449],"product_tag":[474],"class_list":{"0":"post-7256","1":"product","2":"type-product","3":"status-publish","4":"has-post-thumbnail","6":"product_brand-galenika","7":"product_cat-herbicidi-2","8":"product_tag-mezotrion","10":"first","11":"outofstock","12":"purchasable","13":"product-type-simple"},"_links":{"self":[{"href":"https:\/\/agrarpetrovic.rs\/en\/wp-json\/wp\/v2\/product\/7256","targetHints":{"allow":["GET"]}}],"collection":[{"href":"https:\/\/agrarpetrovic.rs\/en\/wp-json\/wp\/v2\/product"}],"about":[{"href":"https:\/\/agrarpetrovic.rs\/en\/wp-json\/wp\/v2\/types\/product"}],"wp:featuredmedia":[{"embeddable":true,"href":"https:\/\/agrarpetrovic.rs\/en\/wp-json\/wp\/v2\/media\/7407"}],"wp:attachment":[{"href":"https:\/\/agrarpetrovic.rs\/en\/wp-json\/wp\/v2\/media?parent=7256"}],"wp:term":[{"taxonomy":"product_brand","embeddable":true,"href":"https:\/\/agrarpetrovic.rs\/en\/wp-json\/wp\/v2\/product_brand?post=7256"},{"taxonomy":"product_cat","embeddable":true,"href":"https:\/\/agrarpetrovic.rs\/en\/wp-json\/wp\/v2\/product_cat?post=7256"},{"taxonomy":"product_tag","embeddable":true,"href":"https:\/\/agrarpetrovic.rs\/en\/wp-json\/wp\/v2\/product_tag?post=7256"}],"curies":[{"name":"wp","href":"https:\/\/api.w.org\/{rel}","templated":true}]}}