{"id":7259,"date":"2025-05-18T22:53:01","date_gmt":"2025-05-18T20:53:01","guid":{"rendered":"https:\/\/agrarpetrovic.rs\/proizvod\/spektrum-fluazifop-p-butil-150-g-l-5-l\/"},"modified":"2025-10-23T11:55:28","modified_gmt":"2025-10-23T09:55:28","slug":"spektrum-fluazifop-p-butil-150-g-l-5-l","status":"publish","type":"product","link":"https:\/\/agrarpetrovic.rs\/en\/proizvod\/spektrum-fluazifop-p-butil-150-g-l-5-l\/","title":{"rendered":"SPEKTRUM 5l &#8211; Herbicid"},"content":{"rendered":"<p><strong>Klasa<\/strong>: Herbicidi<\/p>\n<p><strong>Aktivne materije:<\/strong> Fluazifop-p-butil<\/p>\n<p><strong>Proizvo\u0111a\u010d<\/strong>: GALENIKA-FITOFARMACIJA a.d.<\/p>\n<p><strong>Formulacija<\/strong>: koncentrat za emulziju &#8211; EC<\/p>\n<p><strong>Delovanje<\/strong>: Fluazifop-p-butil pripada grupi ariloksifenoksi propionata. Spada me\u0111u najefikasnije graminicide za suzbijanje uskolisnih korova. Nakon tretmana vrlo brzo se usvaja i translocira do tkiva zadu\u017eenih za vegetativni porast. Inhibira enzime koji su zadu\u017eeni za sintezu lipida i vrlo brzo posle tretiranja zaustavlja porast korova. Simptomi delovanja herbicida vidljivi su nakon par dana, a do potpunog propadanja korova dolazi nakon 14-21 dan. Spektrum je veoma selektivan i bezbedan po gajene useve u kojima se se primenjuje.<\/p>\n<p><strong>Karenca<\/strong>:<\/p>\n<ul>\n<li>28 dana &#8211; vo\u0107e<\/li>\n<li>42 dana &#8211; krompir<\/li>\n<li>45 dana &#8211; malina, kupina<\/li>\n<li>49 dana &#8211; crni luk<\/li>\n<li>70 dana &#8211; \u0161e\u0107erna repa<\/li>\n<li>90 dana &#8211; borovnica<\/li>\n<li>obezbe\u0111ena vremenom primene &#8211; suncokret, soja<\/li>\n<\/ul>\n<p><strong>Koncentracija<\/strong>:<\/p>\n<ul>\n<li>0,8-1,3 l\/ha<\/li>\n<li>1,5-2,5 l\/ha<\/li>\n<\/ul>\n<p><strong>Primena<\/strong>: jabuka, kru\u0161ka, dunja, malina, kupina, borovnica, \u0161e\u0107erna repa, suncokret, soja, krompir, crni luk<\/p>","protected":false},"excerpt":{"rendered":"<p>Selektivni translokacioni herbicid za suzbijanje jednogodi\u0161njih i vi\u0161egodi\u0161njih uskolisni korova u ratarstvu, povrtarstvu i vo\u0107arstvu<\/p>","protected":false},"featured_media":7372,"template":"","meta":[],"product_brand":[414],"product_cat":[449],"product_tag":[475],"class_list":{"0":"post-7259","1":"product","2":"type-product","3":"status-publish","4":"has-post-thumbnail","6":"product_brand-galenika","7":"product_cat-herbicidi-2","8":"product_tag-fluazifop-p-butil","10":"first","11":"outofstock","12":"purchasable","13":"product-type-simple"},"_links":{"self":[{"href":"https:\/\/agrarpetrovic.rs\/en\/wp-json\/wp\/v2\/product\/7259","targetHints":{"allow":["GET"]}}],"collection":[{"href":"https:\/\/agrarpetrovic.rs\/en\/wp-json\/wp\/v2\/product"}],"about":[{"href":"https:\/\/agrarpetrovic.rs\/en\/wp-json\/wp\/v2\/types\/product"}],"wp:featuredmedia":[{"embeddable":true,"href":"https:\/\/agrarpetrovic.rs\/en\/wp-json\/wp\/v2\/media\/7372"}],"wp:attachment":[{"href":"https:\/\/agrarpetrovic.rs\/en\/wp-json\/wp\/v2\/media?parent=7259"}],"wp:term":[{"taxonomy":"product_brand","embeddable":true,"href":"https:\/\/agrarpetrovic.rs\/en\/wp-json\/wp\/v2\/product_brand?post=7259"},{"taxonomy":"product_cat","embeddable":true,"href":"https:\/\/agrarpetrovic.rs\/en\/wp-json\/wp\/v2\/product_cat?post=7259"},{"taxonomy":"product_tag","embeddable":true,"href":"https:\/\/agrarpetrovic.rs\/en\/wp-json\/wp\/v2\/product_tag?post=7259"}],"curies":[{"name":"wp","href":"https:\/\/api.w.org\/{rel}","templated":true}]}}