{"id":7261,"date":"2025-05-18T22:53:01","date_gmt":"2025-05-18T20:53:01","guid":{"rendered":"https:\/\/agrarpetrovic.rs\/proizvod\/talisman-nikosulfuron-40-g-l-300-ml\/"},"modified":"2025-10-23T11:55:28","modified_gmt":"2025-10-23T09:55:28","slug":"talisman-nikosulfuron-40-g-l-300-ml","status":"publish","type":"product","link":"https:\/\/agrarpetrovic.rs\/en\/proizvod\/talisman-nikosulfuron-40-g-l-300-ml\/","title":{"rendered":"TALISMAN 300 ml &#8211; Herbicid"},"content":{"rendered":"<p><strong>Klasa<\/strong>: Herbicidi<\/p>\n<p><strong>Aktivne materije:<\/strong> Nikosulfuron<\/p>\n<p><strong>Proizvo\u0111a\u010d<\/strong>: GALENIKA-FITOFARMACIJA a.d.<\/p>\n<p><strong>Formulacija<\/strong>: koncetrovana uljna suspenzija &#8211; OD<\/p>\n<p><strong>Delovanje<\/strong>: Talisman je selektivni, translokacioni herbicid koji sadr\u017ei aktivnu supstancu nikosulfuron iz hemijske grupe sulfonilurea. Korovi ga usvajaju preko lisne mase i korena (ukoliko ima dovoljno vlage u zemlji\u0161tu), nakon \u010dega se brzo translocira ksilemom i floemom. Spre\u010davaju\u0107i proces obrazovanja acetolaktat sintetaze, ova aktivna supstanca prouzrokuje inhibiciju aminokiselina valin i izoleucin, a potom stopira deobu \u0107elija. Kod uskolisnih korova dolazi do pojave crvenila i nekroze, a kod osetljivih \u0161irokolisnih korova do zadebljanja i deformacije meristemskog tkiva.<\/p>\n<p><strong>Karenca<\/strong>: Obezbe\u0111ena vremenom primene &#8211; kukuruz<\/p>\n<p><strong>Koncentracija<\/strong>: 1-1,25 l\/ha<\/p>\n<p><strong>Primena<\/strong>: kukuruz merkantilni i sila\u017eni<\/p>","protected":false},"excerpt":{"rendered":"<p>Selektivni herbicid za suzbijanje jednogodi\u0161njih i vi\u0161egodi\u0161njih uskolisnih i nekih \u0161irokolisnih korova u usevu kukuruza<\/p>","protected":false},"featured_media":7365,"template":"","meta":[],"product_brand":[414],"product_cat":[449],"product_tag":[476],"class_list":{"0":"post-7261","1":"product","2":"type-product","3":"status-publish","4":"has-post-thumbnail","6":"product_brand-galenika","7":"product_cat-herbicidi-2","8":"product_tag-nikosulfuron","10":"first","11":"outofstock","12":"purchasable","13":"product-type-simple"},"_links":{"self":[{"href":"https:\/\/agrarpetrovic.rs\/en\/wp-json\/wp\/v2\/product\/7261","targetHints":{"allow":["GET"]}}],"collection":[{"href":"https:\/\/agrarpetrovic.rs\/en\/wp-json\/wp\/v2\/product"}],"about":[{"href":"https:\/\/agrarpetrovic.rs\/en\/wp-json\/wp\/v2\/types\/product"}],"wp:featuredmedia":[{"embeddable":true,"href":"https:\/\/agrarpetrovic.rs\/en\/wp-json\/wp\/v2\/media\/7365"}],"wp:attachment":[{"href":"https:\/\/agrarpetrovic.rs\/en\/wp-json\/wp\/v2\/media?parent=7261"}],"wp:term":[{"taxonomy":"product_brand","embeddable":true,"href":"https:\/\/agrarpetrovic.rs\/en\/wp-json\/wp\/v2\/product_brand?post=7261"},{"taxonomy":"product_cat","embeddable":true,"href":"https:\/\/agrarpetrovic.rs\/en\/wp-json\/wp\/v2\/product_cat?post=7261"},{"taxonomy":"product_tag","embeddable":true,"href":"https:\/\/agrarpetrovic.rs\/en\/wp-json\/wp\/v2\/product_tag?post=7261"}],"curies":[{"name":"wp","href":"https:\/\/api.w.org\/{rel}","templated":true}]}}