{"id":7265,"date":"2025-05-18T22:53:01","date_gmt":"2025-05-18T20:53:01","guid":{"rendered":"https:\/\/agrarpetrovic.rs\/proizvod\/velton-wg-metribuzin-700-g-kg-500-g\/"},"modified":"2025-10-23T11:55:28","modified_gmt":"2025-10-23T09:55:28","slug":"velton-wg-metribuzin-700-g-kg-500-g","status":"publish","type":"product","link":"https:\/\/agrarpetrovic.rs\/en\/proizvod\/velton-wg-metribuzin-700-g-kg-500-g\/","title":{"rendered":"VELTON WG 500 g &#8211; Herbicid"},"content":{"rendered":"<p><strong>Klasa<\/strong>: Herbicidi<\/p>\n<p><strong>Aktivne materije:<\/strong> Metribuzin<\/p>\n<p><strong>Proizvo\u0111a\u010d<\/strong>: GALENIKA-FITOFARMACIJA a.d.<\/p>\n<p><strong>Formulacija<\/strong>: vododisperzibilne granule &#8211; WG<\/p>\n<p><strong>Delovanje<\/strong>: Velton WG je selektivni, translokacioni herbicid koji sadr\u017ei aktivnu supstancu metribuzin iz grupe 1,2,4-triazinona. Svojim delovanjem remeti procese fotosinteze kod osetljivih korovskih biljaka. Nakon aplikacije se usvaja korenom i listom i transportuje u nadzemne delove biljke. Poseduje slabiju vertikalnu pokretljivost u zemlji\u0161tu \u0161to mu obezbe\u0111uje dugotrajno delovanje.<\/p>\n<p><strong>Karenca<\/strong>:<\/p>\n<ul>\n<li>42 dana &#8211; krompir, paradajz<\/li>\n<li>Obezbe\u0111ena vremenom primene &#8211; soja, lucerka<\/li>\n<\/ul>\n<p><strong>Koncentracija<\/strong>: 0,5-1,5 kg\/ha<\/p>\n<p><strong>Primena<\/strong>: soja, krompir, paradajz, lucerka<\/p>","protected":false},"excerpt":{"rendered":"<p>Selektivni translokacioni herbicid za suzbijanje jednogodi\u0161njih \u0161irokolisnih korova u usevu soje, krompira, paradajza i lucerke<\/p>","protected":false},"featured_media":7366,"template":"","meta":[],"product_brand":[414],"product_cat":[449],"product_tag":[478],"class_list":{"0":"post-7265","1":"product","2":"type-product","3":"status-publish","4":"has-post-thumbnail","6":"product_brand-galenika","7":"product_cat-herbicidi-2","8":"product_tag-metribuzin","10":"first","11":"outofstock","12":"purchasable","13":"product-type-simple"},"_links":{"self":[{"href":"https:\/\/agrarpetrovic.rs\/en\/wp-json\/wp\/v2\/product\/7265","targetHints":{"allow":["GET"]}}],"collection":[{"href":"https:\/\/agrarpetrovic.rs\/en\/wp-json\/wp\/v2\/product"}],"about":[{"href":"https:\/\/agrarpetrovic.rs\/en\/wp-json\/wp\/v2\/types\/product"}],"wp:featuredmedia":[{"embeddable":true,"href":"https:\/\/agrarpetrovic.rs\/en\/wp-json\/wp\/v2\/media\/7366"}],"wp:attachment":[{"href":"https:\/\/agrarpetrovic.rs\/en\/wp-json\/wp\/v2\/media?parent=7265"}],"wp:term":[{"taxonomy":"product_brand","embeddable":true,"href":"https:\/\/agrarpetrovic.rs\/en\/wp-json\/wp\/v2\/product_brand?post=7265"},{"taxonomy":"product_cat","embeddable":true,"href":"https:\/\/agrarpetrovic.rs\/en\/wp-json\/wp\/v2\/product_cat?post=7265"},{"taxonomy":"product_tag","embeddable":true,"href":"https:\/\/agrarpetrovic.rs\/en\/wp-json\/wp\/v2\/product_tag?post=7265"}],"curies":[{"name":"wp","href":"https:\/\/api.w.org\/{rel}","templated":true}]}}