{"id":7267,"date":"2025-05-18T22:53:01","date_gmt":"2025-05-18T20:53:01","guid":{"rendered":"https:\/\/agrarpetrovic.rs\/proizvod\/zanat-pendimetalin-330-g-l-200-ml\/"},"modified":"2025-10-23T11:55:28","modified_gmt":"2025-10-23T09:55:28","slug":"zanat-pendimetalin-330-g-l-200-ml","status":"publish","type":"product","link":"https:\/\/agrarpetrovic.rs\/en\/proizvod\/zanat-pendimetalin-330-g-l-200-ml\/","title":{"rendered":"ZANAT 200 ml &#8211; Herbicid"},"content":{"rendered":"<p><strong>Klasa<\/strong>: Herbicidi<\/p>\n<p><strong>Aktivne materije:<\/strong> Pendimetalin<\/p>\n<p><strong>Proizvo\u0111a\u010d<\/strong>: GALENIKA-FITOFARMACIJA a.d.<\/p>\n<p><strong>Formulacija<\/strong>: koncentrat za emulziju &#8211; EC<\/p>\n<p><strong>Delovanje<\/strong>: Zanat je selektivni, translokacioni zemlji\u0161ni herbicid koji sadr\u017ei aktivnu supstancu pendimetalin iz hemijske grupe dinitroanilina. Suzbija jednogodi\u0161nje travne i \u0161irokolisne korove u vreme klijanja i nicanja. Podjednako dobro se usvaja i korenom i li\u0161\u0107em korova. Spre\u010davaju\u0107i proces obrazovanja mikrotubula ova aktivna supstanca prouzrokuje prekid mitoze i deobu \u0107elija. Ovim na\u010dinom delovanja se zaustavlja rast korena korova, a u kasnijim fazama dolazi i do potpunog su\u0161enja biljaka. Zanat je veoma malo rastvorljiv u vodi, nije podlo\u017ean spiranju u dublje slojeve i formira herbicidni film koji obezbe\u0111uje dugu zemlji\u0161nu za\u0161titu gajenih useva.<\/p>\n<p><strong>Karenca<\/strong>:<\/p>\n<ul>\n<li>42 dana &#8211; paradajz<\/li>\n<li>60 dana &#8211; mrkva, per\u0161un, pa\u0161trnak, celer<\/li>\n<li>63 dana &#8211; crni luk, beli luk, praziluk, vla\u0161ac, krompir, kupus, kelj, karfiol, keleraba, brokoli, prokelj, paprika, gra\u0161ak, boranija, sto\u010dni gra\u0161ak<\/li>\n<li>Obezbe\u0111ena vremenom primene &#8211; kukuruz, p\u0161enica, soja, suncokret, duvan, pasulj, bob<\/li>\n<\/ul>\n<p><strong>Koncentracija<\/strong>: 3-7 l\/ha<\/p>\n<p><strong>Primena<\/strong>: kukuruz, krompir, suncokret, soja, p\u0161enica, duvan, paradajz, paprika, kupus (iz rasada), crni luk, beli luk, praziluk, vla\u0161ac, gra\u0161ak, pasulj, boranija, bob, sto\u010dni gra\u0161ak, mrkva, per\u0161un, pa\u0161trnak, celer, kelj, karfiol, keleraba, brokoli, prokelj<\/p>","protected":false},"excerpt":{"rendered":"<p>Selektivni translokacioni herbicid za suzbijanje jednogodi\u0161njih travnih i \u0161irokolisnih korova u ratarstvu i povrtarstvu<\/p>","protected":false},"featured_media":7368,"template":"","meta":[],"product_brand":[414],"product_cat":[449],"product_tag":[479],"class_list":{"0":"post-7267","1":"product","2":"type-product","3":"status-publish","4":"has-post-thumbnail","6":"product_brand-galenika","7":"product_cat-herbicidi-2","8":"product_tag-pendimetalin","10":"first","11":"outofstock","12":"purchasable","13":"product-type-simple"},"_links":{"self":[{"href":"https:\/\/agrarpetrovic.rs\/en\/wp-json\/wp\/v2\/product\/7267","targetHints":{"allow":["GET"]}}],"collection":[{"href":"https:\/\/agrarpetrovic.rs\/en\/wp-json\/wp\/v2\/product"}],"about":[{"href":"https:\/\/agrarpetrovic.rs\/en\/wp-json\/wp\/v2\/types\/product"}],"wp:featuredmedia":[{"embeddable":true,"href":"https:\/\/agrarpetrovic.rs\/en\/wp-json\/wp\/v2\/media\/7368"}],"wp:attachment":[{"href":"https:\/\/agrarpetrovic.rs\/en\/wp-json\/wp\/v2\/media?parent=7267"}],"wp:term":[{"taxonomy":"product_brand","embeddable":true,"href":"https:\/\/agrarpetrovic.rs\/en\/wp-json\/wp\/v2\/product_brand?post=7267"},{"taxonomy":"product_cat","embeddable":true,"href":"https:\/\/agrarpetrovic.rs\/en\/wp-json\/wp\/v2\/product_cat?post=7267"},{"taxonomy":"product_tag","embeddable":true,"href":"https:\/\/agrarpetrovic.rs\/en\/wp-json\/wp\/v2\/product_tag?post=7267"}],"curies":[{"name":"wp","href":"https:\/\/api.w.org\/{rel}","templated":true}]}}