{"id":7269,"date":"2025-05-18T22:53:01","date_gmt":"2025-05-18T20:53:01","guid":{"rendered":"https:\/\/agrarpetrovic.rs\/proizvod\/cipkord-20-ec-cipermetrin-200-g-l-1-l\/"},"modified":"2025-10-23T11:55:29","modified_gmt":"2025-10-23T09:55:29","slug":"cipkord-20-ec-cipermetrin-200-g-l-1-l","status":"publish","type":"product","link":"https:\/\/agrarpetrovic.rs\/en\/proizvod\/cipkord-20-ec-cipermetrin-200-g-l-1-l\/","title":{"rendered":"CIPKORD 20 EC 1l &#8211; Insekticid"},"content":{"rendered":"<p><strong>Klasa<\/strong>: Insekticidi<\/p>\n<p><strong>Aktivne materije:<\/strong> Cipermetrin<\/p>\n<p><strong>Proizvo\u0111a\u010d<\/strong>: GALENIKA-FITOFARMACIJA a.d.<\/p>\n<p><strong>Formulacija<\/strong>: koncentrat za emulziju &#8211; EC<\/p>\n<p><strong>Delovanje<\/strong>: Moduliraju\u0107i natrijumove kanale nervnih vlakana, cipermetrin, kao i ostali insekticidi iz grupe piretroida, prouzrokuje poreme\u0107aj u protoku nervnih impulsa, usled \u010dega kao krajnja posledica nastaje uginu\u0107e tretiranih jedinki. Ovaj insekticid deluje kontaktnim putem na pokretne stadijume insekata. Kada se primeni u preporu\u010denim koli\u010dinama nivo njegovih ostataka obezbe\u0111uje povoljnu dugotrajnost delovanja.<\/p>\n<p><strong>Karenca<\/strong>:<\/p>\n<ul>\n<li>14 dana &#8211; krompir, krastavac, paradajz<\/li>\n<li>28 dana &#8211; vo\u0107e, kupusnja\u010de<\/li>\n<li>35 dana &#8211; \u0161e\u0107erna repa<\/li>\n<li>56 dana &#8211; vinova loza<\/li>\n<\/ul>\n<p><strong>Koncentracija<\/strong>: 0,015-0,03%<br \/>\n0.15-0.3 l\/ha<\/p>\n<p><strong>Primena<\/strong>: jabuka, kru\u0161ka, vinova loza, krastavac, paradajz, krompir, kupus, kelj, karfiol, keleraba, rotkvica, \u0161e\u0107erna repa<\/p>","protected":false},"excerpt":{"rendered":"<p>Kontaktni insekticid \u0161irokog spektra delovanja<\/p>","protected":false},"featured_media":7361,"template":"","meta":[],"product_brand":[414],"product_cat":[480],"product_tag":[481],"class_list":{"0":"post-7269","1":"product","2":"type-product","3":"status-publish","4":"has-post-thumbnail","6":"product_brand-galenika","7":"product_cat-insekticidi-2","8":"product_tag-cipermetrin","10":"first","11":"outofstock","12":"purchasable","13":"product-type-simple"},"_links":{"self":[{"href":"https:\/\/agrarpetrovic.rs\/en\/wp-json\/wp\/v2\/product\/7269","targetHints":{"allow":["GET"]}}],"collection":[{"href":"https:\/\/agrarpetrovic.rs\/en\/wp-json\/wp\/v2\/product"}],"about":[{"href":"https:\/\/agrarpetrovic.rs\/en\/wp-json\/wp\/v2\/types\/product"}],"wp:featuredmedia":[{"embeddable":true,"href":"https:\/\/agrarpetrovic.rs\/en\/wp-json\/wp\/v2\/media\/7361"}],"wp:attachment":[{"href":"https:\/\/agrarpetrovic.rs\/en\/wp-json\/wp\/v2\/media?parent=7269"}],"wp:term":[{"taxonomy":"product_brand","embeddable":true,"href":"https:\/\/agrarpetrovic.rs\/en\/wp-json\/wp\/v2\/product_brand?post=7269"},{"taxonomy":"product_cat","embeddable":true,"href":"https:\/\/agrarpetrovic.rs\/en\/wp-json\/wp\/v2\/product_cat?post=7269"},{"taxonomy":"product_tag","embeddable":true,"href":"https:\/\/agrarpetrovic.rs\/en\/wp-json\/wp\/v2\/product_tag?post=7269"}],"curies":[{"name":"wp","href":"https:\/\/api.w.org\/{rel}","templated":true}]}}