{"id":7273,"date":"2025-05-18T22:53:04","date_gmt":"2025-05-18T20:53:04","guid":{"rendered":"https:\/\/agrarpetrovic.rs\/proizvod\/etiol-ultra-deltametrin-25-g-l-300-ml\/"},"modified":"2025-10-23T11:55:29","modified_gmt":"2025-10-23T09:55:29","slug":"etiol-ultra-deltametrin-25-g-l-300-ml","status":"publish","type":"product","link":"https:\/\/agrarpetrovic.rs\/en\/proizvod\/etiol-ultra-deltametrin-25-g-l-300-ml\/","title":{"rendered":"ETIOL ULTRA 300 ml &#8211; Insekticid"},"content":{"rendered":"<p><strong>Klasa<\/strong>: Insekticidi<\/p>\n<p><strong>Aktivne materije:<\/strong> Deltametrin + piperonil-butoksid (sinergist)<\/p>\n<p><strong>Proizvo\u0111a\u010d<\/strong>: GALENIKA-FITOFARMACIJA a.d.<\/p>\n<p><strong>Formulacija<\/strong>: koncentrat za emulziju &#8211; EC<\/p>\n<p><strong>Delovanje<\/strong>: Deltametrin je nesistemi\u010dni insekticid iz grupe piretroida. Remeti protok Na+ jona kroz nervnu membranu. Nakon primene dolazi do paralize nervnog sistema insekata kroz promene napona natrijumovih kanala nervnih vlakana, \u0161to prouzrukuje efekat brzog uginu\u0107a insekata. PBO kao sinergist ubrzava i poja\u010dava dejstvo deltametrina i smanjuje mogu\u0107nost pojave rezistentnosti tretiranih insekata.<\/p>\n<p><strong>Karenca<\/strong>: 7 dana &#8211; p\u0161enica, kukuruz<\/p>\n<p><strong>Koncentracija<\/strong>:<\/p>\n<ul>\n<li>10 ml\/1t merkantilnog zrna\/1 l vode<\/li>\n<li>40 ml\/1 t semenskog zrna\/ 1 l vode<\/li>\n<\/ul>\n<p><strong>Primena<\/strong>: p\u0161enica,kukuruz<\/p>","protected":false},"excerpt":{"rendered":"<p>Nesistemi\u010dni insekticid, sa kontaktnim i digestivnim delovanjem, namenjen za suzbijanje skladi\u0161nih \u0161teto\u010dina tretiranjem zrna p\u0161enice i kukuruza<\/p>","protected":false},"featured_media":7345,"template":"","meta":[],"product_brand":[414],"product_cat":[480],"product_tag":[482],"class_list":{"0":"post-7273","1":"product","2":"type-product","3":"status-publish","4":"has-post-thumbnail","6":"product_brand-galenika","7":"product_cat-insekticidi-2","8":"product_tag-deltametrin-piperonil-butoksid-sinergist","10":"first","11":"outofstock","12":"purchasable","13":"product-type-simple"},"_links":{"self":[{"href":"https:\/\/agrarpetrovic.rs\/en\/wp-json\/wp\/v2\/product\/7273","targetHints":{"allow":["GET"]}}],"collection":[{"href":"https:\/\/agrarpetrovic.rs\/en\/wp-json\/wp\/v2\/product"}],"about":[{"href":"https:\/\/agrarpetrovic.rs\/en\/wp-json\/wp\/v2\/types\/product"}],"wp:featuredmedia":[{"embeddable":true,"href":"https:\/\/agrarpetrovic.rs\/en\/wp-json\/wp\/v2\/media\/7345"}],"wp:attachment":[{"href":"https:\/\/agrarpetrovic.rs\/en\/wp-json\/wp\/v2\/media?parent=7273"}],"wp:term":[{"taxonomy":"product_brand","embeddable":true,"href":"https:\/\/agrarpetrovic.rs\/en\/wp-json\/wp\/v2\/product_brand?post=7273"},{"taxonomy":"product_cat","embeddable":true,"href":"https:\/\/agrarpetrovic.rs\/en\/wp-json\/wp\/v2\/product_cat?post=7273"},{"taxonomy":"product_tag","embeddable":true,"href":"https:\/\/agrarpetrovic.rs\/en\/wp-json\/wp\/v2\/product_tag?post=7273"}],"curies":[{"name":"wp","href":"https:\/\/api.w.org\/{rel}","templated":true}]}}