{"id":7274,"date":"2025-05-18T22:53:04","date_gmt":"2025-05-18T20:53:04","guid":{"rendered":"https:\/\/agrarpetrovic.rs\/proizvod\/galition-ultra-teflutrin-5g-kg-1-kg\/"},"modified":"2025-10-23T11:55:29","modified_gmt":"2025-10-23T09:55:29","slug":"galition-ultra-teflutrin-5g-kg-1-kg","status":"publish","type":"product","link":"https:\/\/agrarpetrovic.rs\/en\/proizvod\/galition-ultra-teflutrin-5g-kg-1-kg\/","title":{"rendered":"GALITION ULTRA 1kg &#8211; Insekticid"},"content":{"rendered":"<p><strong>Klasa<\/strong>: Insekticidi<\/p>\n<p><strong>Aktivne materije:<\/strong>\u00a0Teflutrin<\/p>\n<p><strong>Proizvo\u0111a\u010d<\/strong>: GALENIKA-FITOFARMACIJA a.d.<\/p>\n<p><strong>Formulacija<\/strong>: granule &#8211; GR<\/p>\n<p><strong>Delovanje<\/strong>: Teflutrin je insekticid sa kontaktnim, digestivnim i inhalacionum delovanjem koji priparada grupi piretroida (IRAC: 3A). Mehanizam delovanja se ogleda u reme\u0107enju protoka Na+ jona kroz jonske kanale na nervnoj membrani pri \u010demu oni ostaju du\u017ee otvoreni, \u0161to ima za posledicu blokadu provodljivosti nervnih vlakana. Kod insekata izaziva ataksiju (drhtanje, nepravilno kretanje) odnosno odsustvo koordinacije. Jedino jedinjenje iz grupe piretroida koje efikasno suzbija \u0161tetne insekte u zemlji\u0161tu. Rastvoriljivost u vodi je jako mala \u0161to zna\u010di da nema ispiranja u dublje slojeve. Pored postojanog i dugotrajnog delovanja, izuzetno je selektivan za sve useve.<\/p>\n<p><strong>Karenca<\/strong>: Obezbe\u0111ena vremenom primene &#8211; paradajz, plavi patlid\u017ean, krompir<\/p>\n<p><strong>Koncentracija<\/strong>: 12-15 kg\/ha<\/p>\n<p><strong>Primena<\/strong>: paradajz, plavi patlid\u017ean, krompir<\/p>","protected":false},"excerpt":{"rendered":"<p>Nesistemi\u010dni insekticid sa kontaktnim i inhalacionim delovanjem koji se koristi za suzbijanje larvi \u017ei\u010dnjaka<\/p>","protected":false},"featured_media":7354,"template":"","meta":[],"product_brand":[414],"product_cat":[480],"product_tag":[483],"class_list":{"0":"post-7274","1":"product","2":"type-product","3":"status-publish","4":"has-post-thumbnail","6":"product_brand-galenika","7":"product_cat-insekticidi-2","8":"product_tag-teflutrin","10":"first","11":"outofstock","12":"purchasable","13":"product-type-simple"},"_links":{"self":[{"href":"https:\/\/agrarpetrovic.rs\/en\/wp-json\/wp\/v2\/product\/7274","targetHints":{"allow":["GET"]}}],"collection":[{"href":"https:\/\/agrarpetrovic.rs\/en\/wp-json\/wp\/v2\/product"}],"about":[{"href":"https:\/\/agrarpetrovic.rs\/en\/wp-json\/wp\/v2\/types\/product"}],"wp:featuredmedia":[{"embeddable":true,"href":"https:\/\/agrarpetrovic.rs\/en\/wp-json\/wp\/v2\/media\/7354"}],"wp:attachment":[{"href":"https:\/\/agrarpetrovic.rs\/en\/wp-json\/wp\/v2\/media?parent=7274"}],"wp:term":[{"taxonomy":"product_brand","embeddable":true,"href":"https:\/\/agrarpetrovic.rs\/en\/wp-json\/wp\/v2\/product_brand?post=7274"},{"taxonomy":"product_cat","embeddable":true,"href":"https:\/\/agrarpetrovic.rs\/en\/wp-json\/wp\/v2\/product_cat?post=7274"},{"taxonomy":"product_tag","embeddable":true,"href":"https:\/\/agrarpetrovic.rs\/en\/wp-json\/wp\/v2\/product_tag?post=7274"}],"curies":[{"name":"wp","href":"https:\/\/api.w.org\/{rel}","templated":true}]}}