{"id":7276,"date":"2025-05-18T22:53:04","date_gmt":"2025-05-18T20:53:04","guid":{"rendered":"https:\/\/agrarpetrovic.rs\/proizvod\/galmin-mineralno-parafinsko-ulje-940-g-l-10-l\/"},"modified":"2025-10-23T11:55:29","modified_gmt":"2025-10-23T09:55:29","slug":"galmin-mineralno-parafinsko-ulje-940-g-l-10-l","status":"publish","type":"product","link":"https:\/\/agrarpetrovic.rs\/en\/proizvod\/galmin-mineralno-parafinsko-ulje-940-g-l-10-l\/","title":{"rendered":"GALMIN 10l &#8211; Insekticid"},"content":{"rendered":"<p><strong>Klasa<\/strong>: Insekticidi<\/p>\n<p><strong>Aktivne materije:<\/strong>\u00a0Mineralno (parafinsko) ulje<\/p>\n<p><strong>Proizvo\u0111a\u010d<\/strong>: GALENIKA-FITOFARMACIJA a.d.<\/p>\n<p><strong>Formulacija<\/strong>: koncentrat za emulziju &#8211; EC<\/p>\n<p><strong>Delovanje<\/strong>: Primenjeno u vreme kretanja vegetacije mineralno ulje fizi\u010dki onemogu\u0107ava respiraciju svih stadijuma insekata i grinja. U koncentracijama preporu\u010denim za primenu u sezoni (letnje tretiranje) ovaj preparat obezbe\u0111uje bolju pokrovnost i prijanjanje sredstava za za\u0161titu bilja, i na taj na\u010din pobolj\u0161ava performanse pesticidnih tretmana.<\/p>\n<p><strong>Karenca<\/strong>: 21 dan &#8211; vinova loza, vo\u0107njaci, citrusi (letnje tretiranje)obezbe\u0111en vremenom primene &#8211; vinova loza, vo\u0107njaci, citrusi (zimsko tretiranje)<\/p>\n<p><strong>Koncentracija<\/strong>: 1-5% 20 l\/ha<\/p>\n<p><strong>Primena<\/strong>: jabuka, kru\u0161ka, \u0161ljiva, breskva, vinova loza, maslina, smokva, agrumi, kajsija, leska, ribizla, borovnica<\/p>","protected":false},"excerpt":{"rendered":"<p>Preparat insekticidnog i akaricidnog dejstva za zimsko i letnje tretiranja vo\u0107aka i vinove loze<\/p>","protected":false},"featured_media":7404,"template":"","meta":[],"product_brand":[414],"product_cat":[480],"product_tag":[484],"class_list":{"0":"post-7276","1":"product","2":"type-product","3":"status-publish","4":"has-post-thumbnail","6":"product_brand-galenika","7":"product_cat-insekticidi-2","8":"product_tag-mineralno-parafinsko-ulje","10":"first","11":"outofstock","12":"purchasable","13":"product-type-simple"},"_links":{"self":[{"href":"https:\/\/agrarpetrovic.rs\/en\/wp-json\/wp\/v2\/product\/7276","targetHints":{"allow":["GET"]}}],"collection":[{"href":"https:\/\/agrarpetrovic.rs\/en\/wp-json\/wp\/v2\/product"}],"about":[{"href":"https:\/\/agrarpetrovic.rs\/en\/wp-json\/wp\/v2\/types\/product"}],"wp:featuredmedia":[{"embeddable":true,"href":"https:\/\/agrarpetrovic.rs\/en\/wp-json\/wp\/v2\/media\/7404"}],"wp:attachment":[{"href":"https:\/\/agrarpetrovic.rs\/en\/wp-json\/wp\/v2\/media?parent=7276"}],"wp:term":[{"taxonomy":"product_brand","embeddable":true,"href":"https:\/\/agrarpetrovic.rs\/en\/wp-json\/wp\/v2\/product_brand?post=7276"},{"taxonomy":"product_cat","embeddable":true,"href":"https:\/\/agrarpetrovic.rs\/en\/wp-json\/wp\/v2\/product_cat?post=7276"},{"taxonomy":"product_tag","embeddable":true,"href":"https:\/\/agrarpetrovic.rs\/en\/wp-json\/wp\/v2\/product_tag?post=7276"}],"curies":[{"name":"wp","href":"https:\/\/api.w.org\/{rel}","templated":true}]}}