{"id":7281,"date":"2025-05-18T22:53:04","date_gmt":"2025-05-18T20:53:04","guid":{"rendered":"https:\/\/agrarpetrovic.rs\/proizvod\/harpun-piriproksifen-100-g-l-100-ml\/"},"modified":"2025-10-23T11:55:32","modified_gmt":"2025-10-23T09:55:32","slug":"harpun-piriproksifen-100-g-l-100-ml","status":"publish","type":"product","link":"https:\/\/agrarpetrovic.rs\/en\/proizvod\/harpun-piriproksifen-100-g-l-100-ml\/","title":{"rendered":"HARPUN 100 ml &#8211; Insekticid"},"content":{"rendered":"<p><strong>Klasa<\/strong>: Insekticidi<\/p>\n<p><strong>Aktivne materije: <\/strong>piriproksifen (100 g\/l)<\/p>\n<p><strong>Proizvo\u0111a\u010d<\/strong>: GALENIKA-FITOFARMACIJA a.d.<\/p>\n<p><strong>Formulacija<\/strong>: koncentrat za emulziju &#8211; EC<\/p>\n<p><strong>Delovanje<\/strong>: Piriproksifen pripada grupi regulatora rasta i razvi\u0107a insekata. Direktno uti\u010de na hormonski disbalans kod insekata \u0161to rezultira spre\u010davanjem embriogeneze, metamorfoze i formiranje imaga. Najbolja efikasnost se posti\u017ee kada se depozit preparata nanese na biljku pre polaganja jaja ili na sve\u017ee polo\u017eena jaja. U tom slu\u010daju dovodi do degenerativnih promena u embrionu \u010dime se spre\u010dava formiranje i piljenje larvi.<\/p>\n<p><strong>Karenca<\/strong>:<\/p>\n<ul>\n<li>3 dana &#8211; paradajz (za\u0161ti\u0107en prostor), plavi patlid\u017ean<\/li>\n<li>14 dana &#8211; kajsija<\/li>\n<li>28 dana &#8211; jabuka, kru\u0161ka, breskva<\/li>\n<\/ul>\n<p><strong>Koncentracija<\/strong>: 0.04-0.15%<\/p>\n<p><strong>Primena<\/strong>: jabuka, kru\u0161ka, breskva, kajsija, borovnica, paradajz (u za\u0161ti\u0107enom prostoru), plavi patlid\u017ean<\/p>","protected":false},"excerpt":{"rendered":"<p>Insekticid sa kontaktnim i digestivnim delovanjem za suzbijanje \u0161teto\u010dina u vo\u0107arstvu i povrtarstvu<\/p>","protected":false},"featured_media":7353,"template":"","meta":[],"product_brand":[414],"product_cat":[480],"product_tag":[861],"class_list":{"0":"post-7281","1":"product","2":"type-product","3":"status-publish","4":"has-post-thumbnail","6":"product_brand-galenika","7":"product_cat-insekticidi-2","8":"product_tag-piriproksifen-100-g-l","10":"first","11":"outofstock","12":"purchasable","13":"product-type-simple"},"_links":{"self":[{"href":"https:\/\/agrarpetrovic.rs\/en\/wp-json\/wp\/v2\/product\/7281","targetHints":{"allow":["GET"]}}],"collection":[{"href":"https:\/\/agrarpetrovic.rs\/en\/wp-json\/wp\/v2\/product"}],"about":[{"href":"https:\/\/agrarpetrovic.rs\/en\/wp-json\/wp\/v2\/types\/product"}],"wp:featuredmedia":[{"embeddable":true,"href":"https:\/\/agrarpetrovic.rs\/en\/wp-json\/wp\/v2\/media\/7353"}],"wp:attachment":[{"href":"https:\/\/agrarpetrovic.rs\/en\/wp-json\/wp\/v2\/media?parent=7281"}],"wp:term":[{"taxonomy":"product_brand","embeddable":true,"href":"https:\/\/agrarpetrovic.rs\/en\/wp-json\/wp\/v2\/product_brand?post=7281"},{"taxonomy":"product_cat","embeddable":true,"href":"https:\/\/agrarpetrovic.rs\/en\/wp-json\/wp\/v2\/product_cat?post=7281"},{"taxonomy":"product_tag","embeddable":true,"href":"https:\/\/agrarpetrovic.rs\/en\/wp-json\/wp\/v2\/product_tag?post=7281"}],"curies":[{"name":"wp","href":"https:\/\/api.w.org\/{rel}","templated":true}]}}