{"id":7284,"date":"2025-05-18T22:53:04","date_gmt":"2025-05-18T20:53:04","guid":{"rendered":"https:\/\/agrarpetrovic.rs\/proizvod\/karika-50-ml\/"},"modified":"2025-10-23T11:55:32","modified_gmt":"2025-10-23T09:55:32","slug":"karika-50-ml","status":"publish","type":"product","link":"https:\/\/agrarpetrovic.rs\/en\/proizvod\/karika-50-ml\/","title":{"rendered":"KARIKA 50 ml &#8211; Insekticid"},"content":{"rendered":"<p><strong>Klasa<\/strong>:Insekticidi<\/p>\n<p><strong>Aktivne materije:<\/strong> acetamiprid + deltametrin<\/p>\n<p><strong>Proizvo\u0111a\u010d<\/strong>:GALENIKA-FITOFARMACIJA a.d.<\/p>\n<p><strong>Formulacija<\/strong>: koncentrat za emulziju &#8211; EC<\/p>\n<p><strong>Delovanje<\/strong>: Deltametrin je insekticid koji pripada grupi piretroida. Mehanizam delovanja se ogleda u reme\u0107enju protoka Na+ jona kroz jonske kanale na nervnoj membrani pri \u010demu oni ostaju du\u017ee otvoreni, \u0161to ima za posledicu blokadu provodljivosti nervnih vlakana. Kod insekata izaziva ataksiju (drhtanje, nepravilno kretanje), odnosno odsustvo koordinacije. Piretroidi su grupa insektica koje odlikuje ,,knock down\u201c efekat, pa su simptomi insekticidnog delovanja veoma brzo vidljivi. Acetamiprid je supstanca koja pripada hemijskoj grupi neonikotinoida. Deluje kao kompetitivni modulator nikotinskih receptora za acetilholin (nAChR). Na ovaj na\u010din, spre\u010dava se preno\u0161enje nervnih impulsa, \u0161to dovodi do uginu\u0107a insekata.<\/p>\n<p><strong>Karenca<\/strong>:<\/p>\n<ul>\n<li>14 dana &#8211; crni luk, vla\u0161ac<\/li>\n<li>8 dana &#8211; jabuka, \u0161ljiva<\/li>\n<li>2 dana &#8211; uljana repica<\/li>\n<\/ul>\n<p><strong>Koncentracija<\/strong>: 0.3-1 l\/ha<\/p>\n<p><strong>Primena<\/strong>: crni luk, vla\u0161ac, jabuka, \u0161ljiva, uljana repica<\/p>","protected":false},"excerpt":{"rendered":"<p>Sistemi\u010dni insekticid sa kontaktnim i digestivnim delovanjem, namenjen za suzbijanje \u0161teto\u010dina u vo\u0107arstvu, ratarstvu i povrtarstvu<\/p>","protected":false},"featured_media":7393,"template":"","meta":[],"product_brand":[414],"product_cat":[480],"product_tag":[488],"class_list":{"0":"post-7284","1":"product","2":"type-product","3":"status-publish","4":"has-post-thumbnail","6":"product_brand-galenika","7":"product_cat-insekticidi-2","8":"product_tag-acetamiprid-deltametrin","10":"first","11":"outofstock","12":"purchasable","13":"product-type-simple"},"_links":{"self":[{"href":"https:\/\/agrarpetrovic.rs\/en\/wp-json\/wp\/v2\/product\/7284","targetHints":{"allow":["GET"]}}],"collection":[{"href":"https:\/\/agrarpetrovic.rs\/en\/wp-json\/wp\/v2\/product"}],"about":[{"href":"https:\/\/agrarpetrovic.rs\/en\/wp-json\/wp\/v2\/types\/product"}],"wp:featuredmedia":[{"embeddable":true,"href":"https:\/\/agrarpetrovic.rs\/en\/wp-json\/wp\/v2\/media\/7393"}],"wp:attachment":[{"href":"https:\/\/agrarpetrovic.rs\/en\/wp-json\/wp\/v2\/media?parent=7284"}],"wp:term":[{"taxonomy":"product_brand","embeddable":true,"href":"https:\/\/agrarpetrovic.rs\/en\/wp-json\/wp\/v2\/product_brand?post=7284"},{"taxonomy":"product_cat","embeddable":true,"href":"https:\/\/agrarpetrovic.rs\/en\/wp-json\/wp\/v2\/product_cat?post=7284"},{"taxonomy":"product_tag","embeddable":true,"href":"https:\/\/agrarpetrovic.rs\/en\/wp-json\/wp\/v2\/product_tag?post=7284"}],"curies":[{"name":"wp","href":"https:\/\/api.w.org\/{rel}","templated":true}]}}