{"id":7287,"date":"2025-05-18T22:53:04","date_gmt":"2025-05-18T20:53:04","guid":{"rendered":"https:\/\/agrarpetrovic.rs\/proizvod\/kozak-lambda-cihalotrin-50-g-l-50-ml\/"},"modified":"2025-10-27T10:49:17","modified_gmt":"2025-10-27T09:49:17","slug":"kozak-lambda-cihalotrin-50-g-l-50-ml","status":"publish","type":"product","link":"https:\/\/agrarpetrovic.rs\/en\/proizvod\/kozak-lambda-cihalotrin-50-g-l-50-ml\/","title":{"rendered":"KOZAK 50 ml &#8211; Insekticid"},"content":{"rendered":"<p><strong>Klasa<\/strong>: Insekticidi<\/p>\n<p><strong>Aktivne materije: <\/strong>Lambda &#8211; cihalotrin<\/p>\n<p><strong>Proizvo\u0111a\u010d<\/strong>: GALENIKA-FITOFARMACIJA a.d.<\/p>\n<p><strong>Formulacija<\/strong>: koncentrat za emulziju &#8211; EC<\/p>\n<p><strong>Delovanje<\/strong>: Lambda &#8211; cihalotrin je kontaktni i digestivni insekticid iz grupe piretroida. Kao i ostali insekticidi iz ove grupe i ovo jedinjenje deluje na centralni i periferni nervni sistem insekata izazivaju\u0107i na taj na\u010din poreme\u0107aj u protoku nervnih impulsa i paralizu.<\/p>\n<p><strong>Karenca<\/strong>:<\/p>\n<ul>\n<li>3 dana &#8211; tikva, bundeva, tikvica, dinja, lubenica<\/li>\n<li>7 dana &#8211; zelena salata, spana\u0107, blitva, zelje, rukola, radi\u010d, endivija, matovilac, karfiol, brokoli, prokelj, rotkva, rotkvica, sla\u010dica, leska<\/li>\n<li>14 dana &#8211; jabuka, dunja, kupus, \u0161e\u0107erna repa, boranija, pasulj, bob, so\u010divo, gra\u0161ak, sto\u010dni gra\u0161ak<\/li>\n<li>28 dana &#8211; malina, jagoda, kupina, borovnica<\/li>\n<li>35 dana &#8211; p\u0161enica<\/li>\n<\/ul>\n<p><strong>Koncentracija<\/strong>: 0,01-0,03% 0.15-0.25 l\/ha<\/p>\n<p><strong>Primena<\/strong>: kupus, \u0161e\u0107erna repa, malina, jagoda, kupina, borovnica, tikva, bundeva, tikvica, dinja, lubenica, boranija, pasulj, bob, so\u010divo, gra\u0161ak, sto\u010dni gra\u0161ak, zelena salata, spana\u0107, blitva, zelje, rukola, radi\u010d, endivija, matovilac, karfiol, brokoli, prokelj, rotkva, rotkvica, sla\u010dica, leska, jabuka, dunja, p\u0161enica<\/p>","protected":false},"excerpt":{"rendered":"<p>Kontaktni insekticid \u0161irokog spektra delovanja za folijarnu primenu u ratarstvu, povrtarstvu i vo\u0107arstvu.<\/p>","protected":false},"featured_media":7401,"template":"","meta":[],"product_brand":[414],"product_cat":[480],"product_tag":[489],"class_list":{"0":"post-7287","1":"product","2":"type-product","3":"status-publish","4":"has-post-thumbnail","6":"product_brand-galenika","7":"product_cat-insekticidi-2","8":"product_tag-lambda-cihalotrin","10":"first","11":"instock","12":"featured","13":"purchasable","14":"product-type-simple"},"_links":{"self":[{"href":"https:\/\/agrarpetrovic.rs\/en\/wp-json\/wp\/v2\/product\/7287","targetHints":{"allow":["GET"]}}],"collection":[{"href":"https:\/\/agrarpetrovic.rs\/en\/wp-json\/wp\/v2\/product"}],"about":[{"href":"https:\/\/agrarpetrovic.rs\/en\/wp-json\/wp\/v2\/types\/product"}],"wp:featuredmedia":[{"embeddable":true,"href":"https:\/\/agrarpetrovic.rs\/en\/wp-json\/wp\/v2\/media\/7401"}],"wp:attachment":[{"href":"https:\/\/agrarpetrovic.rs\/en\/wp-json\/wp\/v2\/media?parent=7287"}],"wp:term":[{"taxonomy":"product_brand","embeddable":true,"href":"https:\/\/agrarpetrovic.rs\/en\/wp-json\/wp\/v2\/product_brand?post=7287"},{"taxonomy":"product_cat","embeddable":true,"href":"https:\/\/agrarpetrovic.rs\/en\/wp-json\/wp\/v2\/product_cat?post=7287"},{"taxonomy":"product_tag","embeddable":true,"href":"https:\/\/agrarpetrovic.rs\/en\/wp-json\/wp\/v2\/product_tag?post=7287"}],"curies":[{"name":"wp","href":"https:\/\/api.w.org\/{rel}","templated":true}]}}