{"id":7293,"date":"2025-05-18T22:53:06","date_gmt":"2025-05-18T20:53:06","guid":{"rendered":"https:\/\/agrarpetrovic.rs\/proizvod\/talent-flonikamid-500g-kg-14-g\/"},"modified":"2025-10-23T11:55:33","modified_gmt":"2025-10-23T09:55:33","slug":"talent-flonikamid-500g-kg-14-g","status":"publish","type":"product","link":"https:\/\/agrarpetrovic.rs\/en\/proizvod\/talent-flonikamid-500g-kg-14-g\/","title":{"rendered":"TALENT 14 g &#8211; Insekticid"},"content":{"rendered":"<p><strong>Delovanje<\/strong>: Flonikamid je insekticid sa kontaktnim i digestivnim delovanjem koji pripada grupi piridimkarboksamida. Pripada grupi modulatora hordotonalnih organa kod insekata (IRAC: 29). Delovanjem na hordotonalne (\u010dulne) organe, dolazi do dezorijentacije insekata, pri \u010demu stilet postaje nefunkcionalan, prestaje ishrana i dolazi do uginu\u0107a nakon nekoliko dana usled izgladnjivanja (,,anti-feeding\u2019\u2019). Specifi\u010dan mehanizam delovanja onemogu\u0107ava razvoj ukr\u0161tene rezistentnosti sa insekticidima za istu namenu. U biljkama se kre\u0107e translaminarno i akropetalno. Jedan sat od usvlajanja pokazuje kontaktno i digestivno delovanje, a nakon dva do pet dana dolazi do uginu\u0107a \u0161tetnog insekta usled izgladnjivanja.<\/p>\n<p><strong>Karenca<\/strong>:<\/p>\n<ul>\n<li>1 dan &#8211; paradajz<\/li>\n<li>\u00a0dana &#8211; paprika<\/li>\n<li>4 dana &#8211; vi\u0161nja<\/li>\n<li>1 dan &#8211; jabuka, dunja, breskva<\/li>\n<\/ul>\n<p><strong>Koncentracija<\/strong>: 0,06-0,14 kg\/ha<\/p>\n<p><strong>Primena<\/strong>: paradajz, paprika, vi\u0161nja, jabuka, dunja, breskva<\/p>","protected":false},"excerpt":{"rendered":"<p>Insekticid sa sistemi\u010dnim i translaminarnim delovanjem, namenjen za suzbijanje biljnih va\u0161i u vo\u0107arstvu i povrtarstvu.<\/p>\n<p><strong>Klasa<\/strong>: Insekticidi<\/p>\n<div class=\"data_title\"><strong>Aktivne materija: <\/strong>Flonikamid<\/div>\n<p><strong>Proizvo\u0111a\u010d<\/strong>: GALENIKA-FITOFARMACIJA a.d.<\/p>\n<p><strong>Formulacija<\/strong>: vododisperzibilne granule &#8211; WG<\/p>","protected":false},"featured_media":7340,"template":"","meta":[],"product_brand":[414],"product_cat":[480],"product_tag":[491],"class_list":{"0":"post-7293","1":"product","2":"type-product","3":"status-publish","4":"has-post-thumbnail","6":"product_brand-galenika","7":"product_cat-insekticidi-2","8":"product_tag-flonikamid","10":"first","11":"outofstock","12":"purchasable","13":"product-type-simple"},"_links":{"self":[{"href":"https:\/\/agrarpetrovic.rs\/en\/wp-json\/wp\/v2\/product\/7293","targetHints":{"allow":["GET"]}}],"collection":[{"href":"https:\/\/agrarpetrovic.rs\/en\/wp-json\/wp\/v2\/product"}],"about":[{"href":"https:\/\/agrarpetrovic.rs\/en\/wp-json\/wp\/v2\/types\/product"}],"wp:featuredmedia":[{"embeddable":true,"href":"https:\/\/agrarpetrovic.rs\/en\/wp-json\/wp\/v2\/media\/7340"}],"wp:attachment":[{"href":"https:\/\/agrarpetrovic.rs\/en\/wp-json\/wp\/v2\/media?parent=7293"}],"wp:term":[{"taxonomy":"product_brand","embeddable":true,"href":"https:\/\/agrarpetrovic.rs\/en\/wp-json\/wp\/v2\/product_brand?post=7293"},{"taxonomy":"product_cat","embeddable":true,"href":"https:\/\/agrarpetrovic.rs\/en\/wp-json\/wp\/v2\/product_cat?post=7293"},{"taxonomy":"product_tag","embeddable":true,"href":"https:\/\/agrarpetrovic.rs\/en\/wp-json\/wp\/v2\/product_tag?post=7293"}],"curies":[{"name":"wp","href":"https:\/\/api.w.org\/{rel}","templated":true}]}}