{"id":7296,"date":"2025-05-18T22:53:06","date_gmt":"2025-05-18T20:53:06","guid":{"rendered":"https:\/\/agrarpetrovic.rs\/proizvod\/tekton-teflutrin-15-g-kg-20-kg\/"},"modified":"2025-10-23T11:55:33","modified_gmt":"2025-10-23T09:55:33","slug":"tekton-teflutrin-15-g-kg-20-kg","status":"publish","type":"product","link":"https:\/\/agrarpetrovic.rs\/en\/proizvod\/tekton-teflutrin-15-g-kg-20-kg\/","title":{"rendered":"TEKTON 20 kg &#8211; Insekticid"},"content":{"rendered":"<p><strong>Klasa<\/strong>: Insekticidi<\/p>\n<div class=\"data_title\"><strong>Aktivne materije: <\/strong>Teflutrin<\/div>\n<p><strong>Proizvo\u0111a\u010d<\/strong>: GALENIKA-FITOFARMACIJA a.d.<\/p>\n<p><strong>Formulacija<\/strong>: granule &#8211; GR<\/p>\n<p><strong>Delovanje<\/strong>: Tekton je granulisani insekticid koji sadr\u017ei aktivnu supstancu teflutrin, koja spada u najnoviju grupu piretroida III generacije. Upotrebljava se za kontrolu zemlji\u0161nih \u0161teto\u010dina iz razli\u010ditih familija insekata. Ispoljava izvanredno kontaktno i respiratorno delovanje. Zbog svoje isparljivosti karakteri\u0161e ga i izvesno repelentno delovanje na insekte u zemlji\u0161tu i u povr\u0161inskim slojevima. Dugotrajno delovanje insekticida Tekton obezbe\u0111uje za\u0161titu semena i mladih biljaka od najzna\u010dajnijih \u0161teto\u010dina.<\/p>\n<p><strong>Karenca<\/strong>: Obezbe\u0111ena vremenom primene &#8211; \u0161e\u0107erna repa, suncokret, kukuruz, mrkva, celer, per\u0161un<\/p>\n<p><strong>Koncentracija<\/strong>: 5-10 kg\/ha<\/p>\n<p><strong>Primena<\/strong>: \u0161e\u0107erna repa, suncokret, kukuruz, mrkva, per\u0161un, celer<\/p>","protected":false},"excerpt":{"rendered":"<p>Insekticid za suzbijanje zemlji\u0161nih \u0161teto\u010dina u ratarstvu i povrtarstvu<\/p>","protected":false},"featured_media":7328,"template":"","meta":[],"product_brand":[414],"product_cat":[480],"product_tag":[483],"class_list":{"0":"post-7296","1":"product","2":"type-product","3":"status-publish","4":"has-post-thumbnail","6":"product_brand-galenika","7":"product_cat-insekticidi-2","8":"product_tag-teflutrin","10":"first","11":"outofstock","12":"purchasable","13":"product-type-simple"},"_links":{"self":[{"href":"https:\/\/agrarpetrovic.rs\/en\/wp-json\/wp\/v2\/product\/7296","targetHints":{"allow":["GET"]}}],"collection":[{"href":"https:\/\/agrarpetrovic.rs\/en\/wp-json\/wp\/v2\/product"}],"about":[{"href":"https:\/\/agrarpetrovic.rs\/en\/wp-json\/wp\/v2\/types\/product"}],"wp:featuredmedia":[{"embeddable":true,"href":"https:\/\/agrarpetrovic.rs\/en\/wp-json\/wp\/v2\/media\/7328"}],"wp:attachment":[{"href":"https:\/\/agrarpetrovic.rs\/en\/wp-json\/wp\/v2\/media?parent=7296"}],"wp:term":[{"taxonomy":"product_brand","embeddable":true,"href":"https:\/\/agrarpetrovic.rs\/en\/wp-json\/wp\/v2\/product_brand?post=7296"},{"taxonomy":"product_cat","embeddable":true,"href":"https:\/\/agrarpetrovic.rs\/en\/wp-json\/wp\/v2\/product_cat?post=7296"},{"taxonomy":"product_tag","embeddable":true,"href":"https:\/\/agrarpetrovic.rs\/en\/wp-json\/wp\/v2\/product_tag?post=7296"}],"curies":[{"name":"wp","href":"https:\/\/api.w.org\/{rel}","templated":true}]}}