{"id":7297,"date":"2025-05-18T22:53:06","date_gmt":"2025-05-18T20:53:06","guid":{"rendered":"https:\/\/agrarpetrovic.rs\/proizvod\/tonus-acetamiprid-200-g-kg-1-kg\/"},"modified":"2025-10-23T11:55:33","modified_gmt":"2025-10-23T09:55:33","slug":"tonus-acetamiprid-200-g-kg-1-kg","status":"publish","type":"product","link":"https:\/\/agrarpetrovic.rs\/en\/proizvod\/tonus-acetamiprid-200-g-kg-1-kg\/","title":{"rendered":"TONUS 1 kg &#8211; Insekticid"},"content":{"rendered":"<p><strong>Klasa<\/strong>: Insekticidi<\/p>\n<div class=\"product_data_segment\">\n<div class=\"data_title\"><strong>Aktivne materije: <\/strong>Acetamiprid<\/div>\n<\/div>\n<div class=\"product_data_segment\"><\/div>\n<p><strong>Proizvo\u0111a\u010d<\/strong>: GALENIKA-FITOFARMACIJA a.d.<\/p>\n<p><strong>Formulacija<\/strong>: vodorastvorljivo pra\u0161ivo &#8211; SP<\/p>\n<p><strong>Delovanje<\/strong>: Kao i ostali neurotoksi\u010dni insekticidi iz hemijske grupe neonikotinoida i acetamiprid deluje kontaktno i digestivno. Na\u010din delovanja neonikotinoida je sli\u010dan delovanju prirodnog nikotina. Selektivno se vezuju i reaguju sa nikotinskim acetilholin receptorima insekata prouzrokuju\u0107i prekid procesa preno\u0161enja nervnih impulsa, \u0161to u krajnjem ishodu dovodi do njihovog uginu\u0107a. Zbog specifi\u010dnog mehanizma delovanja suzbija insekte rezistentne na organofosforne insekticide. Sa stanovi\u0161ta neposredne primene, vrlo povoljne fizi\u010dko-hemijske osobine ove aktivne supstance uti\u010du na njegovo izrazito usvajanje i translaminarno kretanje u biljci. Budu\u0107i da neonikotinoidi blokiraju specifi\u010dni nervni put koji je znatno zastupljeniji kod insekata nego kod \u017eivotinja, ovi insekticidi imaju izrazito povoljne toksikolo\u0161ke osobine za sisare.<\/p>\n<p><strong>Karenca<\/strong>: 3 dana &#8211; tikva, bundeva, tikvica, dinja, lubenica<br \/>\n7 dana &#8211; plavi patlid\u017ean, blitva, zelje, rukola, radi\u010d, matovilac, karfiol, brokoli, prokelj<br \/>\n14 dana &#8211; krompir, kupus, duvan, paprika, crni luk, vi\u0161nja, boranija, pasulj, bob, gra\u0161ak, sto\u010dni gra\u0161ak, breskva, kajsija, malina, jagoda<br \/>\n28 dana &#8211; leska, jabuka, lucerka<\/p>\n<p><strong>Koncentracija<\/strong>:<\/p>\n<ul>\n<li>0,125-0,4 kg\/ha<\/li>\n<li>0.02-0.025%<\/li>\n<\/ul>\n<p><strong>Primena<\/strong>: vi\u0161nja, breskva, kajsija, malina, jagoda, leska, jabuka, krompir, kupus, duvan, paprika, boranija, pasulj, bob, gra\u0161ak, sto\u010dni gra\u0161ak, crni luk, lucerka, tikva, bundeva, tikvica, dinja, lubenica, plavi patlid\u017ean, zelje, rukola, radi\u010d, matovilac, karfiol, brokoli, prokelj<\/p>","protected":false},"excerpt":{"rendered":"<p>Sistemi\u010dni insekticid \u0161irokog spektra delovanja za suzbijanje \u0161teto\u010dina u povrtarstvu, vo\u0107arstvu i duvanu.<\/p>","protected":false},"featured_media":7335,"template":"","meta":[],"product_brand":[414],"product_cat":[480],"product_tag":[492],"class_list":{"0":"post-7297","1":"product","2":"type-product","3":"status-publish","4":"has-post-thumbnail","6":"product_brand-galenika","7":"product_cat-insekticidi-2","8":"product_tag-acetamiprid","10":"first","11":"outofstock","12":"purchasable","13":"product-type-simple"},"_links":{"self":[{"href":"https:\/\/agrarpetrovic.rs\/en\/wp-json\/wp\/v2\/product\/7297","targetHints":{"allow":["GET"]}}],"collection":[{"href":"https:\/\/agrarpetrovic.rs\/en\/wp-json\/wp\/v2\/product"}],"about":[{"href":"https:\/\/agrarpetrovic.rs\/en\/wp-json\/wp\/v2\/types\/product"}],"wp:featuredmedia":[{"embeddable":true,"href":"https:\/\/agrarpetrovic.rs\/en\/wp-json\/wp\/v2\/media\/7335"}],"wp:attachment":[{"href":"https:\/\/agrarpetrovic.rs\/en\/wp-json\/wp\/v2\/media?parent=7297"}],"wp:term":[{"taxonomy":"product_brand","embeddable":true,"href":"https:\/\/agrarpetrovic.rs\/en\/wp-json\/wp\/v2\/product_brand?post=7297"},{"taxonomy":"product_cat","embeddable":true,"href":"https:\/\/agrarpetrovic.rs\/en\/wp-json\/wp\/v2\/product_cat?post=7297"},{"taxonomy":"product_tag","embeddable":true,"href":"https:\/\/agrarpetrovic.rs\/en\/wp-json\/wp\/v2\/product_tag?post=7297"}],"curies":[{"name":"wp","href":"https:\/\/api.w.org\/{rel}","templated":true}]}}